{"id":19900,"date":"2017-02-09T12:56:16","date_gmt":"2017-02-09T12:56:16","guid":{"rendered":"https:\/\/edron.edu.mx\/mision-vision-y-valores\/"},"modified":"2024-08-29T20:13:46","modified_gmt":"2024-08-29T20:13:46","slug":"mision-vision-y-valores","status":"publish","type":"page","link":"https:\/\/edron.edu.mx\/es\/mision-vision-y-valores\/","title":{"rendered":"Misi\u00f3n, Visi\u00f3n y Valores"},"content":{"rendered":"<div class=\"wpb-content-wrapper\"><p>[vc_row][vc_column][vc_custom_heading text=&#8221;Misi\u00f3n, Visi\u00f3n y Valores&#8221; font_container=&#8221;tag:h1|text_align:center|color:%23002ca8&#8243; use_theme_fonts=&#8221;yes&#8221; css=&#8221;.vc_custom_1658103595292{margin-top: 0px !important;margin-bottom: 20px !important;}&#8221;][vc_empty_space height=&#8221;50px&#8221;][vc_custom_heading text=&#8221;Nuestros valores fundamentales&#8221; font_container=&#8221;tag:h2|text_align:left|color:%23002ca8&#8243; use_theme_fonts=&#8221;yes&#8221; css=&#8221;.vc_custom_1660166149964{margin-top: 0px !important;margin-bottom: 20px !important;}&#8221;][vc_empty_space height=&#8221;10px&#8221;][vc_custom_heading text=&#8221;Los valores fundamentales de The Edron Academy son el respeto, la actitud positiva, la honestidad, la confianza, la responsabilidad y la equidad.&#8221; font_container=&#8221;tag:h5|text_align:left|color:%23000000&#8243; use_theme_fonts=&#8221;yes&#8221;][vc_empty_space height=&#8221;20px&#8221;][vc_column_text]<em>Nuestros valores fundamentales nos unen como comunidad y crean un entorno enriquecedor que permite a cada estudiante desarrollar su potencial.<\/em>[\/vc_column_text][vc_row_inner][vc_column_inner width=&#8221;1\/6&#8243;][vc_single_image image=&#8221;601&#8243; img_size=&#8221;full&#8221; alignment=&#8221;center&#8221;][\/vc_column_inner][vc_column_inner width=&#8221;1\/6&#8243;][vc_single_image image=&#8221;600&#8243; img_size=&#8221;full&#8221; alignment=&#8221;center&#8221;][\/vc_column_inner][vc_column_inner width=&#8221;1\/6&#8243;][vc_single_image image=&#8221;603&#8243; img_size=&#8221;full&#8221; alignment=&#8221;center&#8221;][\/vc_column_inner][vc_column_inner width=&#8221;1\/6&#8243;][vc_single_image image=&#8221;605&#8243; img_size=&#8221;full&#8221; alignment=&#8221;center&#8221;][\/vc_column_inner][vc_column_inner width=&#8221;1\/6&#8243;][vc_single_image image=&#8221;604&#8243; img_size=&#8221;full&#8221; alignment=&#8221;center&#8221;][\/vc_column_inner][vc_column_inner width=&#8221;1\/6&#8243;][vc_single_image image=&#8221;602&#8243; img_size=&#8221;full&#8221; alignment=&#8221;center&#8221;][\/vc_column_inner][\/vc_row_inner][vc_tta_tabs style=&#8221;flat&#8221; shape=&#8221;square&#8221; color=&#8221;blue&#8221; spacing=&#8221;4&#8243; gap=&#8221;2&#8243; alignment=&#8221;center&#8221; active_section=&#8221;1&#8243; no_fill_content_area=&#8221;true&#8221; el_class=&#8221;wh-custom-tabs&#8221;][vc_tta_section title=&#8221;Respeto&#8221; tab_id=&#8221;1724013554800-9a2d63b2-bb5362f1-dadc&#8221;][vc_column_text]<\/p>\n<p style=\"text-align: justify;\">Ac\u00e9ptate y val\u00f3rate a ti mismo y a todos los miembros de la comunidad tal y como son, independientemente de las diferencias. Esto significa tratar a los dem\u00e1s con la misma consideraci\u00f3n que te gustar\u00eda que te trataran a ti mismo. Respeto tambi\u00e9n significa cuidar tu entorno.<\/p>\n<p>[\/vc_column_text][\/vc_tta_section][vc_tta_section title=&#8221;Actitud positiva&#8221; tab_id=&#8221;1724013554806-e1123dab-d83f62f1-dadc&#8221;][vc_column_text]<\/p>\n<p style=\"text-align: justify;\">Aprende a manejar cada situaci\u00f3n que encuentres y mantente abierto al cambio. Ten una perspectiva positiva siendo entusiasta y optimista. Aprovecha cada oportunidad y trata de ser mejor cada d\u00eda.<\/p>\n<p>[\/vc_column_text][\/vc_tta_section][vc_tta_section title=&#8221;Honestidad&#8221; tab_id=&#8221;1724013920055-f2bf0b17-cc9262f1-dadc&#8221;][vc_column_text]S\u00e9 siempre veraz en lo que dices y haces. Reconoce tus errores y aprende de ellos.[\/vc_column_text][\/vc_tta_section][vc_tta_section title=&#8221;Confianza&#8221; tab_id=&#8221;1724013970823-26d0c8bf-769662f1-dadc&#8221;][vc_column_text]<\/p>\n<p style=\"text-align: justify;\">Ayuda a crear y mantener un ambiente positivo donde t\u00fa y los dem\u00e1s puedan sentirse motivados para desarrollarse y no tengan miedo de cometer errores<\/p>\n<p>[\/vc_column_text][\/vc_tta_section][vc_tta_section title=&#8221;Responsabilidad&#8221; tab_id=&#8221;1724014024570-47c7be04-7b5a62f1-dadc&#8221;][vc_column_text]<\/p>\n<p style=\"text-align: justify;\">Ejerce tus derechos, pero igualmente acepta que tienes responsabilidades y que tus actos tienen consecuencias. Comprom\u00e9tete a ayudar a los dem\u00e1s siempre que puedas.<\/p>\n<p>[\/vc_column_text][\/vc_tta_section][vc_tta_section title=&#8221;Equidad&#8221; tab_id=&#8221;1724014081398-f90d65d4-c23062f1-dadc&#8221;][vc_column_text]<\/p>\n<p style=\"text-align: justify;\">Trata a todos de la misma manera independientemente de su religi\u00f3n, nacionalidad, g\u00e9nero, edad, orientaci\u00f3n sexual, apariencia f\u00edsica, estatus social, nivel de habilidad o rol en la comunidad.<\/p>\n<p>[\/vc_column_text][\/vc_tta_section][\/vc_tta_tabs][\/vc_column][\/vc_row][vc_row][vc_column css=&#8221;.vc_custom_1489757662264{margin-bottom: 0px !important;}&#8221;][vc_empty_space][vc_custom_heading text=&#8221;Misi\u00f3n&#8221; font_container=&#8221;tag:h2|text_align:left|color:%23002ca8&#8243; use_theme_fonts=&#8221;yes&#8221; css=&#8221;.vc_custom_1658103648415{margin-top: 0px !important;margin-bottom: 20px !important;}&#8221;][vc_column_text]<\/p>\n<blockquote>\n<p style=\"text-align: justify;\">The Edron Academy shapes conscientious global citizens who think critically and lead with integrity. We celebrate uniqueness, empowering students to be the best that they can be and encouraging them to make a meaningful contribution to a sustainable future. We foster curiosity, resilience, and a love of learning in a happy, safe, student-centred environment.<\/p>\n<\/blockquote>\n<p><!--more-->[\/vc_column_text][vc_empty_space][vc_custom_heading text=&#8221;Visi\u00f3n&#8221; font_container=&#8221;tag:h2|text_align:left|color:%23002ca8&#8243; use_theme_fonts=&#8221;yes&#8221; css=&#8221;.vc_custom_1658103636106{margin-top: 0px !important;margin-bottom: 20px !important;}&#8221;][vc_column_text]<\/p>\n<blockquote>\n<p style=\"text-align: justify;\">Our vision is to provide a progressive and nurturing environment where each student is valued for their unique abilities and character. Based on the best of British education, our international curriculum promotes collaboration, creativity and sustainability. Within our multicultural and inclusive community, we ensure that students are emotionally secure, academically successful and well prepared for future challenges.<\/p>\n<\/blockquote>\n<p>[\/vc_column_text][vc_separator border_width=&#8221;4&#8243;][vc_single_image image=&#8221;21484&#8243; img_size=&#8221;full&#8221; alignment=&#8221;center&#8221; css_animation=&#8221;fadeIn&#8221;][\/vc_column][\/vc_row][vc_row gap=&#8221;10&#8243; disable_element=&#8221;yes&#8221; css=&#8221;.vc_custom_1724101750038{margin-bottom: 15px !important;}&#8221;][vc_column width=&#8221;1\/2&#8243; css=&#8221;.vc_custom_1489757736243{margin-bottom: 0px !important;}&#8221;]\n\t\t\t\t\t<div class=\"wh-theme-icon vc_custom_1487079174674  scp_theme_icon-a21b78d7248bbb9a7a0fd3a4b079a3e1\">\n\t\t\t\t<i class=\"icon-edclock-one\"><\/i>\n\t\t\t<\/div>\n\t\t\t\t[vc_custom_heading text=&#8221;Respeto&#8221; font_container=&#8221;tag:h6|font_size:14px|text_align:left|color:%23000000&#8243; use_theme_fonts=&#8221;yes&#8221; css=&#8221;.vc_custom_1487081134765{margin-bottom: 10px !important;padding-left: 18px !important;}&#8221;][vc_column_text css=&#8221;.vc_custom_1487079688721{margin-bottom: 0px !important;padding-left: 18px !important;}&#8221;]<\/p>\n<p align=\"left\">It started out as a preschool with five students in a church located in the heart of Princeton. Growing rapidly, the school moved into a larger church building on All Saints.<\/p>\n<p>[\/vc_column_text][\/vc_column][vc_column width=&#8221;1\/2&#8243; css=&#8221;.vc_custom_1489757740544{margin-bottom: 0px !important;}&#8221;]\n\t\t\t\t\t<div class=\"wh-theme-icon vc_custom_1487079174674  scp_theme_icon-a21b78d7248bbb9a7a0fd3a4b079a3e1\">\n\t\t\t\t<i class=\"icon-edclock-one\"><\/i>\n\t\t\t<\/div>\n\t\t\t\t[vc_custom_heading text=&#8221;Responsabilidad&#8221; font_container=&#8221;tag:h6|font_size:14px|text_align:left|color:%23000000&#8243; use_theme_fonts=&#8221;yes&#8221; css=&#8221;.vc_custom_1487081140061{margin-bottom: 10px !important;padding-left: 18px !important;}&#8221;][vc_column_text css=&#8221;.vc_custom_1487079683640{margin-bottom: 0px !important;padding-left: 18px !important;}&#8221;]<\/p>\n<p align=\"left\">It started out as a preschool with five students in a church located in the heart of Princeton. Growing rapidly, the school moved into a larger church.<\/p>\n<p>[\/vc_column_text][\/vc_column][\/vc_row]<\/p>\n<\/div>","protected":false},"excerpt":{"rendered":"<p>[vc_row][vc_column][vc_custom_heading text=&#8221;Misi\u00f3n, Visi\u00f3n y Valores&#8221; font_container=&#8221;tag:h1|text_align:center|color:%23002ca8&#8243; use_theme_fonts=&#8221;yes&#8221; css=&#8221;.vc_custom_1658103595292{margin-top: 0px !important;margin-bottom: 20px !important;}&#8221;][vc_empty_space height=&#8221;50px&#8221;][vc_custom_heading text=&#8221;Nuestros valores fundamentales&#8221; font_container=&#8221;tag:h2|text_align:left|color:%23002ca8&#8243; use_theme_fonts=&#8221;yes&#8221; css=&#8221;.vc_custom_1660166149964{margin-top: 0px !important;margin-bottom: 20px !important;}&#8221;][vc_empty_space height=&#8221;10px&#8221;][vc_custom_heading text=&#8221;Los valores fundamentales de The Edron Academy son el respeto, la actitud positiva, la honestidad, la confianza, la responsabilidad y la&nbsp;<a href=\"https:\/\/edron.edu.mx\/es\/mision-vision-y-valores\/\">&hellip;<\/a><\/p>\n","protected":false},"author":3,"featured_media":0,"parent":21541,"menu_order":3,"comment_status":"closed","ping_status":"closed","template":"template-sidebar-right-childpages.php","meta":{"nf_dc_page":"","footnotes":""},"class_list":["post-19900","page","type-page","status-publish","hentry","odd"],"yoast_head":"<!-- This site is optimized with the Yoast SEO plugin v27.4 - https:\/\/yoast.com\/product\/yoast-seo-wordpress\/ -->\n<title>Misi\u00f3n, Visi\u00f3n y Valores - The Edron Academy (El Colegio Brit\u00e1nico, A.C.)<\/title>\n<meta name=\"robots\" content=\"index, follow, max-snippet:-1, max-image-preview:large, max-video-preview:-1\" \/>\n<link rel=\"canonical\" href=\"https:\/\/edron.edu.mx\/es\/mision-vision-y-valores\/\" \/>\n<meta property=\"og:locale\" content=\"es_ES\" \/>\n<meta property=\"og:type\" content=\"article\" \/>\n<meta property=\"og:title\" content=\"Misi\u00f3n, Visi\u00f3n y Valores - The Edron Academy (El Colegio Brit\u00e1nico, A.C.)\" \/>\n<meta property=\"og:description\" content=\"[vc_row][vc_column][vc_custom_heading text=&#8221;Misi\u00f3n, Visi\u00f3n y Valores&#8221; font_container=&#8221;tag:h1|text_align:center|color:%23002ca8&#8243; use_theme_fonts=&#8221;yes&#8221; css=&#8221;.vc_custom_1658103595292{margin-top: 0px !important;margin-bottom: 20px !important;}&#8221;][vc_empty_space height=&#8221;50px&#8221;][vc_custom_heading text=&#8221;Nuestros valores fundamentales&#8221; font_container=&#8221;tag:h2|text_align:left|color:%23002ca8&#8243; use_theme_fonts=&#8221;yes&#8221; css=&#8221;.vc_custom_1660166149964{margin-top: 0px !important;margin-bottom: 20px !important;}&#8221;][vc_empty_space height=&#8221;10px&#8221;][vc_custom_heading text=&#8221;Los valores fundamentales de The Edron Academy son el respeto, la actitud positiva, la honestidad, la confianza, la responsabilidad y la&nbsp;&hellip;\" \/>\n<meta property=\"og:url\" content=\"https:\/\/edron.edu.mx\/es\/mision-vision-y-valores\/\" \/>\n<meta property=\"og:site_name\" content=\"The Edron Academy (El Colegio Brit\u00e1nico, A.C.)\" \/>\n<meta property=\"article:publisher\" content=\"https:\/\/www.facebook.com\/TheEdronAcademy\/\" \/>\n<meta property=\"article:modified_time\" content=\"2024-08-29T20:13:46+00:00\" \/>\n<meta name=\"twitter:card\" content=\"summary_large_image\" \/>\n<meta name=\"twitter:site\" content=\"@TheEdronAcademy\" \/>\n<meta name=\"twitter:label1\" content=\"Tiempo de lectura\" \/>\n\t<meta name=\"twitter:data1\" content=\"4 minutos\" \/>\n<script type=\"application\/ld+json\" class=\"yoast-schema-graph\">{\"@context\":\"https:\\\/\\\/schema.org\",\"@graph\":[{\"@type\":\"WebPage\",\"@id\":\"https:\\\/\\\/edron.edu.mx\\\/es\\\/mision-vision-y-valores\\\/\",\"url\":\"https:\\\/\\\/edron.edu.mx\\\/es\\\/mision-vision-y-valores\\\/\",\"name\":\"Misi\u00f3n, Visi\u00f3n y Valores - The Edron Academy (El Colegio Brit\u00e1nico, A.C.)\",\"isPartOf\":{\"@id\":\"https:\\\/\\\/edron.edu.mx\\\/es\\\/#website\"},\"datePublished\":\"2017-02-09T12:56:16+00:00\",\"dateModified\":\"2024-08-29T20:13:46+00:00\",\"breadcrumb\":{\"@id\":\"https:\\\/\\\/edron.edu.mx\\\/es\\\/mision-vision-y-valores\\\/#breadcrumb\"},\"inLanguage\":\"es\",\"potentialAction\":[{\"@type\":\"ReadAction\",\"target\":[\"https:\\\/\\\/edron.edu.mx\\\/es\\\/mision-vision-y-valores\\\/\"]}]},{\"@type\":\"BreadcrumbList\",\"@id\":\"https:\\\/\\\/edron.edu.mx\\\/es\\\/mision-vision-y-valores\\\/#breadcrumb\",\"itemListElement\":[{\"@type\":\"ListItem\",\"position\":1,\"name\":\"Home\",\"item\":\"https:\\\/\\\/edron.edu.mx\\\/es\\\/\"},{\"@type\":\"ListItem\",\"position\":2,\"name\":\"Comunidad\",\"item\":\"https:\\\/\\\/edron.edu.mx\\\/es\\\/?page_id=21541\"},{\"@type\":\"ListItem\",\"position\":3,\"name\":\"Misi\u00f3n, Visi\u00f3n y Valores\"}]},{\"@type\":\"WebSite\",\"@id\":\"https:\\\/\\\/edron.edu.mx\\\/es\\\/#website\",\"url\":\"https:\\\/\\\/edron.edu.mx\\\/es\\\/\",\"name\":\"The Edron Academy (El Colegio Brit\u00e1nico, A.C.)\",\"description\":\"\",\"publisher\":{\"@id\":\"https:\\\/\\\/edron.edu.mx\\\/es\\\/#organization\"},\"potentialAction\":[{\"@type\":\"SearchAction\",\"target\":{\"@type\":\"EntryPoint\",\"urlTemplate\":\"https:\\\/\\\/edron.edu.mx\\\/es\\\/?s={search_term_string}\"},\"query-input\":{\"@type\":\"PropertyValueSpecification\",\"valueRequired\":true,\"valueName\":\"search_term_string\"}}],\"inLanguage\":\"es\"},{\"@type\":\"Organization\",\"@id\":\"https:\\\/\\\/edron.edu.mx\\\/es\\\/#organization\",\"name\":\"The Edron Academy (El Colegio Brit\u00e1nico, A.C.)\",\"url\":\"https:\\\/\\\/edron.edu.mx\\\/es\\\/\",\"logo\":{\"@type\":\"ImageObject\",\"inLanguage\":\"es\",\"@id\":\"https:\\\/\\\/edron.edu.mx\\\/es\\\/#\\\/schema\\\/logo\\\/image\\\/\",\"url\":\"https:\\\/\\\/i0.wp.com\\\/edron.edu.mx\\\/wp-content\\\/uploads\\\/2024\\\/10\\\/The-Edron-Academy.png?fit=418%2C168&ssl=1\",\"contentUrl\":\"https:\\\/\\\/i0.wp.com\\\/edron.edu.mx\\\/wp-content\\\/uploads\\\/2024\\\/10\\\/The-Edron-Academy.png?fit=418%2C168&ssl=1\",\"width\":418,\"height\":168,\"caption\":\"The Edron Academy (El Colegio Brit\u00e1nico, A.C.)\"},\"image\":{\"@id\":\"https:\\\/\\\/edron.edu.mx\\\/es\\\/#\\\/schema\\\/logo\\\/image\\\/\"},\"sameAs\":[\"https:\\\/\\\/www.facebook.com\\\/TheEdronAcademy\\\/\",\"https:\\\/\\\/x.com\\\/TheEdronAcademy\",\"https:\\\/\\\/www.instagram.com\\\/theedronacademy\\\/?hl=es\",\"https:\\\/\\\/www.youtube.com\\\/channel\\\/UCt_qlcLg2lJFtcTy0Vx7LxA\"]}]}<\/script>\n<!-- \/ Yoast SEO plugin. -->","yoast_head_json":{"title":"Misi\u00f3n, Visi\u00f3n y Valores - The Edron Academy (El Colegio Brit\u00e1nico, A.C.)","robots":{"index":"index","follow":"follow","max-snippet":"max-snippet:-1","max-image-preview":"max-image-preview:large","max-video-preview":"max-video-preview:-1"},"canonical":"https:\/\/edron.edu.mx\/es\/mision-vision-y-valores\/","og_locale":"es_ES","og_type":"article","og_title":"Misi\u00f3n, Visi\u00f3n y Valores - The Edron Academy (El Colegio Brit\u00e1nico, A.C.)","og_description":"[vc_row][vc_column][vc_custom_heading text=&#8221;Misi\u00f3n, Visi\u00f3n y Valores&#8221; font_container=&#8221;tag:h1|text_align:center|color:%23002ca8&#8243; use_theme_fonts=&#8221;yes&#8221; css=&#8221;.vc_custom_1658103595292{margin-top: 0px !important;margin-bottom: 20px !important;}&#8221;][vc_empty_space height=&#8221;50px&#8221;][vc_custom_heading text=&#8221;Nuestros valores fundamentales&#8221; font_container=&#8221;tag:h2|text_align:left|color:%23002ca8&#8243; use_theme_fonts=&#8221;yes&#8221; css=&#8221;.vc_custom_1660166149964{margin-top: 0px !important;margin-bottom: 20px !important;}&#8221;][vc_empty_space height=&#8221;10px&#8221;][vc_custom_heading text=&#8221;Los valores fundamentales de The Edron Academy son el respeto, la actitud positiva, la honestidad, la confianza, la responsabilidad y la&nbsp;&hellip;","og_url":"https:\/\/edron.edu.mx\/es\/mision-vision-y-valores\/","og_site_name":"The Edron Academy (El Colegio Brit\u00e1nico, A.C.)","article_publisher":"https:\/\/www.facebook.com\/TheEdronAcademy\/","article_modified_time":"2024-08-29T20:13:46+00:00","twitter_card":"summary_large_image","twitter_site":"@TheEdronAcademy","twitter_misc":{"Tiempo de lectura":"4 minutos"},"schema":{"@context":"https:\/\/schema.org","@graph":[{"@type":"WebPage","@id":"https:\/\/edron.edu.mx\/es\/mision-vision-y-valores\/","url":"https:\/\/edron.edu.mx\/es\/mision-vision-y-valores\/","name":"Misi\u00f3n, Visi\u00f3n y Valores - The Edron Academy (El Colegio Brit\u00e1nico, A.C.)","isPartOf":{"@id":"https:\/\/edron.edu.mx\/es\/#website"},"datePublished":"2017-02-09T12:56:16+00:00","dateModified":"2024-08-29T20:13:46+00:00","breadcrumb":{"@id":"https:\/\/edron.edu.mx\/es\/mision-vision-y-valores\/#breadcrumb"},"inLanguage":"es","potentialAction":[{"@type":"ReadAction","target":["https:\/\/edron.edu.mx\/es\/mision-vision-y-valores\/"]}]},{"@type":"BreadcrumbList","@id":"https:\/\/edron.edu.mx\/es\/mision-vision-y-valores\/#breadcrumb","itemListElement":[{"@type":"ListItem","position":1,"name":"Home","item":"https:\/\/edron.edu.mx\/es\/"},{"@type":"ListItem","position":2,"name":"Comunidad","item":"https:\/\/edron.edu.mx\/es\/?page_id=21541"},{"@type":"ListItem","position":3,"name":"Misi\u00f3n, Visi\u00f3n y Valores"}]},{"@type":"WebSite","@id":"https:\/\/edron.edu.mx\/es\/#website","url":"https:\/\/edron.edu.mx\/es\/","name":"The Edron Academy (El Colegio Brit\u00e1nico, A.C.)","description":"","publisher":{"@id":"https:\/\/edron.edu.mx\/es\/#organization"},"potentialAction":[{"@type":"SearchAction","target":{"@type":"EntryPoint","urlTemplate":"https:\/\/edron.edu.mx\/es\/?s={search_term_string}"},"query-input":{"@type":"PropertyValueSpecification","valueRequired":true,"valueName":"search_term_string"}}],"inLanguage":"es"},{"@type":"Organization","@id":"https:\/\/edron.edu.mx\/es\/#organization","name":"The Edron Academy (El Colegio Brit\u00e1nico, A.C.)","url":"https:\/\/edron.edu.mx\/es\/","logo":{"@type":"ImageObject","inLanguage":"es","@id":"https:\/\/edron.edu.mx\/es\/#\/schema\/logo\/image\/","url":"https:\/\/i0.wp.com\/edron.edu.mx\/wp-content\/uploads\/2024\/10\/The-Edron-Academy.png?fit=418%2C168&ssl=1","contentUrl":"https:\/\/i0.wp.com\/edron.edu.mx\/wp-content\/uploads\/2024\/10\/The-Edron-Academy.png?fit=418%2C168&ssl=1","width":418,"height":168,"caption":"The Edron Academy (El Colegio Brit\u00e1nico, A.C.)"},"image":{"@id":"https:\/\/edron.edu.mx\/es\/#\/schema\/logo\/image\/"},"sameAs":["https:\/\/www.facebook.com\/TheEdronAcademy\/","https:\/\/x.com\/TheEdronAcademy","https:\/\/www.instagram.com\/theedronacademy\/?hl=es","https:\/\/www.youtube.com\/channel\/UCt_qlcLg2lJFtcTy0Vx7LxA"]}]}},"jetpack_sharing_enabled":true,"_links":{"self":[{"href":"https:\/\/edron.edu.mx\/es\/wp-json\/wp\/v2\/pages\/19900","targetHints":{"allow":["GET"]}}],"collection":[{"href":"https:\/\/edron.edu.mx\/es\/wp-json\/wp\/v2\/pages"}],"about":[{"href":"https:\/\/edron.edu.mx\/es\/wp-json\/wp\/v2\/types\/page"}],"author":[{"embeddable":true,"href":"https:\/\/edron.edu.mx\/es\/wp-json\/wp\/v2\/users\/3"}],"replies":[{"embeddable":true,"href":"https:\/\/edron.edu.mx\/es\/wp-json\/wp\/v2\/comments?post=19900"}],"version-history":[{"count":5,"href":"https:\/\/edron.edu.mx\/es\/wp-json\/wp\/v2\/pages\/19900\/revisions"}],"predecessor-version":[{"id":22183,"href":"https:\/\/edron.edu.mx\/es\/wp-json\/wp\/v2\/pages\/19900\/revisions\/22183"}],"up":[{"embeddable":true,"href":"https:\/\/edron.edu.mx\/es\/wp-json\/wp\/v2\/pages\/21541"}],"wp:attachment":[{"href":"https:\/\/edron.edu.mx\/es\/wp-json\/wp\/v2\/media?parent=19900"}],"curies":[{"name":"wp","href":"https:\/\/api.w.org\/{rel}","templated":true}]}}