{"id":19905,"date":"2022-07-17T16:48:31","date_gmt":"2022-07-17T16:48:31","guid":{"rendered":"https:\/\/edron.edu.mx\/historia\/"},"modified":"2024-08-19T21:01:24","modified_gmt":"2024-08-19T21:01:24","slug":"historia","status":"publish","type":"page","link":"https:\/\/edron.edu.mx\/es\/historia\/","title":{"rendered":"Historia"},"content":{"rendered":"<div class=\"wpb-content-wrapper\"><p>[vc_row][vc_column css=&#8221;.vc_custom_1490017810346{margin-bottom: 0px !important;}&#8221;][vc_custom_heading text=&#8221;Historia&#8221; font_container=&#8221;tag:h1|text_align:center|color:%23002ca8&#8243; use_theme_fonts=&#8221;yes&#8221; css=&#8221;.vc_custom_1661011026778{margin-top: 0px !important;margin-bottom: 20px !important;}&#8221;][vc_empty_space height=&#8221;40px&#8221;][vc_custom_heading text=&#8221;Fundado en 1963 por Edward Foulkes y Ronald Stech, The Edron Academy (El Colegio Brit\u00e1nico, A.C.) se estableci\u00f3 con una visi\u00f3n \u00fanica: crear una comunidad de aprendizaje en la que cada ni\u00f1o est\u00e9 seguro, sea feliz y tenga \u00e9xito.&#8221; font_container=&#8221;tag:h5|text_align:justify&#8221; use_theme_fonts=&#8221;yes&#8221; css=&#8221;.vc_custom_1658086936386{margin-top: 0px !important;margin-bottom: 20px !important;}&#8221;][\/vc_column][\/vc_row][vc_row css=&#8221;.vc_custom_1487939485688{margin-bottom: 15px !important;}&#8221;][vc_column width=&#8221;1\/2&#8243; css=&#8221;.vc_custom_1487245046801{padding-top: 20px !important;}&#8221;][vc_column_text css=&#8221;.vc_custom_1670348520839{padding-left: 15px !important;}&#8221;]<\/p>\n<p style=\"text-align: justify;\">Aunque el Colegio ha cambiado de ubicaci\u00f3n para recibir a un mayor n\u00famero de estudiantes, la visi\u00f3n original sigue viva hoy en d\u00eda en forma de nuestros valores Edron. Estos siguen siendo la base de nuestro enfoque de trabajo con los j\u00f3venes y son lo que nos une como comunidad.<\/p>\n<p style=\"text-align: justify;\">The Edron Academy es el Colegio internacional brit\u00e1nico m\u00e1s antiguo de la Ciudad de M\u00e9xico y se gestiona sin fines de lucro. Esto asegura que todos los ingresos y recursos del Colegio se destinen a asegurar que la calidad de la ense\u00f1anza y el aprendizaje sean siempre una prioridad y de la m\u00e1s alta calidad posible.<\/p>\n<p style=\"text-align: justify;\">Desde su fundaci\u00f3n en 1963, The Edron Academy ha sido un Colegio \u00fanico con un enfoque internacional y progresista. Estamos orgullosos de estar incorporados a la Secretar\u00eda de Educaci\u00f3n P\u00fablica de M\u00e9xico, as\u00ed como de ser un Colegio del Mundo IB desde 1995 y un centro Cambridge IGCSE. Estas afiliaciones nos siguen permitiendo ofrecer un plan de estudios riguroso, equilibrado y reconocido internacionalmente para todos sus alumnos.<\/p>\n<p style=\"text-align: justify;\">Acreditados por el Consejo de Colegios Internacionales Brit\u00e1nicos (COBIS) en 2014, continuamos trabajando con los m\u00e1s altos est\u00e1ndares internacionales y celebrando lo mejor de sus ra\u00edces brit\u00e1nicas y mexicanas.<\/p>\n<p>[\/vc_column_text][\/vc_column][vc_column width=&#8221;1\/2&#8243; css=&#8221;.vc_custom_1490170268641{margin-bottom: 0px !important;}&#8221;][vc_empty_space][vc_single_image image=&#8221;19664&#8243; img_size=&#8221;full&#8221; css_animation=&#8221;fadeIn&#8221; css=&#8221;.vc_custom_1658086727415{margin-bottom: 0px !important;}&#8221;][\/vc_column][\/vc_row][vc_row full_width=&#8221;stretch_row&#8221; content_placement=&#8221;middle&#8221; disable_element=&#8221;yes&#8221; css=&#8221;.vc_custom_1658099984126{margin-top: 40px !important;margin-bottom: 130px !important;background-image: url(https:\/\/edron.edu.mx\/wp-content\/uploads\/2022\/07\/GRX_2463-2.jpg?id=624) !important;}&#8221;][vc_column css=&#8221;.vc_custom_1658087632996{margin-right: 150px !important;margin-left: 50px !important;padding-top: 100px !important;padding-right: 45px !important;padding-bottom: 100px !important;padding-left: 45px !important;background-color: rgba(0,102,191,0.81) !important;*background-color: rgb(0,102,191) !important;}&#8221;][vc_empty_space height=&#8221;80px&#8221;][vc_custom_heading text=&#8221;The Edron Academy est\u00e1 orgulloso de su pasado, enfocado en su presente y ambicioso sobre su futuro.&#8221; font_container=&#8221;tag:h2|text_align:center|color:%23ffffff&#8221; use_theme_fonts=&#8221;yes&#8221;][vc_empty_space height=&#8221;80px&#8221;][\/vc_column][\/vc_row][vc_row disable_element=&#8221;yes&#8221; css=&#8221;.vc_custom_1658099947098{margin-top: 20px !important;}&#8221;][vc_column css=&#8221;.vc_custom_1491470665529{margin-bottom: 0px !important;padding-top: 0px !important;background-color: #ffffff !important;}&#8221;][vc_tta_tabs style=&#8221;flat&#8221; shape=&#8221;square&#8221; color=&#8221;blue&#8221; spacing=&#8221;2&#8243; active_section=&#8221;1&#8243; no_fill_content_area=&#8221;true&#8221; el_class=&#8221;wh-custom-tabs&#8221; css=&#8221;.vc_custom_1491470821956{margin-bottom: 0px !important;}&#8221;][vc_tta_section title=&#8221;Graduate&#8221; tab_id=&#8221;1487596796925-637e0a36-dabc&#8221;][vc_row_inner disable_element=&#8221;yes&#8221; css=&#8221;.vc_custom_1658075976637{padding-top: 15px !important;}&#8221;][vc_column_inner width=&#8221;1\/2&#8243; css=&#8221;.vc_custom_1487850585695{margin-bottom: 0px !important;}&#8221;][vc_line_chart tooltips=&#8221;&#8221; x_values=&#8221;1983; 1987; 1991; 1998; 2001&#8243; values=&#8221;%5B%7B%22title%22%3A%22Students%22%2C%22y_values%22%3A%2210%3B%2015%3B%2020%3B%2025%3B%2027%22%2C%22color%22%3A%22violet%22%7D%2C%7B%22title%22%3A%22Alumni%22%2C%22y_values%22%3A%2225%3B%2018%3B%2016%3B%2017%3B%2020%3B%2025%3B%22%2C%22color%22%3A%22blue%22%7D%5D&#8221; animation=&#8221;easeOutBounce&#8221; css_animation=&#8221;bounceIn&#8221;][\/vc_column_inner][vc_column_inner width=&#8221;1\/2&#8243; css=&#8221;.vc_custom_1487850582023{margin-bottom: 0px !important;}&#8221;]\n\t\t\t\t\t<div class=\"wh-theme-icon vc_custom_1487079174674  scp_theme_icon-a21b78d7248bbb9a7a0fd3a4b079a3e1\">\n\t\t\t\t<i class=\"icon-edclock-one\"><\/i>\n\t\t\t<\/div>\n\t\t\t\t[vc_custom_heading text=&#8221;Students Graduate Empowered&#8221; font_container=&#8221;tag:h6|font_size:14px|text_align:left|color:%23000000&#8243; use_theme_fonts=&#8221;yes&#8221; css=&#8221;.vc_custom_1487941272829{margin-bottom: 10px !important;padding-left: 18px !important;}&#8221;][vc_column_text css=&#8221;.vc_custom_1487079478710{padding-left: 18px !important;}&#8221;]<\/p>\n<p align=\"left\">It started out as a preschool with five students in a church located in the heart of Princeton. Growing rapidly, the school moved into a larger church.<\/p>\n<p>[\/vc_column_text]\n\t\t\t\t\t<div class=\"wh-theme-icon vc_custom_1487079174674  scp_theme_icon-a21b78d7248bbb9a7a0fd3a4b079a3e1\">\n\t\t\t\t<i class=\"icon-edclock-one\"><\/i>\n\t\t\t<\/div>\n\t\t\t\t[vc_custom_heading text=&#8221;Students are Prepared&#8221; font_container=&#8221;tag:h6|font_size:14px|text_align:left|color:%23000000&#8243; use_theme_fonts=&#8221;yes&#8221; css=&#8221;.vc_custom_1487941284197{margin-bottom: 10px !important;padding-left: 18px !important;}&#8221;][vc_column_text css=&#8221;.vc_custom_1487079478710{padding-left: 18px !important;}&#8221;]<\/p>\n<p align=\"left\">It started out as a preschool with five students in a church located in the heart of Princeton. Growing rapidly, the school moved into a larger church.<\/p>\n<p>[\/vc_column_text][\/vc_column_inner][\/vc_row_inner][\/vc_tta_section][vc_tta_section title=&#8221;Locations&#8221; tab_id=&#8221;1487596796999-c4291c1c-d489&#8243;][vc_row_inner css=&#8221;.vc_custom_1487940978648{padding-top: 15px !important;}&#8221;][vc_column_inner width=&#8221;1\/2&#8243; css=&#8221;.vc_custom_1487850585695{margin-bottom: 0px !important;}&#8221;]\n\t\t\t\t\t<div class=\"wh-theme-icon vc_custom_1487079174674  scp_theme_icon-a21b78d7248bbb9a7a0fd3a4b079a3e1\">\n\t\t\t\t<i class=\"icon-edclock-one\"><\/i>\n\t\t\t<\/div>\n\t\t\t\t[vc_custom_heading text=&#8221;Home of Mrs. Frances Edmond&#8221; font_container=&#8221;tag:h6|font_size:14px|text_align:left|color:%23000000&#8243; use_theme_fonts=&#8221;yes&#8221; css=&#8221;.vc_custom_1487941404530{margin-bottom: 10px !important;padding-left: 18px !important;}&#8221;][vc_column_text css=&#8221;.vc_custom_1491470389948{margin-bottom: 20px !important;padding-left: 18px !important;}&#8221;]<\/p>\n<p align=\"left\">It started out as a preschool with five students in a church located in the heart of Princeton. Growing rapidly, the school moved into a larger church building on All Saints.<\/p>\n<p>[\/vc_column_text][\/vc_column_inner][vc_column_inner width=&#8221;1\/2&#8243; css=&#8221;.vc_custom_1487850582023{margin-bottom: 0px !important;}&#8221;]\n\t\t\t\t\t<div class=\"wh-theme-icon vc_custom_1487079174674  scp_theme_icon-a21b78d7248bbb9a7a0fd3a4b079a3e1\">\n\t\t\t\t<i class=\"icon-edclock-one\"><\/i>\n\t\t\t<\/div>\n\t\t\t\t[vc_custom_heading text=&#8221;11 Mercer Street.&#8221; font_container=&#8221;tag:h6|font_size:14px|text_align:left|color:%23000000&#8243; use_theme_fonts=&#8221;yes&#8221; css=&#8221;.vc_custom_1487941415457{margin-bottom: 10px !important;padding-left: 18px !important;}&#8221;][vc_column_text css=&#8221;.vc_custom_1491470408682{margin-bottom: 20px !important;padding-left: 18px !important;}&#8221;]<\/p>\n<p align=\"left\">It started out as a preschool with five students in a church located in the heart of Princeton. Growing rapidly, the school moved into a larger church.<\/p>\n<p>[\/vc_column_text][\/vc_column_inner][\/vc_row_inner][vc_row_inner][vc_column_inner width=&#8221;1\/2&#8243; css=&#8221;.vc_custom_1487850585695{margin-bottom: 0px !important;}&#8221;]\n\t\t\t\t\t<div class=\"wh-theme-icon vc_custom_1487079174674  scp_theme_icon-a21b78d7248bbb9a7a0fd3a4b079a3e1\">\n\t\t\t\t<i class=\"icon-edclock-one\"><\/i>\n\t\t\t<\/div>\n\t\t\t\t[vc_custom_heading text=&#8221;Herbert O. Hagens &#8217;60&#8221; font_container=&#8221;tag:h6|font_size:14px|text_align:left|color:%23000000&#8243; use_theme_fonts=&#8221;yes&#8221; css=&#8221;.vc_custom_1488895681828{margin-top: 0px !important;margin-bottom: 10px !important;padding-left: 18px !important;}&#8221;][vc_column_text css=&#8221;.vc_custom_1491470412913{margin-bottom: 20px !important;padding-left: 18px !important;}&#8221;]<\/p>\n<p align=\"left\">It started out as a preschool with five students in a church located in the heart of Princeton. Growing rapidly, the school moved into a larger church building on All Saints.<\/p>\n<p>[\/vc_column_text][\/vc_column_inner][vc_column_inner width=&#8221;1\/2&#8243; css=&#8221;.vc_custom_1487850582023{margin-bottom: 0px !important;}&#8221;]\n\t\t\t\t\t<div class=\"wh-theme-icon vc_custom_1487079174674  scp_theme_icon-a21b78d7248bbb9a7a0fd3a4b079a3e1\">\n\t\t\t\t<i class=\"icon-edclock-one\"><\/i>\n\t\t\t<\/div>\n\t\t\t\t[vc_custom_heading text=&#8221;Bernard Kilgore&#8221; font_container=&#8221;tag:h6|font_size:14px|text_align:left|color:%23000000&#8243; use_theme_fonts=&#8221;yes&#8221; css=&#8221;.vc_custom_1488895686140{margin-top: 0px !important;margin-bottom: 10px !important;padding-left: 18px !important;}&#8221;][vc_column_text css=&#8221;.vc_custom_1491470417482{margin-bottom: 20px !important;padding-left: 18px !important;}&#8221;]<\/p>\n<p align=\"left\">It started out as a preschool with five students in a church located in the heart of Princeton. Growing rapidly, the school moved into a larger church.<\/p>\n<p>[\/vc_column_text][\/vc_column_inner][\/vc_row_inner][\/vc_tta_section][vc_tta_section title=&#8221;Accreditation&#8221; tab_id=&#8221;1487598336060-a72ddeb1-8bcd&#8221;][vc_row_inner css=&#8221;.vc_custom_1487941187036{padding-top: 15px !important;}&#8221;][vc_column_inner width=&#8221;1\/2&#8243; css=&#8221;.vc_custom_1491470451324{margin-bottom: 0px !important;}&#8221;]\n\t\t\t\t\t<div class=\"wh-theme-icon vc_custom_1487079952092  scp_theme_icon-f86c8bb15c0ca9e9d160c152d6e05637\">\n\t\t\t\t<i class=\"icon-edclock-one\"><\/i>\n\t\t\t<\/div>\n\t\t\t\t[vc_custom_heading text=&#8221;National Association of Independent Schools&#8221; font_container=&#8221;tag:h6|font_size:14px|text_align:left|color:%23020202&#8243; use_theme_fonts=&#8221;yes&#8221; css=&#8221;.vc_custom_1487941100575{margin-top: 10px !important;margin-bottom: 10px !important;padding-left: 18px !important;}&#8221;]\n\t\t\t\t\t<div class=\"wh-theme-icon vc_custom_1487079952092  scp_theme_icon-f86c8bb15c0ca9e9d160c152d6e05637\">\n\t\t\t\t<i class=\"icon-edclock-one\"><\/i>\n\t\t\t<\/div>\n\t\t\t\t[vc_custom_heading text=&#8221;Association of the French Schools&#8221; font_container=&#8221;tag:h6|font_size:14px|text_align:left|color:%23020202&#8243; use_theme_fonts=&#8221;yes&#8221; css=&#8221;.vc_custom_1487941106835{margin-top: 10px !important;margin-bottom: 10px !important;padding-left: 18px !important;}&#8221;]\n\t\t\t\t\t<div class=\"wh-theme-icon vc_custom_1487079952092  scp_theme_icon-f86c8bb15c0ca9e9d160c152d6e05637\">\n\t\t\t\t<i class=\"icon-edclock-one\"><\/i>\n\t\t\t<\/div>\n\t\t\t\t[vc_custom_heading text=&#8221;New Jersey Association&#8221; font_container=&#8221;tag:h6|font_size:14px|text_align:left|color:%23020202&#8243; use_theme_fonts=&#8221;yes&#8221; css=&#8221;.vc_custom_1491470549632{margin-top: 10px !important;margin-bottom: 0px !important;padding-left: 18px !important;}&#8221;][\/vc_column_inner][vc_column_inner width=&#8221;1\/2&#8243; css=&#8221;.vc_custom_1491470616499{margin-bottom: 0px !important;}&#8221;]\n\t\t\t\t\t<div class=\"wh-theme-icon vc_custom_1487079952092  scp_theme_icon-f86c8bb15c0ca9e9d160c152d6e05637\">\n\t\t\t\t<i class=\"icon-edclock-one\"><\/i>\n\t\t\t<\/div>\n\t\t\t\t[vc_custom_heading text=&#8221;National Association of Independent Schools&#8221; font_container=&#8221;tag:h6|font_size:14px|text_align:left|color:%23020202&#8243; use_theme_fonts=&#8221;yes&#8221; css=&#8221;.vc_custom_1487941100575{margin-top: 10px !important;margin-bottom: 10px !important;padding-left: 18px !important;}&#8221;]\n\t\t\t\t\t<div class=\"wh-theme-icon vc_custom_1487079952092  scp_theme_icon-f86c8bb15c0ca9e9d160c152d6e05637\">\n\t\t\t\t<i class=\"icon-edclock-one\"><\/i>\n\t\t\t<\/div>\n\t\t\t\t[vc_custom_heading text=&#8221;Association of the French Schools&#8221; font_container=&#8221;tag:h6|font_size:14px|text_align:left|color:%23020202&#8243; use_theme_fonts=&#8221;yes&#8221; css=&#8221;.vc_custom_1487941106835{margin-top: 10px !important;margin-bottom: 10px !important;padding-left: 18px !important;}&#8221;]\n\t\t\t\t\t<div class=\"wh-theme-icon vc_custom_1487079952092  scp_theme_icon-f86c8bb15c0ca9e9d160c152d6e05637\">\n\t\t\t\t<i class=\"icon-edclock-one\"><\/i>\n\t\t\t<\/div>\n\t\t\t\t[vc_custom_heading text=&#8221;Association of the French Schools&#8221; font_container=&#8221;tag:h6|font_size:14px|text_align:left|color:%23020202&#8243; use_theme_fonts=&#8221;yes&#8221; css=&#8221;.vc_custom_1487941106835{margin-top: 10px !important;margin-bottom: 10px !important;padding-left: 18px !important;}&#8221;][\/vc_column_inner][\/vc_row_inner][\/vc_tta_section][vc_tta_section title=&#8221;Principal&#8217;s&#8221; tab_id=&#8221;1487598351544-a08c4956-1874&#8243;][vc_row_inner css=&#8221;.vc_custom_1488199011893{padding-top: 15px !important;}&#8221;][vc_column_inner css=&#8221;.vc_custom_1491470691025{margin-bottom: 0px !important;}&#8221;][\/vc_column_inner][\/vc_row_inner][\/vc_tta_section][\/vc_tta_tabs][\/vc_column][\/vc_row][vc_row full_width=&#8221;stretch_row_content&#8221;][vc_column][vc_empty_space][vc_custom_heading text=&#8221;The Edron Academy est\u00e1 orgulloso de su pasado, enfocado en su presente y ambicioso sobre su futuro.&#8221; font_container=&#8221;tag:h5|text_align:center|color:%23002ca8&#8243; use_theme_fonts=&#8221;yes&#8221; el_class=&#8221;line-before-and-after&#8221;][vc_empty_space height=&#8221;50px&#8221;][\/vc_column][\/vc_row][vc_row full_width=&#8221;stretch_row_content&#8221;][vc_column][vc_media_grid element_width=&#8221;3&#8243; gap=&#8221;0&#8243; item=&#8221;518&#8243; grid_id=&#8221;vc_gid:1670348465428-2ee382ab-e364-10&#8243; include=&#8221;19670,19668,19667,19669,19671,19672,19673,19674&#8243;][\/vc_column][\/vc_row]<\/p>\n<\/div>","protected":false},"excerpt":{"rendered":"<p>[vc_row][vc_column css=&#8221;.vc_custom_1490017810346{margin-bottom: 0px !important;}&#8221;][vc_custom_heading text=&#8221;Historia&#8221; font_container=&#8221;tag:h1|text_align:center|color:%23002ca8&#8243; use_theme_fonts=&#8221;yes&#8221; css=&#8221;.vc_custom_1661011026778{margin-top: 0px !important;margin-bottom: 20px !important;}&#8221;][vc_empty_space height=&#8221;40px&#8221;][vc_custom_heading text=&#8221;Fundado en 1963 por Edward Foulkes y Ronald Stech, The Edron Academy (El Colegio Brit\u00e1nico, A.C.) se estableci\u00f3 con una visi\u00f3n \u00fanica: crear una comunidad de aprendizaje en la que cada ni\u00f1o&nbsp;<a href=\"https:\/\/edron.edu.mx\/es\/historia\/\">&hellip;<\/a><\/p>\n","protected":false},"author":3,"featured_media":0,"parent":21541,"menu_order":2,"comment_status":"closed","ping_status":"closed","template":"template-sidebar-right-childpages.php","meta":{"nf_dc_page":"","footnotes":""},"class_list":["post-19905","page","type-page","status-publish","hentry","odd"],"yoast_head":"<!-- This site is optimized with the Yoast SEO plugin v27.4 - https:\/\/yoast.com\/product\/yoast-seo-wordpress\/ -->\n<title>Historia - The Edron Academy (El Colegio Brit\u00e1nico, A.C.)<\/title>\n<meta name=\"robots\" content=\"index, follow, max-snippet:-1, max-image-preview:large, max-video-preview:-1\" \/>\n<link rel=\"canonical\" href=\"https:\/\/edron.edu.mx\/es\/historia\/\" \/>\n<meta property=\"og:locale\" content=\"es_ES\" \/>\n<meta property=\"og:type\" content=\"article\" \/>\n<meta property=\"og:title\" content=\"Historia - The Edron Academy (El Colegio Brit\u00e1nico, A.C.)\" \/>\n<meta property=\"og:description\" content=\"[vc_row][vc_column css=&#8221;.vc_custom_1490017810346{margin-bottom: 0px !important;}&#8221;][vc_custom_heading text=&#8221;Historia&#8221; font_container=&#8221;tag:h1|text_align:center|color:%23002ca8&#8243; use_theme_fonts=&#8221;yes&#8221; css=&#8221;.vc_custom_1661011026778{margin-top: 0px !important;margin-bottom: 20px !important;}&#8221;][vc_empty_space height=&#8221;40px&#8221;][vc_custom_heading text=&#8221;Fundado en 1963 por Edward Foulkes y Ronald Stech, The Edron Academy (El Colegio Brit\u00e1nico, A.C.) se estableci\u00f3 con una visi\u00f3n \u00fanica: crear una comunidad de aprendizaje en la que cada ni\u00f1o&nbsp;&hellip;\" \/>\n<meta property=\"og:url\" content=\"https:\/\/edron.edu.mx\/es\/historia\/\" \/>\n<meta property=\"og:site_name\" content=\"The Edron Academy (El Colegio Brit\u00e1nico, A.C.)\" \/>\n<meta property=\"article:publisher\" content=\"https:\/\/www.facebook.com\/TheEdronAcademy\/\" \/>\n<meta property=\"article:modified_time\" content=\"2024-08-19T21:01:24+00:00\" \/>\n<meta name=\"twitter:card\" content=\"summary_large_image\" \/>\n<meta name=\"twitter:site\" content=\"@TheEdronAcademy\" \/>\n<meta name=\"twitter:label1\" content=\"Tiempo de lectura\" \/>\n\t<meta name=\"twitter:data1\" content=\"5 minutos\" \/>\n<script type=\"application\/ld+json\" class=\"yoast-schema-graph\">{\"@context\":\"https:\\\/\\\/schema.org\",\"@graph\":[{\"@type\":\"WebPage\",\"@id\":\"https:\\\/\\\/edron.edu.mx\\\/es\\\/historia\\\/\",\"url\":\"https:\\\/\\\/edron.edu.mx\\\/es\\\/historia\\\/\",\"name\":\"Historia - The Edron Academy (El Colegio Brit\u00e1nico, A.C.)\",\"isPartOf\":{\"@id\":\"https:\\\/\\\/edron.edu.mx\\\/es\\\/#website\"},\"datePublished\":\"2022-07-17T16:48:31+00:00\",\"dateModified\":\"2024-08-19T21:01:24+00:00\",\"breadcrumb\":{\"@id\":\"https:\\\/\\\/edron.edu.mx\\\/es\\\/historia\\\/#breadcrumb\"},\"inLanguage\":\"es\",\"potentialAction\":[{\"@type\":\"ReadAction\",\"target\":[\"https:\\\/\\\/edron.edu.mx\\\/es\\\/historia\\\/\"]}]},{\"@type\":\"BreadcrumbList\",\"@id\":\"https:\\\/\\\/edron.edu.mx\\\/es\\\/historia\\\/#breadcrumb\",\"itemListElement\":[{\"@type\":\"ListItem\",\"position\":1,\"name\":\"Home\",\"item\":\"https:\\\/\\\/edron.edu.mx\\\/es\\\/\"},{\"@type\":\"ListItem\",\"position\":2,\"name\":\"Comunidad\",\"item\":\"https:\\\/\\\/edron.edu.mx\\\/es\\\/?page_id=21541\"},{\"@type\":\"ListItem\",\"position\":3,\"name\":\"Historia\"}]},{\"@type\":\"WebSite\",\"@id\":\"https:\\\/\\\/edron.edu.mx\\\/es\\\/#website\",\"url\":\"https:\\\/\\\/edron.edu.mx\\\/es\\\/\",\"name\":\"The Edron Academy (El Colegio Brit\u00e1nico, A.C.)\",\"description\":\"\",\"publisher\":{\"@id\":\"https:\\\/\\\/edron.edu.mx\\\/es\\\/#organization\"},\"potentialAction\":[{\"@type\":\"SearchAction\",\"target\":{\"@type\":\"EntryPoint\",\"urlTemplate\":\"https:\\\/\\\/edron.edu.mx\\\/es\\\/?s={search_term_string}\"},\"query-input\":{\"@type\":\"PropertyValueSpecification\",\"valueRequired\":true,\"valueName\":\"search_term_string\"}}],\"inLanguage\":\"es\"},{\"@type\":\"Organization\",\"@id\":\"https:\\\/\\\/edron.edu.mx\\\/es\\\/#organization\",\"name\":\"The Edron Academy (El Colegio Brit\u00e1nico, A.C.)\",\"url\":\"https:\\\/\\\/edron.edu.mx\\\/es\\\/\",\"logo\":{\"@type\":\"ImageObject\",\"inLanguage\":\"es\",\"@id\":\"https:\\\/\\\/edron.edu.mx\\\/es\\\/#\\\/schema\\\/logo\\\/image\\\/\",\"url\":\"https:\\\/\\\/i0.wp.com\\\/edron.edu.mx\\\/wp-content\\\/uploads\\\/2024\\\/10\\\/The-Edron-Academy.png?fit=418%2C168&ssl=1\",\"contentUrl\":\"https:\\\/\\\/i0.wp.com\\\/edron.edu.mx\\\/wp-content\\\/uploads\\\/2024\\\/10\\\/The-Edron-Academy.png?fit=418%2C168&ssl=1\",\"width\":418,\"height\":168,\"caption\":\"The Edron Academy (El Colegio Brit\u00e1nico, A.C.)\"},\"image\":{\"@id\":\"https:\\\/\\\/edron.edu.mx\\\/es\\\/#\\\/schema\\\/logo\\\/image\\\/\"},\"sameAs\":[\"https:\\\/\\\/www.facebook.com\\\/TheEdronAcademy\\\/\",\"https:\\\/\\\/x.com\\\/TheEdronAcademy\",\"https:\\\/\\\/www.instagram.com\\\/theedronacademy\\\/?hl=es\",\"https:\\\/\\\/www.youtube.com\\\/channel\\\/UCt_qlcLg2lJFtcTy0Vx7LxA\"]}]}<\/script>\n<!-- \/ Yoast SEO plugin. -->","yoast_head_json":{"title":"Historia - The Edron Academy (El Colegio Brit\u00e1nico, A.C.)","robots":{"index":"index","follow":"follow","max-snippet":"max-snippet:-1","max-image-preview":"max-image-preview:large","max-video-preview":"max-video-preview:-1"},"canonical":"https:\/\/edron.edu.mx\/es\/historia\/","og_locale":"es_ES","og_type":"article","og_title":"Historia - The Edron Academy (El Colegio Brit\u00e1nico, A.C.)","og_description":"[vc_row][vc_column css=&#8221;.vc_custom_1490017810346{margin-bottom: 0px !important;}&#8221;][vc_custom_heading text=&#8221;Historia&#8221; font_container=&#8221;tag:h1|text_align:center|color:%23002ca8&#8243; use_theme_fonts=&#8221;yes&#8221; css=&#8221;.vc_custom_1661011026778{margin-top: 0px !important;margin-bottom: 20px !important;}&#8221;][vc_empty_space height=&#8221;40px&#8221;][vc_custom_heading text=&#8221;Fundado en 1963 por Edward Foulkes y Ronald Stech, The Edron Academy (El Colegio Brit\u00e1nico, A.C.) se estableci\u00f3 con una visi\u00f3n \u00fanica: crear una comunidad de aprendizaje en la que cada ni\u00f1o&nbsp;&hellip;","og_url":"https:\/\/edron.edu.mx\/es\/historia\/","og_site_name":"The Edron Academy (El Colegio Brit\u00e1nico, A.C.)","article_publisher":"https:\/\/www.facebook.com\/TheEdronAcademy\/","article_modified_time":"2024-08-19T21:01:24+00:00","twitter_card":"summary_large_image","twitter_site":"@TheEdronAcademy","twitter_misc":{"Tiempo de lectura":"5 minutos"},"schema":{"@context":"https:\/\/schema.org","@graph":[{"@type":"WebPage","@id":"https:\/\/edron.edu.mx\/es\/historia\/","url":"https:\/\/edron.edu.mx\/es\/historia\/","name":"Historia - The Edron Academy (El Colegio Brit\u00e1nico, A.C.)","isPartOf":{"@id":"https:\/\/edron.edu.mx\/es\/#website"},"datePublished":"2022-07-17T16:48:31+00:00","dateModified":"2024-08-19T21:01:24+00:00","breadcrumb":{"@id":"https:\/\/edron.edu.mx\/es\/historia\/#breadcrumb"},"inLanguage":"es","potentialAction":[{"@type":"ReadAction","target":["https:\/\/edron.edu.mx\/es\/historia\/"]}]},{"@type":"BreadcrumbList","@id":"https:\/\/edron.edu.mx\/es\/historia\/#breadcrumb","itemListElement":[{"@type":"ListItem","position":1,"name":"Home","item":"https:\/\/edron.edu.mx\/es\/"},{"@type":"ListItem","position":2,"name":"Comunidad","item":"https:\/\/edron.edu.mx\/es\/?page_id=21541"},{"@type":"ListItem","position":3,"name":"Historia"}]},{"@type":"WebSite","@id":"https:\/\/edron.edu.mx\/es\/#website","url":"https:\/\/edron.edu.mx\/es\/","name":"The Edron Academy (El Colegio Brit\u00e1nico, A.C.)","description":"","publisher":{"@id":"https:\/\/edron.edu.mx\/es\/#organization"},"potentialAction":[{"@type":"SearchAction","target":{"@type":"EntryPoint","urlTemplate":"https:\/\/edron.edu.mx\/es\/?s={search_term_string}"},"query-input":{"@type":"PropertyValueSpecification","valueRequired":true,"valueName":"search_term_string"}}],"inLanguage":"es"},{"@type":"Organization","@id":"https:\/\/edron.edu.mx\/es\/#organization","name":"The Edron Academy (El Colegio Brit\u00e1nico, A.C.)","url":"https:\/\/edron.edu.mx\/es\/","logo":{"@type":"ImageObject","inLanguage":"es","@id":"https:\/\/edron.edu.mx\/es\/#\/schema\/logo\/image\/","url":"https:\/\/i0.wp.com\/edron.edu.mx\/wp-content\/uploads\/2024\/10\/The-Edron-Academy.png?fit=418%2C168&ssl=1","contentUrl":"https:\/\/i0.wp.com\/edron.edu.mx\/wp-content\/uploads\/2024\/10\/The-Edron-Academy.png?fit=418%2C168&ssl=1","width":418,"height":168,"caption":"The Edron Academy (El Colegio Brit\u00e1nico, A.C.)"},"image":{"@id":"https:\/\/edron.edu.mx\/es\/#\/schema\/logo\/image\/"},"sameAs":["https:\/\/www.facebook.com\/TheEdronAcademy\/","https:\/\/x.com\/TheEdronAcademy","https:\/\/www.instagram.com\/theedronacademy\/?hl=es","https:\/\/www.youtube.com\/channel\/UCt_qlcLg2lJFtcTy0Vx7LxA"]}]}},"jetpack_sharing_enabled":true,"_links":{"self":[{"href":"https:\/\/edron.edu.mx\/es\/wp-json\/wp\/v2\/pages\/19905","targetHints":{"allow":["GET"]}}],"collection":[{"href":"https:\/\/edron.edu.mx\/es\/wp-json\/wp\/v2\/pages"}],"about":[{"href":"https:\/\/edron.edu.mx\/es\/wp-json\/wp\/v2\/types\/page"}],"author":[{"embeddable":true,"href":"https:\/\/edron.edu.mx\/es\/wp-json\/wp\/v2\/users\/3"}],"replies":[{"embeddable":true,"href":"https:\/\/edron.edu.mx\/es\/wp-json\/wp\/v2\/comments?post=19905"}],"version-history":[{"count":5,"href":"https:\/\/edron.edu.mx\/es\/wp-json\/wp\/v2\/pages\/19905\/revisions"}],"predecessor-version":[{"id":20532,"href":"https:\/\/edron.edu.mx\/es\/wp-json\/wp\/v2\/pages\/19905\/revisions\/20532"}],"up":[{"embeddable":true,"href":"https:\/\/edron.edu.mx\/es\/wp-json\/wp\/v2\/pages\/21541"}],"wp:attachment":[{"href":"https:\/\/edron.edu.mx\/es\/wp-json\/wp\/v2\/media?parent=19905"}],"curies":[{"name":"wp","href":"https:\/\/api.w.org\/{rel}","templated":true}]}}