{"id":19914,"date":"2022-07-18T01:28:46","date_gmt":"2022-07-18T01:28:46","guid":{"rendered":"https:\/\/edron.edu.mx\/bienvenida-del-headteacher\/"},"modified":"2024-11-12T17:21:38","modified_gmt":"2024-11-12T17:21:38","slug":"bienvenida-del-headteacher","status":"publish","type":"page","link":"https:\/\/edron.edu.mx\/es\/bienvenida-del-headteacher\/","title":{"rendered":"Bienvenida del Director"},"content":{"rendered":"<div class=\"wpb-content-wrapper\"><p>[vc_row][vc_column css=&#8221;.vc_custom_1490017614850{margin-bottom: 30px !important;}&#8221;][vc_custom_heading text=&#8221;Bienvenida del Director&#8221; font_container=&#8221;tag:h3|font_size:13|text_align:center|color:%23002ca8&#8243; use_theme_fonts=&#8221;yes&#8221; el_class=&#8221;line-before-and-after&#8221;][vc_custom_heading text=&#8221;\u00a1Bienvenidos a The Edron Academy!&#8221; font_container=&#8221;tag:h1|text_align:center|color:%23002ca8&#8243; use_theme_fonts=&#8221;yes&#8221; css=&#8221;.vc_custom_1658107386404{margin-top: 0px !important;margin-bottom: 20px !important;}&#8221;][\/vc_column][\/vc_row][vc_row css=&#8221;.vc_custom_1724018640368{background-color: #f2f2f2 !important;}&#8221;][vc_column width=&#8221;1\/2&#8243; css=&#8221;.vc_custom_1491470191130{margin-bottom: 0px !important;}&#8221;][vc_empty_space height=&#8221;140px&#8221;][vc_single_image image=&#8221;21720&#8243; img_size=&#8221;full&#8221;][\/vc_column][vc_column width=&#8221;1\/2&#8243;][vc_empty_space][vc_column_text]Dear Parents and Guardians,[\/vc_column_text]\n\t\t\t\t\t<div class=\"wh-theme-icon vc_custom_1724009796508  scp_theme_icon-e566a1309d5933620c44d78201ea84ca\">\n\t\t\t\t<i class=\"icon-edtwo-quotes\"><\/i>\n\t\t\t<\/div>\n\t\t\t\t[vc_empty_space height=&#8221;15px&#8221;][vc_custom_heading text=&#8221;Welcome to The British International School of Mexico: The Edron Academy.&#8221; font_container=&#8221;tag:h2|font_size:22|text_align:center&#8221; use_theme_fonts=&#8221;yes&#8221; css=&#8221;.vc_custom_1724009808692{margin-right: 20px !important;}&#8221;][vc_column_text css=&#8221;.vc_custom_1724010407433{padding-top: 0px !important;padding-right: 35px !important;padding-left: 0px !important;background-color: #f2f2f2 !important;}&#8221;]<\/p>\n<p style=\"text-align: justify;\">Here at Edron you will find a progressive, nurturing community that champions uniqueness through a broad, forward-thinking, and academically exciting education that prepares students to make a meaningful impact on the wider world.<\/p>\n<p style=\"text-align: justify;\">As the oldest British International School in Mexico City, we proudly embrace our shared British and Mexican heritage. The majority of our international teachers join us directly from the UK, bringing an authentically British culture to complement the school\u2019s Mexican traditions. Our students hail from 22 different countries, ensuring a truly international and multicultural perspective in our classrooms.<\/p>\n<p style=\"text-align: justify;\">Our rigorous curriculum encompasses both the IGCSE and IB programmes, which are recognised globally for their excellence in developing critical thinking, intellectual curiosity, and advanced English language skills. These qualifications serve as a passport to top-tier universities across the globe and provide students with the skills to thrive in whichever professional field they choose.<\/p>\n<p style=\"text-align: justify;\">Through a balanced emphasis on wellbeing, academic success and leadership, our students develop the confidence to take pride in who they are, the creativity to challenge and to innovate, the courage to take risks, the resilience to learn from their mistakes, and the responsibility to build towards a sustainable future.<\/p>\n<p style=\"text-align: justify;\">If this sounds like the kind of school you would like your children to attend, we welcome you to apply using the form below!<\/p>\n<p style=\"text-align: justify;\">All the best,<\/p>\n<h4 style=\"text-align: right;\">James Hughes<\/h4>\n<h5 style=\"text-align: right;\">Headteacher<\/h5>\n<p>[\/vc_column_text][vc_empty_space][\/vc_column][\/vc_row][vc_row full_width=&#8221;stretch_row&#8221; gap=&#8221;20&#8243; disable_element=&#8221;yes&#8221; el_id=&#8221;contact-us&#8221; css=&#8221;.vc_custom_1731432058844{margin-top: 48px !important;margin-bottom: -66px !important;padding-top: 70px !important;padding-bottom: 70px !important;background-color: #f7f9f8 !important;}&#8221;][vc_column width=&#8221;1\/4&#8243;][vc_empty_space][vc_single_image image=&#8221;19570&#8243; img_size=&#8221;medium&#8221; alignment=&#8221;center&#8221;][\/vc_column][vc_column width=&#8221;3\/4&#8243; css=&#8221;.vc_custom_1723935897366{background-color: #ffffff !important;}&#8221;][vc_custom_heading text=&#8221;Para mayor informaci\u00f3n sobre admisiones, por fa or complete el siguiente formulario, o env\u00edenos un whatsapp&#8221; font_container=&#8221;tag:h2|font_size:18|text_align:center&#8221; use_theme_fonts=&#8221;yes&#8221;]\n<div class=\"wpcf7 no-js\" id=\"wpcf7-f493-o1\" lang=\"en-US\" dir=\"ltr\" data-wpcf7-id=\"493\">\n<div class=\"screen-reader-response\"><p role=\"status\" aria-live=\"polite\" aria-atomic=\"true\"><\/p> <ul><\/ul><\/div>\n<form action=\"\/es\/wp-json\/wp\/v2\/pages\/19914#wpcf7-f493-o1\" method=\"post\" class=\"wpcf7-form init\" aria-label=\"Contact form\" novalidate=\"novalidate\" data-status=\"init\">\n<fieldset class=\"hidden-fields-container\"><input type=\"hidden\" name=\"_wpcf7\" value=\"493\" \/><input type=\"hidden\" name=\"_wpcf7_version\" value=\"6.1.5\" \/><input type=\"hidden\" name=\"_wpcf7_locale\" value=\"en_US\" \/><input type=\"hidden\" name=\"_wpcf7_unit_tag\" value=\"wpcf7-f493-o1\" \/><input type=\"hidden\" name=\"_wpcf7_container_post\" value=\"0\" \/><input type=\"hidden\" name=\"_wpcf7_posted_data_hash\" value=\"\" \/>\n<\/fieldset>\n<div class=\"vc_row make-an-appointment-form\" style=\"line-height:30px;\">\n\t<div class=\"vc_col-sm-6\">\n\t\t<p><span class=\"wpcf7-form-control-wrap\" data-name=\"your-name\"><input size=\"30\" maxlength=\"400\" class=\"wpcf7-form-control wpcf7-text wpcf7-validates-as-required\" aria-required=\"true\" aria-invalid=\"false\" placeholder=\"Name\" value=\"\" type=\"text\" name=\"your-name\" \/><\/span>\n\t\t<\/p>\n\t\t<p><span class=\"wpcf7-form-control-wrap\" data-name=\"your-email\"><input size=\"30\" maxlength=\"400\" class=\"wpcf7-form-control wpcf7-email wpcf7-validates-as-required wpcf7-text wpcf7-validates-as-email\" aria-required=\"true\" aria-invalid=\"false\" placeholder=\"Email\" value=\"\" type=\"email\" name=\"your-email\" \/><\/span>\n\t\t<\/p>\n\t\t<p><span class=\"wpcf7-form-control-wrap\" data-name=\"your-subject\"><input size=\"30\" maxlength=\"400\" class=\"wpcf7-form-control wpcf7-text\" aria-invalid=\"false\" placeholder=\"Phone\" value=\"\" type=\"text\" name=\"your-subject\" \/><\/span>\n\t\t<\/p>\n\t<\/div>\n\t<div class=\"vc_col-sm-6\">\n\t\t<p><span class=\"wpcf7-form-control-wrap\" data-name=\"your-message\"><textarea cols=\"30\" rows=\"8\" maxlength=\"2000\" class=\"wpcf7-form-control wpcf7-textarea\" aria-invalid=\"false\" placeholder=\"Message\" name=\"your-message\"><\/textarea><\/span>\n\t\t<\/p>\n\t<\/div>\n\t<div class=\"vc_col-xs-6\">\n\t\t<p style=\"margin-top: 21px;margin-left: 11px;font-size: 15px;line-height: 18px;\">All fields are obligatory\n\t\t<\/p>\n\t<\/div>\n\t<div class=\"vc_col-xs-6\">\n\t\t<p class=\"form-button pull-right\" style=\"margin-top: 10px;margin-right:-20px;margin-bottom:22px;\"><input class=\"wpcf7-form-control wpcf7-submit has-spinner\" type=\"submit\" value=\"Send\" \/>\n\t\t<\/p>\n\t<\/div>\n<\/div><p style=\"display: none !important;\" class=\"akismet-fields-container\" data-prefix=\"_wpcf7_ak_\"><label>&#916;<textarea name=\"_wpcf7_ak_hp_textarea\" cols=\"45\" rows=\"8\" maxlength=\"100\"><\/textarea><\/label><input type=\"hidden\" id=\"ak_js_1\" name=\"_wpcf7_ak_js\" value=\"187\"\/><script>document.getElementById( \"ak_js_1\" ).setAttribute( \"value\", ( new Date() ).getTime() );<\/script><\/p><div class=\"wpcf7-response-output\" aria-hidden=\"true\"><\/div>\n<\/form>\n<\/div>\n[vc_row_inner][vc_column_inner width=&#8221;1\/2&#8243;][vc_custom_heading text=&#8221;\u00a1Cont\u00e1ctenos escaneando o d\u00e1ndole click al QR!<br \/>\nTel: +52 155 5502 9628&#8243; font_container=&#8221;tag:h5|font_size:12|text_align:left&#8221; link=&#8221;url:https%3A%2F%2Fwa.me%2F5215555029628|target:_blank&#8221;][\/vc_column_inner][vc_column_inner width=&#8221;1\/2&#8243;][vc_single_image image=&#8221;20462&#8243; img_size=&#8221;medium&#8221; onclick=&#8221;custom_link&#8221; img_link_target=&#8221;_blank&#8221; link=&#8221;https:\/\/wa.me\/5215555029628&#8243;][\/vc_column_inner][\/vc_row_inner][\/vc_column][\/vc_row][vc_row][vc_column][vc_empty_space height=&#8221;20px&#8221;][vc_row_inner][vc_column_inner width=&#8221;1\/6&#8243;][\/vc_column_inner][vc_column_inner width=&#8221;2\/3&#8243;][vc_cta h2=&#8221;Para mayor informaci\u00f3n sobre admisiones, por favor completa el siguiente formulario o cont\u00e1ctanos v\u00eda whatsapp y nos pondremos en contacto pronto.&#8221; h2_font_container=&#8221;tag:h1|font_size:20|text_align:center|color:%23ffffff&#8221; h2_use_theme_fonts=&#8221;yes&#8221; txt_align=&#8221;center&#8221; style=&#8221;flat&#8221; add_button=&#8221;bottom&#8221; btn_title=&#8221;Formulario&#8221; btn_color=&#8221;sky&#8221; btn_size=&#8221;lg&#8221; btn_align=&#8221;center&#8221; css=&#8221;.vc_custom_1726869631779{margin-right: -20px !important;margin-left: -20px !important;background-color: #0066bf !important;}&#8221; use_custom_fonts_h2=&#8221;true&#8221; btn_button_block=&#8221;true&#8221; btn_link=&#8221;url:https%3A%2F%2Fdocs.google.com%2Fforms%2Fd%2Fe%2F1FAIpQLSfkZSkKqArr4DDxLJ17nMgB2vRU35TIFQWx4y61Vz_1zBQFCw%2Fviewform|target:_blank&#8221;][\/vc_cta][\/vc_column_inner][vc_column_inner width=&#8221;1\/6&#8243;][\/vc_column_inner][\/vc_row_inner][vc_empty_space height=&#8221;30px&#8221;][\/vc_column][\/vc_row]<\/p>\n<\/div>","protected":false},"excerpt":{"rendered":"<p>[vc_row][vc_column css=&#8221;.vc_custom_1490017614850{margin-bottom: 30px !important;}&#8221;][vc_custom_heading text=&#8221;Bienvenida del Director&#8221; font_container=&#8221;tag:h3|font_size:13|text_align:center|color:%23002ca8&#8243; use_theme_fonts=&#8221;yes&#8221; el_class=&#8221;line-before-and-after&#8221;][vc_custom_heading text=&#8221;\u00a1Bienvenidos a The Edron Academy!&#8221; font_container=&#8221;tag:h1|text_align:center|color:%23002ca8&#8243; use_theme_fonts=&#8221;yes&#8221; css=&#8221;.vc_custom_1658107386404{margin-top: 0px !important;margin-bottom: 20px !important;}&#8221;][\/vc_column][\/vc_row][vc_row css=&#8221;.vc_custom_1724018640368{background-color: #f2f2f2 !important;}&#8221;][vc_column width=&#8221;1\/2&#8243; css=&#8221;.vc_custom_1491470191130{margin-bottom: 0px !important;}&#8221;][vc_empty_space height=&#8221;140px&#8221;][vc_single_image image=&#8221;21720&#8243; img_size=&#8221;full&#8221;][\/vc_column][vc_column width=&#8221;1\/2&#8243;][vc_empty_space][vc_column_text]Dear Parents and Guardians,[\/vc_column_text][vc_empty_space height=&#8221;15px&#8221;][vc_custom_heading text=&#8221;Welcome to The British International School of Mexico:&nbsp;<a href=\"https:\/\/edron.edu.mx\/es\/bienvenida-del-headteacher\/\">&hellip;<\/a><\/p>\n","protected":false},"author":3,"featured_media":0,"parent":21541,"menu_order":1,"comment_status":"closed","ping_status":"closed","template":"template-sidebar-right-childpages.php","meta":{"nf_dc_page":"","footnotes":""},"class_list":["post-19914","page","type-page","status-publish","hentry","odd"],"yoast_head":"<!-- This site is optimized with the Yoast SEO plugin v27.4 - https:\/\/yoast.com\/product\/yoast-seo-wordpress\/ -->\n<title>The Edron Academy Bienvenida del director<\/title>\n<meta name=\"description\" content=\"The Edron Academy es un Colegio inclusivo y solidario con un enfoque educativo basado en valores. Nuestros estudiantes aprenden en un entorno biling\u00fce y bicultural\" \/>\n<meta name=\"robots\" content=\"index, follow, max-snippet:-1, max-image-preview:large, max-video-preview:-1\" \/>\n<link rel=\"canonical\" href=\"https:\/\/edron.edu.mx\/es\/bienvenida-del-headteacher\/\" \/>\n<meta property=\"og:locale\" content=\"es_ES\" \/>\n<meta property=\"og:type\" content=\"article\" \/>\n<meta property=\"og:title\" content=\"The Edron Academy Bienvenida del director\" \/>\n<meta property=\"og:description\" content=\"The Edron Academy es un Colegio inclusivo y solidario con un enfoque educativo basado en valores. Nuestros estudiantes aprenden en un entorno biling\u00fce y bicultural\" \/>\n<meta property=\"og:url\" content=\"https:\/\/edron.edu.mx\/es\/bienvenida-del-headteacher\/\" \/>\n<meta property=\"og:site_name\" content=\"The Edron Academy (El Colegio Brit\u00e1nico, A.C.)\" \/>\n<meta property=\"article:publisher\" content=\"https:\/\/www.facebook.com\/TheEdronAcademy\/\" \/>\n<meta property=\"article:modified_time\" content=\"2024-11-12T17:21:38+00:00\" \/>\n<meta name=\"twitter:card\" content=\"summary_large_image\" \/>\n<meta name=\"twitter:site\" content=\"@TheEdronAcademy\" \/>\n<meta name=\"twitter:label1\" content=\"Tiempo de lectura\" \/>\n\t<meta name=\"twitter:data1\" content=\"3 minutos\" \/>\n<script type=\"application\/ld+json\" class=\"yoast-schema-graph\">{\"@context\":\"https:\\\/\\\/schema.org\",\"@graph\":[{\"@type\":\"WebPage\",\"@id\":\"https:\\\/\\\/edron.edu.mx\\\/es\\\/bienvenida-del-headteacher\\\/\",\"url\":\"https:\\\/\\\/edron.edu.mx\\\/es\\\/bienvenida-del-headteacher\\\/\",\"name\":\"The Edron Academy Bienvenida del director\",\"isPartOf\":{\"@id\":\"https:\\\/\\\/edron.edu.mx\\\/es\\\/#website\"},\"datePublished\":\"2022-07-18T01:28:46+00:00\",\"dateModified\":\"2024-11-12T17:21:38+00:00\",\"description\":\"The Edron Academy es un Colegio inclusivo y solidario con un enfoque educativo basado en valores. Nuestros estudiantes aprenden en un entorno biling\u00fce y bicultural\",\"breadcrumb\":{\"@id\":\"https:\\\/\\\/edron.edu.mx\\\/es\\\/bienvenida-del-headteacher\\\/#breadcrumb\"},\"inLanguage\":\"es\",\"potentialAction\":[{\"@type\":\"ReadAction\",\"target\":[\"https:\\\/\\\/edron.edu.mx\\\/es\\\/bienvenida-del-headteacher\\\/\"]}]},{\"@type\":\"BreadcrumbList\",\"@id\":\"https:\\\/\\\/edron.edu.mx\\\/es\\\/bienvenida-del-headteacher\\\/#breadcrumb\",\"itemListElement\":[{\"@type\":\"ListItem\",\"position\":1,\"name\":\"Home\",\"item\":\"https:\\\/\\\/edron.edu.mx\\\/es\\\/\"},{\"@type\":\"ListItem\",\"position\":2,\"name\":\"Comunidad\",\"item\":\"https:\\\/\\\/edron.edu.mx\\\/es\\\/?page_id=21541\"},{\"@type\":\"ListItem\",\"position\":3,\"name\":\"Bienvenida del Director\"}]},{\"@type\":\"WebSite\",\"@id\":\"https:\\\/\\\/edron.edu.mx\\\/es\\\/#website\",\"url\":\"https:\\\/\\\/edron.edu.mx\\\/es\\\/\",\"name\":\"The Edron Academy (El Colegio Brit\u00e1nico, A.C.)\",\"description\":\"\",\"publisher\":{\"@id\":\"https:\\\/\\\/edron.edu.mx\\\/es\\\/#organization\"},\"potentialAction\":[{\"@type\":\"SearchAction\",\"target\":{\"@type\":\"EntryPoint\",\"urlTemplate\":\"https:\\\/\\\/edron.edu.mx\\\/es\\\/?s={search_term_string}\"},\"query-input\":{\"@type\":\"PropertyValueSpecification\",\"valueRequired\":true,\"valueName\":\"search_term_string\"}}],\"inLanguage\":\"es\"},{\"@type\":\"Organization\",\"@id\":\"https:\\\/\\\/edron.edu.mx\\\/es\\\/#organization\",\"name\":\"The Edron Academy (El Colegio Brit\u00e1nico, A.C.)\",\"url\":\"https:\\\/\\\/edron.edu.mx\\\/es\\\/\",\"logo\":{\"@type\":\"ImageObject\",\"inLanguage\":\"es\",\"@id\":\"https:\\\/\\\/edron.edu.mx\\\/es\\\/#\\\/schema\\\/logo\\\/image\\\/\",\"url\":\"https:\\\/\\\/i0.wp.com\\\/edron.edu.mx\\\/wp-content\\\/uploads\\\/2024\\\/10\\\/The-Edron-Academy.png?fit=418%2C168&ssl=1\",\"contentUrl\":\"https:\\\/\\\/i0.wp.com\\\/edron.edu.mx\\\/wp-content\\\/uploads\\\/2024\\\/10\\\/The-Edron-Academy.png?fit=418%2C168&ssl=1\",\"width\":418,\"height\":168,\"caption\":\"The Edron Academy (El Colegio Brit\u00e1nico, A.C.)\"},\"image\":{\"@id\":\"https:\\\/\\\/edron.edu.mx\\\/es\\\/#\\\/schema\\\/logo\\\/image\\\/\"},\"sameAs\":[\"https:\\\/\\\/www.facebook.com\\\/TheEdronAcademy\\\/\",\"https:\\\/\\\/x.com\\\/TheEdronAcademy\",\"https:\\\/\\\/www.instagram.com\\\/theedronacademy\\\/?hl=es\",\"https:\\\/\\\/www.youtube.com\\\/channel\\\/UCt_qlcLg2lJFtcTy0Vx7LxA\"]}]}<\/script>\n<!-- \/ Yoast SEO plugin. -->","yoast_head_json":{"title":"The Edron Academy Bienvenida del director","description":"The Edron Academy es un Colegio inclusivo y solidario con un enfoque educativo basado en valores. Nuestros estudiantes aprenden en un entorno biling\u00fce y bicultural","robots":{"index":"index","follow":"follow","max-snippet":"max-snippet:-1","max-image-preview":"max-image-preview:large","max-video-preview":"max-video-preview:-1"},"canonical":"https:\/\/edron.edu.mx\/es\/bienvenida-del-headteacher\/","og_locale":"es_ES","og_type":"article","og_title":"The Edron Academy Bienvenida del director","og_description":"The Edron Academy es un Colegio inclusivo y solidario con un enfoque educativo basado en valores. Nuestros estudiantes aprenden en un entorno biling\u00fce y bicultural","og_url":"https:\/\/edron.edu.mx\/es\/bienvenida-del-headteacher\/","og_site_name":"The Edron Academy (El Colegio Brit\u00e1nico, A.C.)","article_publisher":"https:\/\/www.facebook.com\/TheEdronAcademy\/","article_modified_time":"2024-11-12T17:21:38+00:00","twitter_card":"summary_large_image","twitter_site":"@TheEdronAcademy","twitter_misc":{"Tiempo de lectura":"3 minutos"},"schema":{"@context":"https:\/\/schema.org","@graph":[{"@type":"WebPage","@id":"https:\/\/edron.edu.mx\/es\/bienvenida-del-headteacher\/","url":"https:\/\/edron.edu.mx\/es\/bienvenida-del-headteacher\/","name":"The Edron Academy Bienvenida del director","isPartOf":{"@id":"https:\/\/edron.edu.mx\/es\/#website"},"datePublished":"2022-07-18T01:28:46+00:00","dateModified":"2024-11-12T17:21:38+00:00","description":"The Edron Academy es un Colegio inclusivo y solidario con un enfoque educativo basado en valores. Nuestros estudiantes aprenden en un entorno biling\u00fce y bicultural","breadcrumb":{"@id":"https:\/\/edron.edu.mx\/es\/bienvenida-del-headteacher\/#breadcrumb"},"inLanguage":"es","potentialAction":[{"@type":"ReadAction","target":["https:\/\/edron.edu.mx\/es\/bienvenida-del-headteacher\/"]}]},{"@type":"BreadcrumbList","@id":"https:\/\/edron.edu.mx\/es\/bienvenida-del-headteacher\/#breadcrumb","itemListElement":[{"@type":"ListItem","position":1,"name":"Home","item":"https:\/\/edron.edu.mx\/es\/"},{"@type":"ListItem","position":2,"name":"Comunidad","item":"https:\/\/edron.edu.mx\/es\/?page_id=21541"},{"@type":"ListItem","position":3,"name":"Bienvenida del Director"}]},{"@type":"WebSite","@id":"https:\/\/edron.edu.mx\/es\/#website","url":"https:\/\/edron.edu.mx\/es\/","name":"The Edron Academy (El Colegio Brit\u00e1nico, A.C.)","description":"","publisher":{"@id":"https:\/\/edron.edu.mx\/es\/#organization"},"potentialAction":[{"@type":"SearchAction","target":{"@type":"EntryPoint","urlTemplate":"https:\/\/edron.edu.mx\/es\/?s={search_term_string}"},"query-input":{"@type":"PropertyValueSpecification","valueRequired":true,"valueName":"search_term_string"}}],"inLanguage":"es"},{"@type":"Organization","@id":"https:\/\/edron.edu.mx\/es\/#organization","name":"The Edron Academy (El Colegio Brit\u00e1nico, A.C.)","url":"https:\/\/edron.edu.mx\/es\/","logo":{"@type":"ImageObject","inLanguage":"es","@id":"https:\/\/edron.edu.mx\/es\/#\/schema\/logo\/image\/","url":"https:\/\/i0.wp.com\/edron.edu.mx\/wp-content\/uploads\/2024\/10\/The-Edron-Academy.png?fit=418%2C168&ssl=1","contentUrl":"https:\/\/i0.wp.com\/edron.edu.mx\/wp-content\/uploads\/2024\/10\/The-Edron-Academy.png?fit=418%2C168&ssl=1","width":418,"height":168,"caption":"The Edron Academy (El Colegio Brit\u00e1nico, A.C.)"},"image":{"@id":"https:\/\/edron.edu.mx\/es\/#\/schema\/logo\/image\/"},"sameAs":["https:\/\/www.facebook.com\/TheEdronAcademy\/","https:\/\/x.com\/TheEdronAcademy","https:\/\/www.instagram.com\/theedronacademy\/?hl=es","https:\/\/www.youtube.com\/channel\/UCt_qlcLg2lJFtcTy0Vx7LxA"]}]}},"jetpack_sharing_enabled":true,"_links":{"self":[{"href":"https:\/\/edron.edu.mx\/es\/wp-json\/wp\/v2\/pages\/19914","targetHints":{"allow":["GET"]}}],"collection":[{"href":"https:\/\/edron.edu.mx\/es\/wp-json\/wp\/v2\/pages"}],"about":[{"href":"https:\/\/edron.edu.mx\/es\/wp-json\/wp\/v2\/types\/page"}],"author":[{"embeddable":true,"href":"https:\/\/edron.edu.mx\/es\/wp-json\/wp\/v2\/users\/3"}],"replies":[{"embeddable":true,"href":"https:\/\/edron.edu.mx\/es\/wp-json\/wp\/v2\/comments?post=19914"}],"version-history":[{"count":5,"href":"https:\/\/edron.edu.mx\/es\/wp-json\/wp\/v2\/pages\/19914\/revisions"}],"predecessor-version":[{"id":22366,"href":"https:\/\/edron.edu.mx\/es\/wp-json\/wp\/v2\/pages\/19914\/revisions\/22366"}],"up":[{"embeddable":true,"href":"https:\/\/edron.edu.mx\/es\/wp-json\/wp\/v2\/pages\/21541"}],"wp:attachment":[{"href":"https:\/\/edron.edu.mx\/es\/wp-json\/wp\/v2\/media?parent=19914"}],"curies":[{"name":"wp","href":"https:\/\/api.w.org\/{rel}","templated":true}]}}