{"id":19920,"date":"2022-07-18T00:48:38","date_gmt":"2022-07-18T00:48:38","guid":{"rendered":"https:\/\/edron.edu.mx\/perspectiva-internacional\/"},"modified":"2024-08-19T21:45:26","modified_gmt":"2024-08-19T21:45:26","slug":"enfoque-internacional","status":"publish","type":"page","link":"https:\/\/edron.edu.mx\/es\/enfoque-internacional\/","title":{"rendered":"Enfoque Internacional"},"content":{"rendered":"<div class=\"wpb-content-wrapper\"><p>[vc_row][vc_column][vc_custom_heading text=&#8221;Enfoque Internacional&#8221; font_container=&#8221;tag:h1|text_align:center|color:%23002ca8&#8243; use_theme_fonts=&#8221;yes&#8221; css=&#8221;.vc_custom_1662518560219{margin-top: 0px !important;margin-bottom: 20px !important;}&#8221;][vc_empty_space height=&#8221;50px&#8221;][vc_custom_heading text=&#8221;The Edron Academy se enorgullece de ofrecer un ambiente totalmente biling\u00fce en el que los estudiantes est\u00e1n inmersos tanto en la lengua inglesa como en la espa\u00f1ola.&#8221; font_container=&#8221;tag:h4|text_align:left|color:%23000000&#8243; use_theme_fonts=&#8221;yes&#8221;][vc_column_text]<\/p>\n<blockquote>\n<p style=\"text-align: justify;\">Los estudiantes trabajan con profesores de ingl\u00e9s nativo y personal totalmente biling\u00fce para desarrollar un conocimiento m\u00e1s profundo del idioma, utilizando los mejores enfoques pedag\u00f3gicos respaldados por las investigaciones. Este enfoque les permite a los alumnos ver el mundo desde diferentes perspectivas y a trav\u00e9s de distintas sensibilidades y lentes culturales.<\/p>\n<\/blockquote>\n<p>[\/vc_column_text][vc_custom_heading text=&#8221;Creemos que la individualidad de cada estudiante y su conjunto \u00fanico de experiencias, habilidades e intereses, deben ser considerados en el proceso de ense\u00f1anza y aprendizaje. Para The Edron Academy, el multiling\u00fcismo y el desarrollo de la alfabetizaci\u00f3n cr\u00edtica se consideran factores importantes para fomentar la mentalidad internacional a trav\u00e9s de la estimulaci\u00f3n de la identidad cultural, la conciencia intercultural y la ciudadan\u00eda global.&#8221; font_container=&#8221;tag:p|text_align:justify&#8221; use_theme_fonts=&#8221;yes&#8221;][vc_empty_space][vc_single_image image=&#8221;19675&#8243; img_size=&#8221;full&#8221; css_animation=&#8221;fadeIn&#8221; css=&#8221;.vc_custom_1658104447969{margin-bottom: 0px !important;}&#8221;][vc_empty_space][vc_custom_heading text=&#8221;Como Colegio Internacional Brit\u00e1nico situado en la Ciudad de M\u00e9xico, estamos fuertemente comprometidos con la internacionalizaci\u00f3n. Por esta raz\u00f3n, proporcionamos a los estudiantes el acceso a un est\u00e1ndar de calidad alto en espa\u00f1ol el ingl\u00e9s como idiomas principales de ense\u00f1anza. Ofrecemos un atractivo y estimulante programa educativo biling\u00fce con un \u00e9nfasis espec\u00edfico en la cultura e idioma ingl\u00e9s con aproximadamente el 80% de las clases impartidas en este idioma. Nos esforzamos por empoderar a nuestros alumnos, alent\u00e1ndolos a ser independientes y a asumir responsabilidades a nivel local dentro de un contexto internacional.&#8221; font_container=&#8221;tag:p|text_align:justify&#8221; use_theme_fonts=&#8221;yes&#8221;][vc_custom_heading text=&#8221;En The Edron Academy valoramos la riqueza de las culturas brit\u00e1nica y mexicana e integramos la diversidad de cada idioma y cultura en nuestro plan de estudios. Los estudiantes del Edron tienen una verdadera mentalidad internacional y est\u00e1n preparados para el \u00e9xito en un mundo globalmente conectado.&#8221; font_container=&#8221;tag:p|text_align:justify&#8221; use_theme_fonts=&#8221;yes&#8221;][\/vc_column][\/vc_row][vc_row css=&#8221;.vc_custom_1488897097455{padding-top: 10px !important;}&#8221;][vc_column][vc_separator border_width=&#8221;4&#8243; css=&#8221;.vc_custom_1491471819352{margin-bottom: 0px !important;}&#8221;][\/vc_column][\/vc_row][vc_row][vc_column][vc_empty_space height=&#8221;50px&#8221;][vc_custom_heading text=&#8221;The Edron Academy, el colegio brit\u00e1nico internacional de M\u00e9xico&#8221; font_container=&#8221;tag:h4|text_align:left|color:%23000000&#8243; use_theme_fonts=&#8221;yes&#8221;][vc_empty_space height=&#8221;20px&#8221;][vc_custom_heading text=&#8221;En The Edron Academy preparamos a los estudiantes para convertirse en ciudadanos globales exitosos. Contamos con personal y estudiantes de diversas nacionalidades, como: mexicanos, brit\u00e1nicos, estadounidenses, espa\u00f1oles, australianos, indios, alemanes, canadienses, brasile\u00f1os, franceses, peruanos, entre otros.&#8221; font_container=&#8221;tag:p|text_align:justify&#8221; use_theme_fonts=&#8221;yes&#8221;][vc_empty_space height=&#8221;50px&#8221;][vc_images_carousel images=&#8221;21796,21784,21762,21764,21766,21768,21798,21770,21772,21774,21776,21778,21780,21782,21786,21788,21790,21794,21792&#8243; img_size=&#8221;full&#8221; onclick=&#8221;link_no&#8221; speed=&#8221;1200&#8243; slides_per_view=&#8221;5&#8243; autoplay=&#8221;yes&#8221; hide_pagination_control=&#8221;yes&#8221; wrap=&#8221;yes&#8221; el_class=&#8221;vc_custominfiniteloop&#8221;][vc_empty_space height=&#8221;50px&#8221;][\/vc_column][\/vc_row][vc_row][vc_column][vc_media_grid element_width=&#8221;3&#8243; gap=&#8221;0&#8243; item=&#8221;518&#8243; grid_id=&#8221;vc_gid:1724103799467-d1d49ed1-cbc1-10&#8243; include=&#8221;21672,21600,21803,21801&#8243;][\/vc_column][\/vc_row]<\/p>\n<\/div>","protected":false},"excerpt":{"rendered":"<p>[vc_row][vc_column][vc_custom_heading text=&#8221;Enfoque Internacional&#8221; font_container=&#8221;tag:h1|text_align:center|color:%23002ca8&#8243; use_theme_fonts=&#8221;yes&#8221; css=&#8221;.vc_custom_1662518560219{margin-top: 0px !important;margin-bottom: 20px !important;}&#8221;][vc_empty_space height=&#8221;50px&#8221;][vc_custom_heading text=&#8221;The Edron Academy se enorgullece de ofrecer un ambiente totalmente biling\u00fce en el que los estudiantes est\u00e1n inmersos tanto en la lengua inglesa como en la espa\u00f1ola.&#8221; font_container=&#8221;tag:h4|text_align:left|color:%23000000&#8243; use_theme_fonts=&#8221;yes&#8221;][vc_column_text] Los estudiantes trabajan con profesores&nbsp;<a href=\"https:\/\/edron.edu.mx\/es\/enfoque-internacional\/\">&hellip;<\/a><\/p>\n","protected":false},"author":3,"featured_media":0,"parent":21541,"menu_order":5,"comment_status":"closed","ping_status":"closed","template":"template-sidebar-right-childpages.php","meta":{"nf_dc_page":"","footnotes":""},"class_list":["post-19920","page","type-page","status-publish","hentry","odd"],"yoast_head":"<!-- This site is optimized with the Yoast SEO plugin v27.4 - https:\/\/yoast.com\/product\/yoast-seo-wordpress\/ -->\n<title>Enfoque Internacional - The Edron Academy (El Colegio Brit\u00e1nico, A.C.)<\/title>\n<meta name=\"robots\" content=\"index, follow, max-snippet:-1, max-image-preview:large, max-video-preview:-1\" \/>\n<link rel=\"canonical\" href=\"https:\/\/edron.edu.mx\/es\/enfoque-internacional\/\" \/>\n<meta property=\"og:locale\" content=\"es_ES\" \/>\n<meta property=\"og:type\" content=\"article\" \/>\n<meta property=\"og:title\" content=\"Enfoque Internacional - The Edron Academy (El Colegio Brit\u00e1nico, A.C.)\" \/>\n<meta property=\"og:description\" content=\"[vc_row][vc_column][vc_custom_heading text=&#8221;Enfoque Internacional&#8221; font_container=&#8221;tag:h1|text_align:center|color:%23002ca8&#8243; use_theme_fonts=&#8221;yes&#8221; css=&#8221;.vc_custom_1662518560219{margin-top: 0px !important;margin-bottom: 20px !important;}&#8221;][vc_empty_space height=&#8221;50px&#8221;][vc_custom_heading text=&#8221;The Edron Academy se enorgullece de ofrecer un ambiente totalmente biling\u00fce en el que los estudiantes est\u00e1n inmersos tanto en la lengua inglesa como en la espa\u00f1ola.&#8221; font_container=&#8221;tag:h4|text_align:left|color:%23000000&#8243; use_theme_fonts=&#8221;yes&#8221;][vc_column_text] Los estudiantes trabajan con profesores&nbsp;&hellip;\" \/>\n<meta property=\"og:url\" content=\"https:\/\/edron.edu.mx\/es\/enfoque-internacional\/\" \/>\n<meta property=\"og:site_name\" content=\"The Edron Academy (El Colegio Brit\u00e1nico, A.C.)\" \/>\n<meta property=\"article:publisher\" content=\"https:\/\/www.facebook.com\/TheEdronAcademy\/\" \/>\n<meta property=\"article:modified_time\" content=\"2024-08-19T21:45:26+00:00\" \/>\n<meta name=\"twitter:card\" content=\"summary_large_image\" \/>\n<meta name=\"twitter:site\" content=\"@TheEdronAcademy\" \/>\n<meta name=\"twitter:label1\" content=\"Tiempo de lectura\" \/>\n\t<meta name=\"twitter:data1\" content=\"2 minutos\" \/>\n<script type=\"application\/ld+json\" class=\"yoast-schema-graph\">{\"@context\":\"https:\\\/\\\/schema.org\",\"@graph\":[{\"@type\":\"WebPage\",\"@id\":\"https:\\\/\\\/edron.edu.mx\\\/es\\\/enfoque-internacional\\\/\",\"url\":\"https:\\\/\\\/edron.edu.mx\\\/es\\\/enfoque-internacional\\\/\",\"name\":\"Enfoque Internacional - The Edron Academy (El Colegio Brit\u00e1nico, A.C.)\",\"isPartOf\":{\"@id\":\"https:\\\/\\\/edron.edu.mx\\\/es\\\/#website\"},\"datePublished\":\"2022-07-18T00:48:38+00:00\",\"dateModified\":\"2024-08-19T21:45:26+00:00\",\"breadcrumb\":{\"@id\":\"https:\\\/\\\/edron.edu.mx\\\/es\\\/enfoque-internacional\\\/#breadcrumb\"},\"inLanguage\":\"es\",\"potentialAction\":[{\"@type\":\"ReadAction\",\"target\":[\"https:\\\/\\\/edron.edu.mx\\\/es\\\/enfoque-internacional\\\/\"]}]},{\"@type\":\"BreadcrumbList\",\"@id\":\"https:\\\/\\\/edron.edu.mx\\\/es\\\/enfoque-internacional\\\/#breadcrumb\",\"itemListElement\":[{\"@type\":\"ListItem\",\"position\":1,\"name\":\"Home\",\"item\":\"https:\\\/\\\/edron.edu.mx\\\/es\\\/\"},{\"@type\":\"ListItem\",\"position\":2,\"name\":\"Comunidad\",\"item\":\"https:\\\/\\\/edron.edu.mx\\\/es\\\/?page_id=21541\"},{\"@type\":\"ListItem\",\"position\":3,\"name\":\"Enfoque Internacional\"}]},{\"@type\":\"WebSite\",\"@id\":\"https:\\\/\\\/edron.edu.mx\\\/es\\\/#website\",\"url\":\"https:\\\/\\\/edron.edu.mx\\\/es\\\/\",\"name\":\"The Edron Academy (El Colegio Brit\u00e1nico, A.C.)\",\"description\":\"\",\"publisher\":{\"@id\":\"https:\\\/\\\/edron.edu.mx\\\/es\\\/#organization\"},\"potentialAction\":[{\"@type\":\"SearchAction\",\"target\":{\"@type\":\"EntryPoint\",\"urlTemplate\":\"https:\\\/\\\/edron.edu.mx\\\/es\\\/?s={search_term_string}\"},\"query-input\":{\"@type\":\"PropertyValueSpecification\",\"valueRequired\":true,\"valueName\":\"search_term_string\"}}],\"inLanguage\":\"es\"},{\"@type\":\"Organization\",\"@id\":\"https:\\\/\\\/edron.edu.mx\\\/es\\\/#organization\",\"name\":\"The Edron Academy (El Colegio Brit\u00e1nico, A.C.)\",\"url\":\"https:\\\/\\\/edron.edu.mx\\\/es\\\/\",\"logo\":{\"@type\":\"ImageObject\",\"inLanguage\":\"es\",\"@id\":\"https:\\\/\\\/edron.edu.mx\\\/es\\\/#\\\/schema\\\/logo\\\/image\\\/\",\"url\":\"https:\\\/\\\/i0.wp.com\\\/edron.edu.mx\\\/wp-content\\\/uploads\\\/2024\\\/10\\\/The-Edron-Academy.png?fit=418%2C168&ssl=1\",\"contentUrl\":\"https:\\\/\\\/i0.wp.com\\\/edron.edu.mx\\\/wp-content\\\/uploads\\\/2024\\\/10\\\/The-Edron-Academy.png?fit=418%2C168&ssl=1\",\"width\":418,\"height\":168,\"caption\":\"The Edron Academy (El Colegio Brit\u00e1nico, A.C.)\"},\"image\":{\"@id\":\"https:\\\/\\\/edron.edu.mx\\\/es\\\/#\\\/schema\\\/logo\\\/image\\\/\"},\"sameAs\":[\"https:\\\/\\\/www.facebook.com\\\/TheEdronAcademy\\\/\",\"https:\\\/\\\/x.com\\\/TheEdronAcademy\",\"https:\\\/\\\/www.instagram.com\\\/theedronacademy\\\/?hl=es\",\"https:\\\/\\\/www.youtube.com\\\/channel\\\/UCt_qlcLg2lJFtcTy0Vx7LxA\"]}]}<\/script>\n<!-- \/ Yoast SEO plugin. -->","yoast_head_json":{"title":"Enfoque Internacional - The Edron Academy (El Colegio Brit\u00e1nico, A.C.)","robots":{"index":"index","follow":"follow","max-snippet":"max-snippet:-1","max-image-preview":"max-image-preview:large","max-video-preview":"max-video-preview:-1"},"canonical":"https:\/\/edron.edu.mx\/es\/enfoque-internacional\/","og_locale":"es_ES","og_type":"article","og_title":"Enfoque Internacional - The Edron Academy (El Colegio Brit\u00e1nico, A.C.)","og_description":"[vc_row][vc_column][vc_custom_heading text=&#8221;Enfoque Internacional&#8221; font_container=&#8221;tag:h1|text_align:center|color:%23002ca8&#8243; use_theme_fonts=&#8221;yes&#8221; css=&#8221;.vc_custom_1662518560219{margin-top: 0px !important;margin-bottom: 20px !important;}&#8221;][vc_empty_space height=&#8221;50px&#8221;][vc_custom_heading text=&#8221;The Edron Academy se enorgullece de ofrecer un ambiente totalmente biling\u00fce en el que los estudiantes est\u00e1n inmersos tanto en la lengua inglesa como en la espa\u00f1ola.&#8221; font_container=&#8221;tag:h4|text_align:left|color:%23000000&#8243; use_theme_fonts=&#8221;yes&#8221;][vc_column_text] Los estudiantes trabajan con profesores&nbsp;&hellip;","og_url":"https:\/\/edron.edu.mx\/es\/enfoque-internacional\/","og_site_name":"The Edron Academy (El Colegio Brit\u00e1nico, A.C.)","article_publisher":"https:\/\/www.facebook.com\/TheEdronAcademy\/","article_modified_time":"2024-08-19T21:45:26+00:00","twitter_card":"summary_large_image","twitter_site":"@TheEdronAcademy","twitter_misc":{"Tiempo de lectura":"2 minutos"},"schema":{"@context":"https:\/\/schema.org","@graph":[{"@type":"WebPage","@id":"https:\/\/edron.edu.mx\/es\/enfoque-internacional\/","url":"https:\/\/edron.edu.mx\/es\/enfoque-internacional\/","name":"Enfoque Internacional - The Edron Academy (El Colegio Brit\u00e1nico, A.C.)","isPartOf":{"@id":"https:\/\/edron.edu.mx\/es\/#website"},"datePublished":"2022-07-18T00:48:38+00:00","dateModified":"2024-08-19T21:45:26+00:00","breadcrumb":{"@id":"https:\/\/edron.edu.mx\/es\/enfoque-internacional\/#breadcrumb"},"inLanguage":"es","potentialAction":[{"@type":"ReadAction","target":["https:\/\/edron.edu.mx\/es\/enfoque-internacional\/"]}]},{"@type":"BreadcrumbList","@id":"https:\/\/edron.edu.mx\/es\/enfoque-internacional\/#breadcrumb","itemListElement":[{"@type":"ListItem","position":1,"name":"Home","item":"https:\/\/edron.edu.mx\/es\/"},{"@type":"ListItem","position":2,"name":"Comunidad","item":"https:\/\/edron.edu.mx\/es\/?page_id=21541"},{"@type":"ListItem","position":3,"name":"Enfoque Internacional"}]},{"@type":"WebSite","@id":"https:\/\/edron.edu.mx\/es\/#website","url":"https:\/\/edron.edu.mx\/es\/","name":"The Edron Academy (El Colegio Brit\u00e1nico, A.C.)","description":"","publisher":{"@id":"https:\/\/edron.edu.mx\/es\/#organization"},"potentialAction":[{"@type":"SearchAction","target":{"@type":"EntryPoint","urlTemplate":"https:\/\/edron.edu.mx\/es\/?s={search_term_string}"},"query-input":{"@type":"PropertyValueSpecification","valueRequired":true,"valueName":"search_term_string"}}],"inLanguage":"es"},{"@type":"Organization","@id":"https:\/\/edron.edu.mx\/es\/#organization","name":"The Edron Academy (El Colegio Brit\u00e1nico, A.C.)","url":"https:\/\/edron.edu.mx\/es\/","logo":{"@type":"ImageObject","inLanguage":"es","@id":"https:\/\/edron.edu.mx\/es\/#\/schema\/logo\/image\/","url":"https:\/\/i0.wp.com\/edron.edu.mx\/wp-content\/uploads\/2024\/10\/The-Edron-Academy.png?fit=418%2C168&ssl=1","contentUrl":"https:\/\/i0.wp.com\/edron.edu.mx\/wp-content\/uploads\/2024\/10\/The-Edron-Academy.png?fit=418%2C168&ssl=1","width":418,"height":168,"caption":"The Edron Academy (El Colegio Brit\u00e1nico, A.C.)"},"image":{"@id":"https:\/\/edron.edu.mx\/es\/#\/schema\/logo\/image\/"},"sameAs":["https:\/\/www.facebook.com\/TheEdronAcademy\/","https:\/\/x.com\/TheEdronAcademy","https:\/\/www.instagram.com\/theedronacademy\/?hl=es","https:\/\/www.youtube.com\/channel\/UCt_qlcLg2lJFtcTy0Vx7LxA"]}]}},"jetpack_sharing_enabled":true,"_links":{"self":[{"href":"https:\/\/edron.edu.mx\/es\/wp-json\/wp\/v2\/pages\/19920","targetHints":{"allow":["GET"]}}],"collection":[{"href":"https:\/\/edron.edu.mx\/es\/wp-json\/wp\/v2\/pages"}],"about":[{"href":"https:\/\/edron.edu.mx\/es\/wp-json\/wp\/v2\/types\/page"}],"author":[{"embeddable":true,"href":"https:\/\/edron.edu.mx\/es\/wp-json\/wp\/v2\/users\/3"}],"replies":[{"embeddable":true,"href":"https:\/\/edron.edu.mx\/es\/wp-json\/wp\/v2\/comments?post=19920"}],"version-history":[{"count":5,"href":"https:\/\/edron.edu.mx\/es\/wp-json\/wp\/v2\/pages\/19920\/revisions"}],"predecessor-version":[{"id":21961,"href":"https:\/\/edron.edu.mx\/es\/wp-json\/wp\/v2\/pages\/19920\/revisions\/21961"}],"up":[{"embeddable":true,"href":"https:\/\/edron.edu.mx\/es\/wp-json\/wp\/v2\/pages\/21541"}],"wp:attachment":[{"href":"https:\/\/edron.edu.mx\/es\/wp-json\/wp\/v2\/media?parent=19920"}],"curies":[{"name":"wp","href":"https:\/\/api.w.org\/{rel}","templated":true}]}}