{"id":19924,"date":"2017-02-14T08:33:21","date_gmt":"2017-02-14T08:33:21","guid":{"rendered":"https:\/\/edron.edu.mx\/reconocimiento-internacional\/"},"modified":"2025-08-18T21:58:57","modified_gmt":"2025-08-18T21:58:57","slug":"acreditaciones","status":"publish","type":"page","link":"https:\/\/edron.edu.mx\/es\/acreditaciones\/","title":{"rendered":"Acreditaciones"},"content":{"rendered":"<div class=\"wpb-content-wrapper\"><p>[vc_row][vc_column css=&#8221;.vc_custom_1491470918309{margin-bottom: 0px !important;}&#8221;][vc_custom_heading text=&#8221;Nuestras acreditaciones&#8221; font_container=&#8221;tag:h1|text_align:center|color:%23002ca8&#8243; use_theme_fonts=&#8221;yes&#8221; css=&#8221;.vc_custom_1724026829243{margin-top: 0px !important;margin-bottom: 20px !important;}&#8221;][vc_custom_heading text=&#8221;Reconocimiento internacional&#8221; font_container=&#8221;tag:h3|font_size:14|text_align:center|color:%23002ca8&#8243; use_theme_fonts=&#8221;yes&#8221; css=&#8221;.vc_custom_1724026845209{margin-top: 0px !important;margin-bottom: 20px !important;}&#8221; el_class=&#8221;line-before-and-after&#8221;][vc_empty_space height=&#8221;40px&#8221;][\/vc_column][\/vc_row][vc_row][vc_column][vc_row_inner][vc_column_inner width=&#8221;1\/2&#8243;][vc_single_image image=&#8221;21743&#8243; img_size=&#8221;full&#8221; alignment=&#8221;center&#8221;][vc_custom_heading text=&#8221;COBIS&#8221; font_container=&#8221;tag:h4|font_size:14|text_align:center&#8221; use_theme_fonts=&#8221;yes&#8221;][vc_column_text]<\/p>\n<p style=\"text-align: center;\">Para mayor informaci\u00f3n:<br \/>\n<a href=\"https:\/\/www.cobis.org.uk\/\" target=\"_blank\" rel=\"noopener\">www.cobis.org.uk<\/a><\/p>\n<p>[\/vc_column_text][\/vc_column_inner][vc_column_inner width=&#8221;1\/2&#8243;][vc_single_image image=&#8221;21745&#8243; img_size=&#8221;full&#8221; alignment=&#8221;center&#8221;][vc_custom_heading text=&#8221;AGBIS&#8221; font_container=&#8221;tag:h4|font_size:14|text_align:center&#8221; use_theme_fonts=&#8221;yes&#8221;][vc_column_text]<\/p>\n<p style=\"text-align: center;\">Para mayor informaci\u00f3n:<br \/>\n<a href=\"https:\/\/www.agbis.org.uk\/\" target=\"_blank\" rel=\"noopener\">www.agbis.org.uk<\/a><\/p>\n<p>[\/vc_column_text][\/vc_column_inner][vc_column_inner][vc_empty_space height=&#8221;50px&#8221;][\/vc_column_inner][\/vc_row_inner][vc_row_inner][vc_column_inner width=&#8221;1\/2&#8243;][vc_single_image image=&#8221;22528&#8243; img_size=&#8221;full&#8221; alignment=&#8221;center&#8221; css=&#8221;&#8221;][vc_custom_heading text=&#8221;Cambridge Assessment International Education&#8221; font_container=&#8221;tag:h4|font_size:14|text_align:center&#8221; use_theme_fonts=&#8221;yes&#8221;][vc_column_text]<\/p>\n<p style=\"text-align: center;\">Para mayor informaci\u00f3n:<\/p>\n<p style=\"text-align: center;\"><a href=\"https:\/\/www.cambridgeinternational.org\/\" target=\"_blank\" rel=\"noopener\">https:\/\/www.cambridgeinternational.org\/<\/a><\/p>\n<p>[\/vc_column_text][\/vc_column_inner][vc_column_inner width=&#8221;1\/2&#8243;][vc_single_image image=&#8221;21751&#8243; img_size=&#8221;full&#8221; alignment=&#8221;center&#8221;][vc_custom_heading text=&#8221;The International Baccalaureate (IB) Diploma Programme&#8221; font_container=&#8221;tag:h4|font_size:14|text_align:center&#8221; use_theme_fonts=&#8221;yes&#8221;][vc_column_text]<\/p>\n<p style=\"text-align: center;\">Para mayor informaci\u00f3n:<br \/>\n<a href=\"https:\/\/www.ibo.org\/\" target=\"_blank\" rel=\"noopener\">www.ibo.org<\/a><\/p>\n<p>[\/vc_column_text][\/vc_column_inner][\/vc_row_inner][vc_empty_space height=&#8221;50px&#8221;][vc_row_inner][vc_column_inner width=&#8221;1\/2&#8243;][vc_single_image image=&#8221;21749&#8243; img_size=&#8221;full&#8221; alignment=&#8221;center&#8221;][vc_custom_heading text=&#8221;The Duke of Edinburgh\u00b4s International Award&#8221; font_container=&#8221;tag:h4|font_size:14|text_align:center&#8221; use_theme_fonts=&#8221;yes&#8221;][vc_column_text]<\/p>\n<p style=\"text-align: center;\">Para mayor informaci\u00f3n:<\/p>\n<p style=\"text-align: center;\"><a href=\"https:\/\/intaward.org\/\" target=\"_blank\" rel=\"noopener noreferrer\">https:\/\/intaward.org\/<\/a><\/p>\n<p>[\/vc_column_text][\/vc_column_inner][vc_column_inner width=&#8221;1\/2&#8243;][vc_single_image image=&#8221;21747&#8243; img_size=&#8221;full&#8221; alignment=&#8221;center&#8221;][vc_custom_heading text=&#8221;British Schools Overseas&#8221; font_container=&#8221;tag:h4|font_size:14|text_align:center&#8221; use_theme_fonts=&#8221;yes&#8221;][vc_column_text]<\/p>\n<p style=\"text-align: center;\">Para mayor informaci\u00f3n:<br \/>\n<a href=\"https:\/\/www.gov.uk\/government\/publications\/british-schools-overseas-inspection-reports\/british-schools-overseas-accredited-schools-inspection-reports\" target=\"_blank\" rel=\"noopener\">https:\/\/www.gov.uk\/<\/a><\/p>\n<p>[\/vc_column_text][\/vc_column_inner][\/vc_row_inner][vc_empty_space height=&#8221;50px&#8221;][vc_row_inner][vc_column_inner width=&#8221;1\/2&#8243;][vc_single_image image=&#8221;21755&#8243; img_size=&#8221;full&#8221; alignment=&#8221;center&#8221;][vc_custom_heading text=&#8221;Latin American Heads Conference&#8221; font_container=&#8221;tag:h4|font_size:14|text_align:center&#8221; use_theme_fonts=&#8221;yes&#8221;][vc_column_text]<\/p>\n<p style=\"text-align: center;\">Para mayor informaci\u00f3n:<\/p>\n<p style=\"text-align: center;\"><a href=\"https:\/\/www.lahc.net\/\" target=\"_blank\" rel=\"noopener\">https:\/\/www.lahc.net\/<\/a><\/p>\n<p>[\/vc_column_text][\/vc_column_inner][vc_column_inner width=&#8221;1\/2&#8243;][\/vc_column_inner][\/vc_row_inner][\/vc_column][\/vc_row][vc_row disable_element=&#8221;yes&#8221;][vc_column width=&#8221;1\/4&#8243;]\t\t<div class=\"wh-content-box  scp_content_box-82d0b697f925bd164796f6a81cca6180\">\n\t\t\t\t\t\t\t\t\t\t\t\t[vc_single_image image=&#8221;19692&#8243; img_size=&#8221;full&#8221; alignment=&#8221;center&#8221; css_animation=&#8221;fadeIn&#8221; css=&#8221;.vc_custom_1660086807648{margin-bottom: 0px !important;}&#8221;]\t\t<\/div>\n\t\t[\/vc_column][vc_column width=&#8221;3\/4&#8243; css=&#8221;.vc_custom_1490018219588{margin-bottom: 0px !important;}&#8221;][vc_custom_heading text=&#8221;The Duke of Edinburgh\u2019s International Award&#8221; font_container=&#8221;tag:h4|text_align:left&#8221; use_theme_fonts=&#8221;yes&#8221; css=&#8221;.vc_custom_1660086861908{margin-top: 0px !important;margin-bottom: 2px !important;}&#8221;][vc_empty_space height=&#8221;20px&#8221;][vc_separator border_width=&#8221;4&#8243; css=&#8221;.vc_custom_1490017998048{margin-bottom: 15px !important;}&#8221;][vc_column_text css=&#8221;.vc_custom_1662522879293{margin-bottom: 0px !important;}&#8221;]<\/p>\n<p style=\"text-align: justify;\">El Premio Internacional del Duque de Edimburgo es un programa de educaci\u00f3n y aprendizaje no formal que funciona en m\u00e1s de 130 pa\u00edses y territorios de todo el mundo, a trav\u00e9s del cual se reconocen y celebran los logros de los j\u00f3venes fuera del \u00e1mbito acad\u00e9mico.<\/p>\n<p style=\"text-align: justify;\">Mediante la participaci\u00f3n en el servicio voluntario, los deportes, el descubrimiento de intereses y talentos personales y el aprendizaje del liderazgo a trav\u00e9s de actividades de aventura, los j\u00f3venes se convierten en estudiantes seguros, reflexivos y comprometidos; en resumen, se preparan para el mundo.<\/p>\n<p style=\"text-align: justify;\">Para mayor informaci\u00f3n, visite:<\/p>\n<p><a href=\"https:\/\/intaward.org\/\" target=\"_blank\" rel=\"noopener noreferrer\">https:\/\/intaward.org\/<\/a>[\/vc_column_text][vc_empty_space height=&#8221;60px&#8221;][\/vc_column][\/vc_row]<\/p>\n<\/div>","protected":false},"excerpt":{"rendered":"<p>[vc_row][vc_column css=&#8221;.vc_custom_1491470918309{margin-bottom: 0px !important;}&#8221;][vc_custom_heading text=&#8221;Nuestras acreditaciones&#8221; font_container=&#8221;tag:h1|text_align:center|color:%23002ca8&#8243; use_theme_fonts=&#8221;yes&#8221; css=&#8221;.vc_custom_1724026829243{margin-top: 0px !important;margin-bottom: 20px !important;}&#8221;][vc_custom_heading text=&#8221;Reconocimiento internacional&#8221; font_container=&#8221;tag:h3|font_size:14|text_align:center|color:%23002ca8&#8243; use_theme_fonts=&#8221;yes&#8221; css=&#8221;.vc_custom_1724026845209{margin-top: 0px !important;margin-bottom: 20px !important;}&#8221; el_class=&#8221;line-before-and-after&#8221;][vc_empty_space height=&#8221;40px&#8221;][\/vc_column][\/vc_row][vc_row][vc_column][vc_row_inner][vc_column_inner width=&#8221;1\/2&#8243;][vc_single_image image=&#8221;21743&#8243; img_size=&#8221;full&#8221; alignment=&#8221;center&#8221;][vc_custom_heading text=&#8221;COBIS&#8221; font_container=&#8221;tag:h4|font_size:14|text_align:center&#8221; use_theme_fonts=&#8221;yes&#8221;][vc_column_text] Para mayor informaci\u00f3n: www.cobis.org.uk [\/vc_column_text][\/vc_column_inner][vc_column_inner width=&#8221;1\/2&#8243;][vc_single_image image=&#8221;21745&#8243; img_size=&#8221;full&#8221; alignment=&#8221;center&#8221;][vc_custom_heading text=&#8221;AGBIS&#8221; font_container=&#8221;tag:h4|font_size:14|text_align:center&#8221; use_theme_fonts=&#8221;yes&#8221;][vc_column_text] Para mayor&nbsp;<a href=\"https:\/\/edron.edu.mx\/es\/acreditaciones\/\">&hellip;<\/a><\/p>\n","protected":false},"author":3,"featured_media":0,"parent":21541,"menu_order":4,"comment_status":"closed","ping_status":"closed","template":"template-sidebar-right-childpages.php","meta":{"nf_dc_page":"","footnotes":""},"class_list":["post-19924","page","type-page","status-publish","hentry","odd"],"yoast_head":"<!-- This site is optimized with the Yoast SEO plugin v27.4 - https:\/\/yoast.com\/product\/yoast-seo-wordpress\/ -->\n<title>Acreditaciones - The Edron Academy (El Colegio Brit\u00e1nico, A.C.)<\/title>\n<meta name=\"robots\" content=\"index, follow, max-snippet:-1, max-image-preview:large, max-video-preview:-1\" \/>\n<link rel=\"canonical\" href=\"https:\/\/edron.edu.mx\/es\/acreditaciones\/\" \/>\n<meta property=\"og:locale\" content=\"es_ES\" \/>\n<meta property=\"og:type\" content=\"article\" \/>\n<meta property=\"og:title\" content=\"Acreditaciones - The Edron Academy (El Colegio Brit\u00e1nico, A.C.)\" \/>\n<meta property=\"og:description\" content=\"[vc_row][vc_column css=&#8221;.vc_custom_1491470918309{margin-bottom: 0px !important;}&#8221;][vc_custom_heading text=&#8221;Nuestras acreditaciones&#8221; font_container=&#8221;tag:h1|text_align:center|color:%23002ca8&#8243; use_theme_fonts=&#8221;yes&#8221; css=&#8221;.vc_custom_1724026829243{margin-top: 0px !important;margin-bottom: 20px !important;}&#8221;][vc_custom_heading text=&#8221;Reconocimiento internacional&#8221; font_container=&#8221;tag:h3|font_size:14|text_align:center|color:%23002ca8&#8243; use_theme_fonts=&#8221;yes&#8221; css=&#8221;.vc_custom_1724026845209{margin-top: 0px !important;margin-bottom: 20px !important;}&#8221; el_class=&#8221;line-before-and-after&#8221;][vc_empty_space height=&#8221;40px&#8221;][\/vc_column][\/vc_row][vc_row][vc_column][vc_row_inner][vc_column_inner width=&#8221;1\/2&#8243;][vc_single_image image=&#8221;21743&#8243; img_size=&#8221;full&#8221; alignment=&#8221;center&#8221;][vc_custom_heading text=&#8221;COBIS&#8221; font_container=&#8221;tag:h4|font_size:14|text_align:center&#8221; use_theme_fonts=&#8221;yes&#8221;][vc_column_text] Para mayor informaci\u00f3n: www.cobis.org.uk [\/vc_column_text][\/vc_column_inner][vc_column_inner width=&#8221;1\/2&#8243;][vc_single_image image=&#8221;21745&#8243; img_size=&#8221;full&#8221; alignment=&#8221;center&#8221;][vc_custom_heading text=&#8221;AGBIS&#8221; font_container=&#8221;tag:h4|font_size:14|text_align:center&#8221; use_theme_fonts=&#8221;yes&#8221;][vc_column_text] Para mayor&nbsp;&hellip;\" \/>\n<meta property=\"og:url\" content=\"https:\/\/edron.edu.mx\/es\/acreditaciones\/\" \/>\n<meta property=\"og:site_name\" content=\"The Edron Academy (El Colegio Brit\u00e1nico, A.C.)\" \/>\n<meta property=\"article:publisher\" content=\"https:\/\/www.facebook.com\/TheEdronAcademy\/\" \/>\n<meta property=\"article:modified_time\" content=\"2025-08-18T21:58:57+00:00\" \/>\n<meta name=\"twitter:card\" content=\"summary_large_image\" \/>\n<meta name=\"twitter:site\" content=\"@TheEdronAcademy\" \/>\n<meta name=\"twitter:label1\" content=\"Tiempo de lectura\" \/>\n\t<meta name=\"twitter:data1\" content=\"3 minutos\" \/>\n<script type=\"application\/ld+json\" class=\"yoast-schema-graph\">{\"@context\":\"https:\\\/\\\/schema.org\",\"@graph\":[{\"@type\":\"WebPage\",\"@id\":\"https:\\\/\\\/edron.edu.mx\\\/es\\\/acreditaciones\\\/\",\"url\":\"https:\\\/\\\/edron.edu.mx\\\/es\\\/acreditaciones\\\/\",\"name\":\"Acreditaciones - The Edron Academy (El Colegio Brit\u00e1nico, A.C.)\",\"isPartOf\":{\"@id\":\"https:\\\/\\\/edron.edu.mx\\\/es\\\/#website\"},\"datePublished\":\"2017-02-14T08:33:21+00:00\",\"dateModified\":\"2025-08-18T21:58:57+00:00\",\"breadcrumb\":{\"@id\":\"https:\\\/\\\/edron.edu.mx\\\/es\\\/acreditaciones\\\/#breadcrumb\"},\"inLanguage\":\"es\",\"potentialAction\":[{\"@type\":\"ReadAction\",\"target\":[\"https:\\\/\\\/edron.edu.mx\\\/es\\\/acreditaciones\\\/\"]}]},{\"@type\":\"BreadcrumbList\",\"@id\":\"https:\\\/\\\/edron.edu.mx\\\/es\\\/acreditaciones\\\/#breadcrumb\",\"itemListElement\":[{\"@type\":\"ListItem\",\"position\":1,\"name\":\"Home\",\"item\":\"https:\\\/\\\/edron.edu.mx\\\/es\\\/\"},{\"@type\":\"ListItem\",\"position\":2,\"name\":\"Comunidad\",\"item\":\"https:\\\/\\\/edron.edu.mx\\\/es\\\/?page_id=21541\"},{\"@type\":\"ListItem\",\"position\":3,\"name\":\"Acreditaciones\"}]},{\"@type\":\"WebSite\",\"@id\":\"https:\\\/\\\/edron.edu.mx\\\/es\\\/#website\",\"url\":\"https:\\\/\\\/edron.edu.mx\\\/es\\\/\",\"name\":\"The Edron Academy (El Colegio Brit\u00e1nico, A.C.)\",\"description\":\"\",\"publisher\":{\"@id\":\"https:\\\/\\\/edron.edu.mx\\\/es\\\/#organization\"},\"potentialAction\":[{\"@type\":\"SearchAction\",\"target\":{\"@type\":\"EntryPoint\",\"urlTemplate\":\"https:\\\/\\\/edron.edu.mx\\\/es\\\/?s={search_term_string}\"},\"query-input\":{\"@type\":\"PropertyValueSpecification\",\"valueRequired\":true,\"valueName\":\"search_term_string\"}}],\"inLanguage\":\"es\"},{\"@type\":\"Organization\",\"@id\":\"https:\\\/\\\/edron.edu.mx\\\/es\\\/#organization\",\"name\":\"The Edron Academy (El Colegio Brit\u00e1nico, A.C.)\",\"url\":\"https:\\\/\\\/edron.edu.mx\\\/es\\\/\",\"logo\":{\"@type\":\"ImageObject\",\"inLanguage\":\"es\",\"@id\":\"https:\\\/\\\/edron.edu.mx\\\/es\\\/#\\\/schema\\\/logo\\\/image\\\/\",\"url\":\"https:\\\/\\\/i0.wp.com\\\/edron.edu.mx\\\/wp-content\\\/uploads\\\/2024\\\/10\\\/The-Edron-Academy.png?fit=418%2C168&ssl=1\",\"contentUrl\":\"https:\\\/\\\/i0.wp.com\\\/edron.edu.mx\\\/wp-content\\\/uploads\\\/2024\\\/10\\\/The-Edron-Academy.png?fit=418%2C168&ssl=1\",\"width\":418,\"height\":168,\"caption\":\"The Edron Academy (El Colegio Brit\u00e1nico, A.C.)\"},\"image\":{\"@id\":\"https:\\\/\\\/edron.edu.mx\\\/es\\\/#\\\/schema\\\/logo\\\/image\\\/\"},\"sameAs\":[\"https:\\\/\\\/www.facebook.com\\\/TheEdronAcademy\\\/\",\"https:\\\/\\\/x.com\\\/TheEdronAcademy\",\"https:\\\/\\\/www.instagram.com\\\/theedronacademy\\\/?hl=es\",\"https:\\\/\\\/www.youtube.com\\\/channel\\\/UCt_qlcLg2lJFtcTy0Vx7LxA\"]}]}<\/script>\n<!-- \/ Yoast SEO plugin. -->","yoast_head_json":{"title":"Acreditaciones - The Edron Academy (El Colegio Brit\u00e1nico, A.C.)","robots":{"index":"index","follow":"follow","max-snippet":"max-snippet:-1","max-image-preview":"max-image-preview:large","max-video-preview":"max-video-preview:-1"},"canonical":"https:\/\/edron.edu.mx\/es\/acreditaciones\/","og_locale":"es_ES","og_type":"article","og_title":"Acreditaciones - The Edron Academy (El Colegio Brit\u00e1nico, A.C.)","og_description":"[vc_row][vc_column css=&#8221;.vc_custom_1491470918309{margin-bottom: 0px !important;}&#8221;][vc_custom_heading text=&#8221;Nuestras acreditaciones&#8221; font_container=&#8221;tag:h1|text_align:center|color:%23002ca8&#8243; use_theme_fonts=&#8221;yes&#8221; css=&#8221;.vc_custom_1724026829243{margin-top: 0px !important;margin-bottom: 20px !important;}&#8221;][vc_custom_heading text=&#8221;Reconocimiento internacional&#8221; font_container=&#8221;tag:h3|font_size:14|text_align:center|color:%23002ca8&#8243; use_theme_fonts=&#8221;yes&#8221; css=&#8221;.vc_custom_1724026845209{margin-top: 0px !important;margin-bottom: 20px !important;}&#8221; el_class=&#8221;line-before-and-after&#8221;][vc_empty_space height=&#8221;40px&#8221;][\/vc_column][\/vc_row][vc_row][vc_column][vc_row_inner][vc_column_inner width=&#8221;1\/2&#8243;][vc_single_image image=&#8221;21743&#8243; img_size=&#8221;full&#8221; alignment=&#8221;center&#8221;][vc_custom_heading text=&#8221;COBIS&#8221; font_container=&#8221;tag:h4|font_size:14|text_align:center&#8221; use_theme_fonts=&#8221;yes&#8221;][vc_column_text] Para mayor informaci\u00f3n: www.cobis.org.uk [\/vc_column_text][\/vc_column_inner][vc_column_inner width=&#8221;1\/2&#8243;][vc_single_image image=&#8221;21745&#8243; img_size=&#8221;full&#8221; alignment=&#8221;center&#8221;][vc_custom_heading text=&#8221;AGBIS&#8221; font_container=&#8221;tag:h4|font_size:14|text_align:center&#8221; use_theme_fonts=&#8221;yes&#8221;][vc_column_text] Para mayor&nbsp;&hellip;","og_url":"https:\/\/edron.edu.mx\/es\/acreditaciones\/","og_site_name":"The Edron Academy (El Colegio Brit\u00e1nico, A.C.)","article_publisher":"https:\/\/www.facebook.com\/TheEdronAcademy\/","article_modified_time":"2025-08-18T21:58:57+00:00","twitter_card":"summary_large_image","twitter_site":"@TheEdronAcademy","twitter_misc":{"Tiempo de lectura":"3 minutos"},"schema":{"@context":"https:\/\/schema.org","@graph":[{"@type":"WebPage","@id":"https:\/\/edron.edu.mx\/es\/acreditaciones\/","url":"https:\/\/edron.edu.mx\/es\/acreditaciones\/","name":"Acreditaciones - The Edron Academy (El Colegio Brit\u00e1nico, A.C.)","isPartOf":{"@id":"https:\/\/edron.edu.mx\/es\/#website"},"datePublished":"2017-02-14T08:33:21+00:00","dateModified":"2025-08-18T21:58:57+00:00","breadcrumb":{"@id":"https:\/\/edron.edu.mx\/es\/acreditaciones\/#breadcrumb"},"inLanguage":"es","potentialAction":[{"@type":"ReadAction","target":["https:\/\/edron.edu.mx\/es\/acreditaciones\/"]}]},{"@type":"BreadcrumbList","@id":"https:\/\/edron.edu.mx\/es\/acreditaciones\/#breadcrumb","itemListElement":[{"@type":"ListItem","position":1,"name":"Home","item":"https:\/\/edron.edu.mx\/es\/"},{"@type":"ListItem","position":2,"name":"Comunidad","item":"https:\/\/edron.edu.mx\/es\/?page_id=21541"},{"@type":"ListItem","position":3,"name":"Acreditaciones"}]},{"@type":"WebSite","@id":"https:\/\/edron.edu.mx\/es\/#website","url":"https:\/\/edron.edu.mx\/es\/","name":"The Edron Academy (El Colegio Brit\u00e1nico, A.C.)","description":"","publisher":{"@id":"https:\/\/edron.edu.mx\/es\/#organization"},"potentialAction":[{"@type":"SearchAction","target":{"@type":"EntryPoint","urlTemplate":"https:\/\/edron.edu.mx\/es\/?s={search_term_string}"},"query-input":{"@type":"PropertyValueSpecification","valueRequired":true,"valueName":"search_term_string"}}],"inLanguage":"es"},{"@type":"Organization","@id":"https:\/\/edron.edu.mx\/es\/#organization","name":"The Edron Academy (El Colegio Brit\u00e1nico, A.C.)","url":"https:\/\/edron.edu.mx\/es\/","logo":{"@type":"ImageObject","inLanguage":"es","@id":"https:\/\/edron.edu.mx\/es\/#\/schema\/logo\/image\/","url":"https:\/\/i0.wp.com\/edron.edu.mx\/wp-content\/uploads\/2024\/10\/The-Edron-Academy.png?fit=418%2C168&ssl=1","contentUrl":"https:\/\/i0.wp.com\/edron.edu.mx\/wp-content\/uploads\/2024\/10\/The-Edron-Academy.png?fit=418%2C168&ssl=1","width":418,"height":168,"caption":"The Edron Academy (El Colegio Brit\u00e1nico, A.C.)"},"image":{"@id":"https:\/\/edron.edu.mx\/es\/#\/schema\/logo\/image\/"},"sameAs":["https:\/\/www.facebook.com\/TheEdronAcademy\/","https:\/\/x.com\/TheEdronAcademy","https:\/\/www.instagram.com\/theedronacademy\/?hl=es","https:\/\/www.youtube.com\/channel\/UCt_qlcLg2lJFtcTy0Vx7LxA"]}]}},"jetpack_sharing_enabled":true,"_links":{"self":[{"href":"https:\/\/edron.edu.mx\/es\/wp-json\/wp\/v2\/pages\/19924","targetHints":{"allow":["GET"]}}],"collection":[{"href":"https:\/\/edron.edu.mx\/es\/wp-json\/wp\/v2\/pages"}],"about":[{"href":"https:\/\/edron.edu.mx\/es\/wp-json\/wp\/v2\/types\/page"}],"author":[{"embeddable":true,"href":"https:\/\/edron.edu.mx\/es\/wp-json\/wp\/v2\/users\/3"}],"replies":[{"embeddable":true,"href":"https:\/\/edron.edu.mx\/es\/wp-json\/wp\/v2\/comments?post=19924"}],"version-history":[{"count":5,"href":"https:\/\/edron.edu.mx\/es\/wp-json\/wp\/v2\/pages\/19924\/revisions"}],"predecessor-version":[{"id":22536,"href":"https:\/\/edron.edu.mx\/es\/wp-json\/wp\/v2\/pages\/19924\/revisions\/22536"}],"up":[{"embeddable":true,"href":"https:\/\/edron.edu.mx\/es\/wp-json\/wp\/v2\/pages\/21541"}],"wp:attachment":[{"href":"https:\/\/edron.edu.mx\/es\/wp-json\/wp\/v2\/media?parent=19924"}],"curies":[{"name":"wp","href":"https:\/\/api.w.org\/{rel}","templated":true}]}}