{"id":20391,"date":"2022-09-09T17:49:09","date_gmt":"2022-09-09T17:49:09","guid":{"rendered":"https:\/\/edron.edu.mx\/?page_id=20391"},"modified":"2025-10-24T22:25:20","modified_gmt":"2025-10-24T22:25:20","slug":"documentos","status":"publish","type":"page","link":"https:\/\/edron.edu.mx\/es\/documentos\/","title":{"rendered":"Documentos"},"content":{"rendered":"<div class=\"wpb-content-wrapper\"><p>[vc_row css=&#8221;.vc_custom_1487251064130{margin-bottom: 35px !important;}&#8221;][vc_column css=&#8221;.vc_custom_1490018624138{margin-bottom: 0px !important;}&#8221;][vc_custom_heading text=&#8221;Documentos&#8221; font_container=&#8221;tag:h1|text_align:center|color:%23002ca8&#8243; use_theme_fonts=&#8221;yes&#8221; css=&#8221;.vc_custom_1662744009627{margin-top: 0px !important;margin-bottom: 20px !important;}&#8221;][vc_empty_space height=&#8221;50px&#8221;][\/vc_column][\/vc_row][vc_row css=&#8221;.vc_custom_1487845428034{margin-bottom: 15px !important;}&#8221;][vc_column width=&#8221;1\/2&#8243; css=&#8221;.vc_custom_1662745282977{margin-left: 50px !important;}&#8221;][vc_custom_heading text=&#8221;SEP&#8221; font_container=&#8221;tag:h5|text_align:left|color:%23000000&#8243; use_theme_fonts=&#8221;yes&#8221; css=&#8221;.vc_custom_1662744152717{margin-bottom: 10px !important;padding-left: 75px !important;}&#8221;][vc_empty_space height=&#8221;25px&#8221;][vc_custom_heading text=&#8221;Protocolo acoso escolar educaci\u00f3n b\u00e1sica&#8221; font_container=&#8221;tag:p|font_size:17|text_align:left|color:%23505050&#8243; use_theme_fonts=&#8221;yes&#8221; css=&#8221;.vc_custom_1759167364104{margin-bottom: 10px !important;margin-left: 70px !important;}&#8221; el_class=&#8221;dash-before wh-title-with-label, link-underline&#8221; link=&#8221;url:https%3A%2F%2Fdrive.google.com%2Ffile%2Fd%2F1nYUlH-j0He6jdB7zvAAhue6wMzB-2uF3%2Fview%3Fusp%3Ddrive_link|target:_blank&#8221;][vc_custom_heading text=&#8221;Autorizaci\u00f3n Calendario escolar 2025-2026&#8243; font_container=&#8221;tag:p|font_size:17|text_align:left|color:%23505050&#8243; use_theme_fonts=&#8221;yes&#8221; css=&#8221;.vc_custom_1759167479210{margin-bottom: 10px !important;margin-left: 70px !important;}&#8221; el_class=&#8221;dash-before wh-title-with-label, link-underline&#8221; link=&#8221;url:https%3A%2F%2Fdrive.google.com%2Ffile%2Fd%2F1pTbTCydnYExkrKteeAxrEwXN3x3ekNrB%2Fview%3Fusp%3Ddrive_link|target:_blank&#8221;][vc_custom_heading text=&#8221;Protocolo de prevenci\u00f3n del maltrato escolar&#8221; font_container=&#8221;tag:p|font_size:17|text_align:left|color:%23505050&#8243; use_theme_fonts=&#8221;yes&#8221; css=&#8221;.vc_custom_1759167550940{margin-bottom: 10px !important;margin-left: 70px !important;}&#8221; el_class=&#8221;dash-before wh-title-with-label, link-underline&#8221; link=&#8221;url:https%3A%2F%2Fdrive.google.com%2Ffile%2Fd%2F1EfxhggySWPl2eAk8WI7h0rjwHbHSNjv-%2Fview%3Fusp%3Ddrive_link|target:_blank&#8221;][vc_custom_heading text=&#8221;Protocolo de prevenci\u00f3n de la violencia escolar&#8221; font_container=&#8221;tag:p|font_size:17|text_align:left|color:%23505050&#8243; use_theme_fonts=&#8221;yes&#8221; css=&#8221;.vc_custom_1759167620747{margin-bottom: 10px !important;margin-left: 70px !important;}&#8221; el_class=&#8221;dash-before wh-title-with-label, link-underline&#8221; link=&#8221;url:https%3A%2F%2Fdrive.google.com%2Ffile%2Fd%2F16werVHWxkQy1NbNvm-A4g9jYnzyKcPgt%2Fview%3Fusp%3Ddrive_link|target:_blank&#8221;][vc_custom_heading text=&#8221;Cuadernillo Protocolo SEP&#8221; font_container=&#8221;tag:p|font_size:17|text_align:left|color:%23505050&#8243; use_theme_fonts=&#8221;yes&#8221; css=&#8221;.vc_custom_1724871639684{margin-bottom: 10px !important;margin-left: 70px !important;}&#8221; el_class=&#8221;dash-before wh-title-with-label, link-underline&#8221; link=&#8221;url:https%3A%2F%2Fdrive.google.com%2Ffile%2Fd%2F1G9GivvDxj8SYjI0a9S76h93Iv0kr1mfb%2Fview%3Fusp%3Dsharing|target:_blank&#8221;][vc_custom_heading text=&#8221;Gu\u00eda operativa para escuelas particulares&#8221; font_container=&#8221;tag:p|font_size:17|text_align:left|color:%23505050&#8243; use_theme_fonts=&#8221;yes&#8221; css=&#8221;.vc_custom_1697578316831{margin-bottom: 10px !important;margin-left: 70px !important;}&#8221; el_class=&#8221;dash-before wh-title-with-label, link-underline&#8221; link=&#8221;url:https%3A%2F%2Fedron.edu.mx%2Fwp-content%2Fuploads%2F2023%2F10%2Fguia-operativa-particulares-2023-1-1.pdf|target:_blank&#8221;][vc_custom_heading text=&#8221;Marco para la Convivencia SEP&#8221; font_container=&#8221;tag:p|font_size:17|text_align:left|color:%23505050&#8243; use_theme_fonts=&#8221;yes&#8221; css=&#8221;.vc_custom_1724867418882{margin-bottom: 10px !important;margin-left: 70px !important;}&#8221; el_class=&#8221;dash-before wh-title-with-label, link-underline&#8221; link=&#8221;url:https%3A%2F%2Fedron.edu.mx%2Fwp-content%2Fuploads%2F2023%2F10%2FSecundaria-Marco-para-la-Convivencia-VF-010723-2.pdf|target:_blank&#8221;][vc_custom_heading text=&#8221;Protocolo para protecci\u00f3n y cuidado de ni\u00f1as, ni\u00f1os y adolescentes en la revisi\u00f3n de \u00fatiles escolares&#8221; font_container=&#8221;tag:p|font_size:17|text_align:left|color:%23505050&#8243; use_theme_fonts=&#8221;yes&#8221; css=&#8221;.vc_custom_1730817374251{margin-bottom: 10px !important;margin-left: 70px !important;}&#8221; el_class=&#8221;dash-before wh-title-with-label, link-underline&#8221; link=&#8221;url:https%3A%2F%2Fedron.edu.mx%2Fwp-content%2Fuploads%2F2024%2F11%2FPROTOCOLO-PROTECCION-CUIDADO-REVISION-UTILES-ESCOLARES-1-1.pdf|target:_blank&#8221;][vc_custom_heading text=&#8221;Reglamento de Asociaciones de Padres de Familia&#8221; font_container=&#8221;tag:p|font_size:17|text_align:left|color:%23505050&#8243; use_theme_fonts=&#8221;yes&#8221; css=&#8221;.vc_custom_1730817422349{margin-bottom: 10px !important;margin-left: 70px !important;}&#8221; el_class=&#8221;dash-before wh-title-with-label, link-underline&#8221; link=&#8221;url:https%3A%2F%2Fedron.edu.mx%2Fwp-content%2Fuploads%2F2024%2F11%2Freglamento_asoc_padres_familia.pdf|target:_blank&#8221;][vc_custom_heading text=&#8221;Salud y bienestar del Alumnado&#8221; font_container=&#8221;tag:p|font_size:17|text_align:left|color:%23505050&#8243; use_theme_fonts=&#8221;yes&#8221; css=&#8221;.vc_custom_1731095241953{margin-bottom: 10px !important;margin-left: 70px !important;}&#8221; el_class=&#8221;dash-before wh-title-with-label, link-underline&#8221; link=&#8221;url:https%3A%2F%2Fedron.edu.mx%2Fwp-content%2Fuploads%2F2024%2F11%2FEJE-9-SALUD-Y-BIENESTAR-DEL-ALUMNADO.pdf|target:_blank&#8221;][vc_custom_heading text=&#8221;Seguridad escolar&#8221; font_container=&#8221;tag:p|font_size:17|text_align:left|color:%23505050&#8243; use_theme_fonts=&#8221;yes&#8221; css=&#8221;.vc_custom_1731095375168{margin-bottom: 10px !important;margin-left: 70px !important;}&#8221; el_class=&#8221;dash-before wh-title-with-label, link-underline&#8221; link=&#8221;url:https%3A%2F%2Fedron.edu.mx%2Fwp-content%2Fuploads%2F2024%2F11%2FSEGURIDAD-ESCOLAR.pdf|target:_blank&#8221;][vc_custom_heading text=&#8221;Lineamientos para la preparaci\u00f3n y distribuci\u00f3n de alimentos y bebidas&#8221; font_container=&#8221;tag:p|font_size:17|text_align:left|color:%23505050&#8243; use_theme_fonts=&#8221;yes&#8221; css=&#8221;.vc_custom_1743543171429{margin-bottom: 10px !important;margin-left: 70px !important;}&#8221; el_class=&#8221;dash-before wh-title-with-label, link-underline&#8221; link=&#8221;url:https%3A%2F%2Fdrive.google.com%2Ffile%2Fd%2F18M3kaZgZayDa9XUHU9qG_6IB3K3t9I8-%2Fview%3Fusp%3Dsharing|target:_blank&#8221;][vc_custom_heading text=&#8221;Gu\u00eda para el uso responsable y seguro de las Tecnolog\u00edas de informaci\u00f3n y la comunicaci\u00f3n en escuelas p\u00fablicas y privadas&#8221; font_container=&#8221;tag:p|font_size:17|text_align:left|color:%23505050&#8243; use_theme_fonts=&#8221;yes&#8221; css=&#8221;.vc_custom_1743615090398{margin-bottom: 10px !important;margin-left: 70px !important;}&#8221; el_class=&#8221;dash-before wh-title-with-label, link-underline&#8221; link=&#8221;url:https%3A%2F%2Fdrive.google.com%2Ffile%2Fd%2F10o2g-BtHNcTscTIDBegC_Svy5npqcIKC%2Fview%3Fusp%3Dsharing|target:_blank&#8221;][vc_custom_heading text=&#8221;Normas_29042019 control escolar&#8221; font_container=&#8221;tag:p|font_size:17|text_align:left|color:%23505050&#8243; use_theme_fonts=&#8221;yes&#8221; css=&#8221;.vc_custom_1743614956045{margin-bottom: 10px !important;margin-left: 70px !important;}&#8221; el_class=&#8221;dash-before wh-title-with-label, link-underline&#8221; link=&#8221;url:https%3A%2F%2Fdrive.google.com%2Ffile%2Fd%2F13O1kLeWRKCTRNB55a19BN6qGSdEI44nY%2Fview%3Fusp%3Dsharing|target:_blank&#8221;][\/vc_column][vc_column width=&#8221;1\/2&#8243; css=&#8221;.vc_custom_1662745236627{margin-right: 50px !important;}&#8221;][vc_custom_heading text=&#8221;UNAM&#8221; font_container=&#8221;tag:h5|text_align:left|color:%23000000&#8243; use_theme_fonts=&#8221;yes&#8221; css=&#8221;.vc_custom_1662744215907{margin-bottom: 10px !important;padding-left: 75px !important;}&#8221;][vc_empty_space height=&#8221;25px&#8221;][vc_custom_heading text=&#8221;Programa Operativo de Historia de M\u00e9xico UNAM 2025-2026&#8243; font_container=&#8221;tag:p|font_size:17|text_align:left|color:%23505050&#8243; use_theme_fonts=&#8221;yes&#8221; css=&#8221;.vc_custom_1761344565897{margin-bottom: 10px !important;margin-left: 70px !important;}&#8221; el_class=&#8221;dash-before wh-title-with-label, link-underline&#8221; link=&#8221;url:https%3A%2F%2Fdrive.google.com%2Ffile%2Fd%2F14KyWna0Zx06f3cdgbz_v-KaW2PQUv4AP%2Fview%3Fusp%3Ddrive_link|target:_blank&#8221;][vc_custom_heading text=&#8221;Programa Operativo Derecho UNAM 2025-2026&#8243; font_container=&#8221;tag:p|font_size:17|text_align:left|color:%23505050&#8243; use_theme_fonts=&#8221;yes&#8221; css=&#8221;.vc_custom_1761344654337{margin-bottom: 10px !important;margin-left: 70px !important;}&#8221; el_class=&#8221;dash-before wh-title-with-label, link-underline&#8221; link=&#8221;url:https%3A%2F%2Fdrive.google.com%2Ffile%2Fd%2F1xH4B_W6MFp0YQiBbj3WAcFNd3ZzmGQSX%2Fview%3Fusp%3Ddrive_link%20|target:_blank&#8221;][vc_custom_heading text=&#8221;Programa Operativo Geograf\u00eda UNAM 2025-2026&#8243; font_container=&#8221;tag:p|font_size:17|text_align:left|color:%23505050&#8243; use_theme_fonts=&#8221;yes&#8221; css=&#8221;.vc_custom_1761344706650{margin-bottom: 10px !important;margin-left: 70px !important;}&#8221; el_class=&#8221;dash-before wh-title-with-label, link-underline&#8221; link=&#8221;url:https%3A%2F%2Fdrive.google.com%2Ffile%2Fd%2F199dordyX7vHwZzQ_8uYtJrDjebI9W1OK%2Fview|target:_blank&#8221;][\/vc_column][\/vc_row][vc_row][vc_column css=&#8221;.vc_custom_1490170322788{margin-bottom: 0px !important;}&#8221;][vc_empty_space height=&#8221;40px&#8221;][\/vc_column][\/vc_row]<\/p>\n<\/div>","protected":false},"excerpt":{"rendered":"<p>[vc_row css=&#8221;.vc_custom_1487251064130{margin-bottom: 35px !important;}&#8221;][vc_column css=&#8221;.vc_custom_1490018624138{margin-bottom: 0px !important;}&#8221;][vc_custom_heading text=&#8221;Documentos&#8221; font_container=&#8221;tag:h1|text_align:center|color:%23002ca8&#8243; use_theme_fonts=&#8221;yes&#8221; css=&#8221;.vc_custom_1662744009627{margin-top: 0px !important;margin-bottom: 20px !important;}&#8221;][vc_empty_space height=&#8221;50px&#8221;][\/vc_column][\/vc_row][vc_row css=&#8221;.vc_custom_1487845428034{margin-bottom: 15px !important;}&#8221;][vc_column width=&#8221;1\/2&#8243; css=&#8221;.vc_custom_1662745282977{margin-left: 50px !important;}&#8221;][vc_custom_heading text=&#8221;SEP&#8221; font_container=&#8221;tag:h5|text_align:left|color:%23000000&#8243; use_theme_fonts=&#8221;yes&#8221; css=&#8221;.vc_custom_1662744152717{margin-bottom: 10px !important;padding-left: 75px !important;}&#8221;][vc_empty_space height=&#8221;25px&#8221;][vc_custom_heading text=&#8221;Protocolo acoso escolar educaci\u00f3n b\u00e1sica&#8221; font_container=&#8221;tag:p|font_size:17|text_align:left|color:%23505050&#8243; use_theme_fonts=&#8221;yes&#8221; css=&#8221;.vc_custom_1759167364104{margin-bottom: 10px !important;margin-left: 70px !important;}&#8221; el_class=&#8221;dash-before&nbsp;<a href=\"https:\/\/edron.edu.mx\/es\/documentos\/\">&hellip;<\/a><\/p>\n","protected":false},"author":3,"featured_media":0,"parent":0,"menu_order":0,"comment_status":"closed","ping_status":"closed","template":"template-fullwidth.php","meta":{"nf_dc_page":"","footnotes":""},"class_list":["post-20391","page","type-page","status-publish","hentry","odd"],"yoast_head":"<!-- This site is optimized with the Yoast SEO plugin v27.4 - https:\/\/yoast.com\/product\/yoast-seo-wordpress\/ -->\n<title>Documentos - The Edron Academy (El Colegio Brit\u00e1nico, A.C.)<\/title>\n<meta name=\"robots\" content=\"index, follow, max-snippet:-1, max-image-preview:large, max-video-preview:-1\" \/>\n<link rel=\"canonical\" href=\"https:\/\/edron.edu.mx\/es\/documentos\/\" \/>\n<meta property=\"og:locale\" content=\"es_ES\" \/>\n<meta property=\"og:type\" content=\"article\" \/>\n<meta property=\"og:title\" content=\"Documentos - The Edron Academy (El Colegio Brit\u00e1nico, A.C.)\" \/>\n<meta property=\"og:description\" content=\"[vc_row css=&#8221;.vc_custom_1487251064130{margin-bottom: 35px !important;}&#8221;][vc_column css=&#8221;.vc_custom_1490018624138{margin-bottom: 0px !important;}&#8221;][vc_custom_heading text=&#8221;Documentos&#8221; font_container=&#8221;tag:h1|text_align:center|color:%23002ca8&#8243; use_theme_fonts=&#8221;yes&#8221; css=&#8221;.vc_custom_1662744009627{margin-top: 0px !important;margin-bottom: 20px !important;}&#8221;][vc_empty_space height=&#8221;50px&#8221;][\/vc_column][\/vc_row][vc_row css=&#8221;.vc_custom_1487845428034{margin-bottom: 15px !important;}&#8221;][vc_column width=&#8221;1\/2&#8243; css=&#8221;.vc_custom_1662745282977{margin-left: 50px !important;}&#8221;][vc_custom_heading text=&#8221;SEP&#8221; font_container=&#8221;tag:h5|text_align:left|color:%23000000&#8243; use_theme_fonts=&#8221;yes&#8221; css=&#8221;.vc_custom_1662744152717{margin-bottom: 10px !important;padding-left: 75px !important;}&#8221;][vc_empty_space height=&#8221;25px&#8221;][vc_custom_heading text=&#8221;Protocolo acoso escolar educaci\u00f3n b\u00e1sica&#8221; font_container=&#8221;tag:p|font_size:17|text_align:left|color:%23505050&#8243; use_theme_fonts=&#8221;yes&#8221; css=&#8221;.vc_custom_1759167364104{margin-bottom: 10px !important;margin-left: 70px !important;}&#8221; el_class=&#8221;dash-before&nbsp;&hellip;\" \/>\n<meta property=\"og:url\" content=\"https:\/\/edron.edu.mx\/es\/documentos\/\" \/>\n<meta property=\"og:site_name\" content=\"The Edron Academy (El Colegio Brit\u00e1nico, A.C.)\" \/>\n<meta property=\"article:publisher\" content=\"https:\/\/www.facebook.com\/TheEdronAcademy\/\" \/>\n<meta property=\"article:modified_time\" content=\"2025-10-24T22:25:20+00:00\" \/>\n<meta name=\"twitter:card\" content=\"summary_large_image\" \/>\n<meta name=\"twitter:site\" content=\"@TheEdronAcademy\" \/>\n<meta name=\"twitter:label1\" content=\"Tiempo de lectura\" \/>\n\t<meta name=\"twitter:data1\" content=\"2 minutos\" \/>\n<script type=\"application\/ld+json\" class=\"yoast-schema-graph\">{\"@context\":\"https:\\\/\\\/schema.org\",\"@graph\":[{\"@type\":\"WebPage\",\"@id\":\"https:\\\/\\\/edron.edu.mx\\\/es\\\/documentos\\\/\",\"url\":\"https:\\\/\\\/edron.edu.mx\\\/es\\\/documentos\\\/\",\"name\":\"Documentos - The Edron Academy (El Colegio Brit\u00e1nico, A.C.)\",\"isPartOf\":{\"@id\":\"https:\\\/\\\/edron.edu.mx\\\/es\\\/#website\"},\"datePublished\":\"2022-09-09T17:49:09+00:00\",\"dateModified\":\"2025-10-24T22:25:20+00:00\",\"breadcrumb\":{\"@id\":\"https:\\\/\\\/edron.edu.mx\\\/es\\\/documentos\\\/#breadcrumb\"},\"inLanguage\":\"es\",\"potentialAction\":[{\"@type\":\"ReadAction\",\"target\":[\"https:\\\/\\\/edron.edu.mx\\\/es\\\/documentos\\\/\"]}]},{\"@type\":\"BreadcrumbList\",\"@id\":\"https:\\\/\\\/edron.edu.mx\\\/es\\\/documentos\\\/#breadcrumb\",\"itemListElement\":[{\"@type\":\"ListItem\",\"position\":1,\"name\":\"Home\",\"item\":\"https:\\\/\\\/edron.edu.mx\\\/es\\\/\"},{\"@type\":\"ListItem\",\"position\":2,\"name\":\"Documentos\"}]},{\"@type\":\"WebSite\",\"@id\":\"https:\\\/\\\/edron.edu.mx\\\/es\\\/#website\",\"url\":\"https:\\\/\\\/edron.edu.mx\\\/es\\\/\",\"name\":\"The Edron Academy (El Colegio Brit\u00e1nico, A.C.)\",\"description\":\"\",\"publisher\":{\"@id\":\"https:\\\/\\\/edron.edu.mx\\\/es\\\/#organization\"},\"potentialAction\":[{\"@type\":\"SearchAction\",\"target\":{\"@type\":\"EntryPoint\",\"urlTemplate\":\"https:\\\/\\\/edron.edu.mx\\\/es\\\/?s={search_term_string}\"},\"query-input\":{\"@type\":\"PropertyValueSpecification\",\"valueRequired\":true,\"valueName\":\"search_term_string\"}}],\"inLanguage\":\"es\"},{\"@type\":\"Organization\",\"@id\":\"https:\\\/\\\/edron.edu.mx\\\/es\\\/#organization\",\"name\":\"The Edron Academy (El Colegio Brit\u00e1nico, A.C.)\",\"url\":\"https:\\\/\\\/edron.edu.mx\\\/es\\\/\",\"logo\":{\"@type\":\"ImageObject\",\"inLanguage\":\"es\",\"@id\":\"https:\\\/\\\/edron.edu.mx\\\/es\\\/#\\\/schema\\\/logo\\\/image\\\/\",\"url\":\"https:\\\/\\\/i0.wp.com\\\/edron.edu.mx\\\/wp-content\\\/uploads\\\/2024\\\/10\\\/The-Edron-Academy.png?fit=418%2C168&ssl=1\",\"contentUrl\":\"https:\\\/\\\/i0.wp.com\\\/edron.edu.mx\\\/wp-content\\\/uploads\\\/2024\\\/10\\\/The-Edron-Academy.png?fit=418%2C168&ssl=1\",\"width\":418,\"height\":168,\"caption\":\"The Edron Academy (El Colegio Brit\u00e1nico, A.C.)\"},\"image\":{\"@id\":\"https:\\\/\\\/edron.edu.mx\\\/es\\\/#\\\/schema\\\/logo\\\/image\\\/\"},\"sameAs\":[\"https:\\\/\\\/www.facebook.com\\\/TheEdronAcademy\\\/\",\"https:\\\/\\\/x.com\\\/TheEdronAcademy\",\"https:\\\/\\\/www.instagram.com\\\/theedronacademy\\\/?hl=es\",\"https:\\\/\\\/www.youtube.com\\\/channel\\\/UCt_qlcLg2lJFtcTy0Vx7LxA\"]}]}<\/script>\n<!-- \/ Yoast SEO plugin. -->","yoast_head_json":{"title":"Documentos - The Edron Academy (El Colegio Brit\u00e1nico, A.C.)","robots":{"index":"index","follow":"follow","max-snippet":"max-snippet:-1","max-image-preview":"max-image-preview:large","max-video-preview":"max-video-preview:-1"},"canonical":"https:\/\/edron.edu.mx\/es\/documentos\/","og_locale":"es_ES","og_type":"article","og_title":"Documentos - The Edron Academy (El Colegio Brit\u00e1nico, A.C.)","og_description":"[vc_row css=&#8221;.vc_custom_1487251064130{margin-bottom: 35px !important;}&#8221;][vc_column css=&#8221;.vc_custom_1490018624138{margin-bottom: 0px !important;}&#8221;][vc_custom_heading text=&#8221;Documentos&#8221; font_container=&#8221;tag:h1|text_align:center|color:%23002ca8&#8243; use_theme_fonts=&#8221;yes&#8221; css=&#8221;.vc_custom_1662744009627{margin-top: 0px !important;margin-bottom: 20px !important;}&#8221;][vc_empty_space height=&#8221;50px&#8221;][\/vc_column][\/vc_row][vc_row css=&#8221;.vc_custom_1487845428034{margin-bottom: 15px !important;}&#8221;][vc_column width=&#8221;1\/2&#8243; css=&#8221;.vc_custom_1662745282977{margin-left: 50px !important;}&#8221;][vc_custom_heading text=&#8221;SEP&#8221; font_container=&#8221;tag:h5|text_align:left|color:%23000000&#8243; use_theme_fonts=&#8221;yes&#8221; css=&#8221;.vc_custom_1662744152717{margin-bottom: 10px !important;padding-left: 75px !important;}&#8221;][vc_empty_space height=&#8221;25px&#8221;][vc_custom_heading text=&#8221;Protocolo acoso escolar educaci\u00f3n b\u00e1sica&#8221; font_container=&#8221;tag:p|font_size:17|text_align:left|color:%23505050&#8243; use_theme_fonts=&#8221;yes&#8221; css=&#8221;.vc_custom_1759167364104{margin-bottom: 10px !important;margin-left: 70px !important;}&#8221; el_class=&#8221;dash-before&nbsp;&hellip;","og_url":"https:\/\/edron.edu.mx\/es\/documentos\/","og_site_name":"The Edron Academy (El Colegio Brit\u00e1nico, A.C.)","article_publisher":"https:\/\/www.facebook.com\/TheEdronAcademy\/","article_modified_time":"2025-10-24T22:25:20+00:00","twitter_card":"summary_large_image","twitter_site":"@TheEdronAcademy","twitter_misc":{"Tiempo de lectura":"2 minutos"},"schema":{"@context":"https:\/\/schema.org","@graph":[{"@type":"WebPage","@id":"https:\/\/edron.edu.mx\/es\/documentos\/","url":"https:\/\/edron.edu.mx\/es\/documentos\/","name":"Documentos - The Edron Academy (El Colegio Brit\u00e1nico, A.C.)","isPartOf":{"@id":"https:\/\/edron.edu.mx\/es\/#website"},"datePublished":"2022-09-09T17:49:09+00:00","dateModified":"2025-10-24T22:25:20+00:00","breadcrumb":{"@id":"https:\/\/edron.edu.mx\/es\/documentos\/#breadcrumb"},"inLanguage":"es","potentialAction":[{"@type":"ReadAction","target":["https:\/\/edron.edu.mx\/es\/documentos\/"]}]},{"@type":"BreadcrumbList","@id":"https:\/\/edron.edu.mx\/es\/documentos\/#breadcrumb","itemListElement":[{"@type":"ListItem","position":1,"name":"Home","item":"https:\/\/edron.edu.mx\/es\/"},{"@type":"ListItem","position":2,"name":"Documentos"}]},{"@type":"WebSite","@id":"https:\/\/edron.edu.mx\/es\/#website","url":"https:\/\/edron.edu.mx\/es\/","name":"The Edron Academy (El Colegio Brit\u00e1nico, A.C.)","description":"","publisher":{"@id":"https:\/\/edron.edu.mx\/es\/#organization"},"potentialAction":[{"@type":"SearchAction","target":{"@type":"EntryPoint","urlTemplate":"https:\/\/edron.edu.mx\/es\/?s={search_term_string}"},"query-input":{"@type":"PropertyValueSpecification","valueRequired":true,"valueName":"search_term_string"}}],"inLanguage":"es"},{"@type":"Organization","@id":"https:\/\/edron.edu.mx\/es\/#organization","name":"The Edron Academy (El Colegio Brit\u00e1nico, A.C.)","url":"https:\/\/edron.edu.mx\/es\/","logo":{"@type":"ImageObject","inLanguage":"es","@id":"https:\/\/edron.edu.mx\/es\/#\/schema\/logo\/image\/","url":"https:\/\/i0.wp.com\/edron.edu.mx\/wp-content\/uploads\/2024\/10\/The-Edron-Academy.png?fit=418%2C168&ssl=1","contentUrl":"https:\/\/i0.wp.com\/edron.edu.mx\/wp-content\/uploads\/2024\/10\/The-Edron-Academy.png?fit=418%2C168&ssl=1","width":418,"height":168,"caption":"The Edron Academy (El Colegio Brit\u00e1nico, A.C.)"},"image":{"@id":"https:\/\/edron.edu.mx\/es\/#\/schema\/logo\/image\/"},"sameAs":["https:\/\/www.facebook.com\/TheEdronAcademy\/","https:\/\/x.com\/TheEdronAcademy","https:\/\/www.instagram.com\/theedronacademy\/?hl=es","https:\/\/www.youtube.com\/channel\/UCt_qlcLg2lJFtcTy0Vx7LxA"]}]}},"jetpack_sharing_enabled":true,"_links":{"self":[{"href":"https:\/\/edron.edu.mx\/es\/wp-json\/wp\/v2\/pages\/20391","targetHints":{"allow":["GET"]}}],"collection":[{"href":"https:\/\/edron.edu.mx\/es\/wp-json\/wp\/v2\/pages"}],"about":[{"href":"https:\/\/edron.edu.mx\/es\/wp-json\/wp\/v2\/types\/page"}],"author":[{"embeddable":true,"href":"https:\/\/edron.edu.mx\/es\/wp-json\/wp\/v2\/users\/3"}],"replies":[{"embeddable":true,"href":"https:\/\/edron.edu.mx\/es\/wp-json\/wp\/v2\/comments?post=20391"}],"version-history":[{"count":5,"href":"https:\/\/edron.edu.mx\/es\/wp-json\/wp\/v2\/pages\/20391\/revisions"}],"predecessor-version":[{"id":22627,"href":"https:\/\/edron.edu.mx\/es\/wp-json\/wp\/v2\/pages\/20391\/revisions\/22627"}],"wp:attachment":[{"href":"https:\/\/edron.edu.mx\/es\/wp-json\/wp\/v2\/media?parent=20391"}],"curies":[{"name":"wp","href":"https:\/\/api.w.org\/{rel}","templated":true}]}}