{"id":20470,"date":"2022-10-08T21:39:13","date_gmt":"2022-10-08T21:39:13","guid":{"rendered":"https:\/\/edron.edu.mx\/?page_id=20470"},"modified":"2024-11-12T18:10:22","modified_gmt":"2024-11-12T18:10:22","slug":"instalaciones-admisiones","status":"publish","type":"page","link":"https:\/\/edron.edu.mx\/es\/instalaciones-admisiones\/","title":{"rendered":"Instalaciones"},"content":{"rendered":"<div class=\"wpb-content-wrapper\"><p>[vc_row disable_element=&#8221;yes&#8221;][vc_column][vc_empty_space height=&#8221;52px&#8221;][vc_tta_tabs style=&#8221;flat&#8221; color=&#8221;white&#8221; spacing=&#8221;2&#8243; gap=&#8221;20&#8243; alignment=&#8221;center&#8221; active_section=&#8221;1&#8243; no_fill_content_area=&#8221;true&#8221; el_class=&#8221;wh-custom-tabs&#8221;][vc_tta_section title=&#8221;Todas&#8221; tab_id=&#8221;1660245289410-fd5a8bae-995d&#8221;][vc_masonry_media_grid grid_id=&#8221;vc_gid:1731434356920-40db3692-1e7b-9&#8243; include=&#8221;19662,19668,19669,19670,19671,19672,19666,19667,19665,19673,19664,19734,19735,19736,19737,19750,19751,19749,19748,19745,19738,19743,19798,19799,19744,19741,19752,19756,19753,19808,19807,19806,19805,19804,19802,19800&#8243;][\/vc_tta_section][vc_tta_section title=&#8221;Kinder&#8221; tab_id=&#8221;1660245289426-8bf0edb9-aadf&#8221;][vc_masonry_media_grid grid_id=&#8221;vc_gid:1731434356925-e994418e-8e5d-5&#8243; include=&#8221;19738,19739,19741,19743,19744,19721,19801,19800,19770,19799,19798,19761&#8243;][\/vc_tta_section][vc_tta_section title=&#8221;Primaria&#8221; tab_id=&#8221;1660321024600-36395b75-fc5d&#8221;][vc_masonry_media_grid grid_id=&#8221;vc_gid:1731434356926-59b05ede-88df-10&#8243; include=&#8221;19745,19747,19748,19749,19750,19751,19804,19803,19802,19795&#8243;][\/vc_tta_section][vc_tta_section title=&#8221;Secundaria&#8221; tab_id=&#8221;1660321426319-1f62e620-4f28&#8243;][vc_masonry_media_grid grid_id=&#8221;vc_gid:1731434356927-53bc4f99-0a0d-4&#8243; include=&#8221;19670,19752,19753,19754,19755,19756,19805,19806,19807,19808&#8243;][\/vc_tta_section][\/vc_tta_tabs][\/vc_column][\/vc_row][vc_row][vc_column][vc_empty_space height=&#8221;52px&#8221;][vc_custom_heading text=&#8221;Nuestras instalaciones&#8221; font_container=&#8221;tag:h1|text_align:center|color:%23002ca8&#8243; use_theme_fonts=&#8221;yes&#8221; css=&#8221;&#8221;][vc_empty_space height=&#8221;20px&#8221;][vc_custom_heading text=&#8221;Nos complace mostrarte parte de nuestra Escuela. \u00a1Concerta una cita para conocernos!&#8221; font_container=&#8221;tag:h6|text_align:center&#8221; use_theme_fonts=&#8221;yes&#8221; css=&#8221;&#8221;][vc_empty_space height=&#8221;60px&#8221;][vc_tta_tabs style=&#8221;flat&#8221; color=&#8221;white&#8221; spacing=&#8221;2&#8243; gap=&#8221;20&#8243; alignment=&#8221;center&#8221; active_section=&#8221;1&#8243; no_fill_content_area=&#8221;true&#8221; el_class=&#8221;wh-custom-tabs&#8221;][vc_tta_section title=&#8221;Kinder&#8221; tab_id=&#8221;1660245289426-8bf0edb9-aadf&#8221;][vc_masonry_media_grid element_width=&#8221;2&#8243; item=&#8221;518&#8243; grid_id=&#8221;vc_gid:1731434464701-dcdffe6d-b3de-10&#8243; include=&#8221;21676,19852,19770,21678,21666,21670,19801,19738,21516,19759,21472,19741,21696,19743,19761,19721,21508,21504&#8243;][\/vc_tta_section][vc_tta_section title=&#8221;Primaria&#8221; tab_id=&#8221;1660321024600-36395b75-fc5d&#8221;][vc_masonry_media_grid element_width=&#8221;2&#8243; item=&#8221;518&#8243; grid_id=&#8221;vc_gid:1731434464711-3d8d8c99-ffd4-2&#8243; include=&#8221;19750,21537,21573,21846,19802,21578,19749,19790,21490,21586,21520,21512,21590,19751,21644,19745,19784,19747&#8243;][\/vc_tta_section][vc_tta_section title=&#8221;Secundaria&#8221; tab_id=&#8221;1660321426319-1f62e620-4f28&#8243;][vc_masonry_media_grid element_width=&#8221;2&#8243; item=&#8221;518&#8243; grid_id=&#8221;vc_gid:1731434464721-e5ce4770-4943-8&#8243; include=&#8221;21862,19670,21514,19756,19755,22056,19821,19807,19805,22060,21482,21480,19818,19752,19753,19806,19808,19835&#8243;][\/vc_tta_section][\/vc_tta_tabs][\/vc_column][\/vc_row][vc_row][vc_column][vc_empty_space height=&#8221;20px&#8221;][vc_row_inner][vc_column_inner width=&#8221;1\/6&#8243;][\/vc_column_inner][vc_column_inner width=&#8221;2\/3&#8243;][vc_cta h2=&#8221;Para mayor informaci\u00f3n sobre admisiones, por favor completa el siguiente formulario o cont\u00e1ctanos v\u00eda whatsapp y nos pondremos en contacto pronto.&#8221; h2_font_container=&#8221;tag:h1|font_size:20|text_align:center|color:%23ffffff&#8221; h2_use_theme_fonts=&#8221;yes&#8221; txt_align=&#8221;center&#8221; style=&#8221;flat&#8221; add_button=&#8221;bottom&#8221; btn_title=&#8221;Formulario&#8221; btn_color=&#8221;sky&#8221; btn_size=&#8221;lg&#8221; btn_align=&#8221;center&#8221; css=&#8221;.vc_custom_1731434975216{margin-right: -20px !important;margin-left: -20px !important;background-color: #0066bf !important;}&#8221; use_custom_fonts_h2=&#8221;true&#8221; btn_button_block=&#8221;true&#8221; btn_link=&#8221;url:https%3A%2F%2Fdocs.google.com%2Fforms%2Fd%2Fe%2F1FAIpQLSfkZSkKqArr4DDxLJ17nMgB2vRU35TIFQWx4y61Vz_1zBQFCw%2Fviewform|target:_blank&#8221;][\/vc_cta][\/vc_column_inner][vc_column_inner width=&#8221;1\/6&#8243;][\/vc_column_inner][\/vc_row_inner][vc_empty_space height=&#8221;30px&#8221;][\/vc_column][\/vc_row][vc_row][vc_column width=&#8221;1\/3&#8243; css=&#8221;.vc_custom_1665262302409{background-color: #0066bf !important;}&#8221;][vc_custom_heading text=&#8221;Consultas&#8221; font_container=&#8221;tag:h2|text_align:center|color:%23ffffff&#8221; use_theme_fonts=&#8221;yes&#8221; css=&#8221;&#8221; link=&#8221;url:https%3A%2F%2Fdocs.google.com%2Fforms%2Fd%2Fe%2F1FAIpQLSfkZSkKqArr4DDxLJ17nMgB2vRU35TIFQWx4y61Vz_1zBQFCw%2Fviewform|target:_blank&#8221;][\/vc_column][vc_column width=&#8221;1\/3&#8243; css=&#8221;.vc_custom_1665262336391{background-color: #17bc01 !important;}&#8221;][vc_custom_heading text=&#8221;Nuestra escuela&#8221; font_container=&#8221;tag:h2|text_align:center|color:%23ffffff&#8221; use_theme_fonts=&#8221;yes&#8221; css=&#8221;&#8221; link=&#8221;url:https%3A%2F%2Fedron.edu.mx%2Fes%2Finstalaciones-admisiones%2F&#8221;][\/vc_column][vc_column width=&#8221;1\/3&#8243; css=&#8221;.vc_custom_1665262367181{background-color: #f4c300 !important;}&#8221;][vc_custom_heading text=&#8221;Testimoniales&#8221; font_container=&#8221;tag:h2|text_align:center|color:%23ffffff&#8221; use_theme_fonts=&#8221;yes&#8221; css=&#8221;&#8221; link=&#8221;url:https%3A%2F%2Fedron.edu.mx%2Ftestimonials-admissions%2F&#8221;][\/vc_column][\/vc_row]<\/p>\n<\/div>","protected":false},"excerpt":{"rendered":"<p>[vc_row disable_element=&#8221;yes&#8221;][vc_column][vc_empty_space height=&#8221;52px&#8221;][vc_tta_tabs style=&#8221;flat&#8221; color=&#8221;white&#8221; spacing=&#8221;2&#8243; gap=&#8221;20&#8243; alignment=&#8221;center&#8221; active_section=&#8221;1&#8243; no_fill_content_area=&#8221;true&#8221; el_class=&#8221;wh-custom-tabs&#8221;][vc_tta_section title=&#8221;Todas&#8221; tab_id=&#8221;1660245289410-fd5a8bae-995d&#8221;][vc_masonry_media_grid grid_id=&#8221;vc_gid:1731434356920-40db3692-1e7b-9&#8243; include=&#8221;19662,19668,19669,19670,19671,19672,19666,19667,19665,19673,19664,19734,19735,19736,19737,19750,19751,19749,19748,19745,19738,19743,19798,19799,19744,19741,19752,19756,19753,19808,19807,19806,19805,19804,19802,19800&#8243;][\/vc_tta_section][vc_tta_section title=&#8221;Kinder&#8221; tab_id=&#8221;1660245289426-8bf0edb9-aadf&#8221;][vc_masonry_media_grid grid_id=&#8221;vc_gid:1731434356925-e994418e-8e5d-5&#8243; include=&#8221;19738,19739,19741,19743,19744,19721,19801,19800,19770,19799,19798,19761&#8243;][\/vc_tta_section][vc_tta_section title=&#8221;Primaria&#8221; tab_id=&#8221;1660321024600-36395b75-fc5d&#8221;][vc_masonry_media_grid grid_id=&#8221;vc_gid:1731434356926-59b05ede-88df-10&#8243; include=&#8221;19745,19747,19748,19749,19750,19751,19804,19803,19802,19795&#8243;][\/vc_tta_section][vc_tta_section title=&#8221;Secundaria&#8221; tab_id=&#8221;1660321426319-1f62e620-4f28&#8243;][vc_masonry_media_grid grid_id=&#8221;vc_gid:1731434356927-53bc4f99-0a0d-4&#8243; include=&#8221;19670,19752,19753,19754,19755,19756,19805,19806,19807,19808&#8243;][\/vc_tta_section][\/vc_tta_tabs][\/vc_column][\/vc_row][vc_row][vc_column][vc_empty_space height=&#8221;52px&#8221;][vc_custom_heading text=&#8221;Nuestras instalaciones&#8221; font_container=&#8221;tag:h1|text_align:center|color:%23002ca8&#8243; use_theme_fonts=&#8221;yes&#8221; css=&#8221;&#8221;][vc_empty_space height=&#8221;20px&#8221;][vc_custom_heading text=&#8221;Nos complace mostrarte parte de nuestra Escuela. \u00a1Concerta una cita para&nbsp;<a href=\"https:\/\/edron.edu.mx\/es\/instalaciones-admisiones\/\">&hellip;<\/a><\/p>\n","protected":false},"author":3,"featured_media":0,"parent":0,"menu_order":0,"comment_status":"closed","ping_status":"closed","template":"template-fullwidth-no-title.php","meta":{"nf_dc_page":"","footnotes":""},"class_list":["post-20470","page","type-page","status-publish","hentry","odd"],"yoast_head":"<!-- This site is optimized with the Yoast SEO plugin v27.4 - https:\/\/yoast.com\/product\/yoast-seo-wordpress\/ -->\n<title>Instalaciones - The Edron Academy (El Colegio Brit\u00e1nico, A.C.)<\/title>\n<meta name=\"robots\" content=\"index, follow, max-snippet:-1, max-image-preview:large, max-video-preview:-1\" \/>\n<link rel=\"canonical\" href=\"https:\/\/edron.edu.mx\/es\/instalaciones-admisiones\/\" \/>\n<meta property=\"og:locale\" content=\"es_ES\" \/>\n<meta property=\"og:type\" content=\"article\" \/>\n<meta property=\"og:title\" content=\"Instalaciones - The Edron Academy (El Colegio Brit\u00e1nico, A.C.)\" \/>\n<meta property=\"og:description\" content=\"[vc_row disable_element=&#8221;yes&#8221;][vc_column][vc_empty_space height=&#8221;52px&#8221;][vc_tta_tabs style=&#8221;flat&#8221; color=&#8221;white&#8221; spacing=&#8221;2&#8243; gap=&#8221;20&#8243; alignment=&#8221;center&#8221; active_section=&#8221;1&#8243; no_fill_content_area=&#8221;true&#8221; el_class=&#8221;wh-custom-tabs&#8221;][vc_tta_section title=&#8221;Todas&#8221; tab_id=&#8221;1660245289410-fd5a8bae-995d&#8221;][vc_masonry_media_grid grid_id=&#8221;vc_gid:1731434356920-40db3692-1e7b-9&#8243; include=&#8221;19662,19668,19669,19670,19671,19672,19666,19667,19665,19673,19664,19734,19735,19736,19737,19750,19751,19749,19748,19745,19738,19743,19798,19799,19744,19741,19752,19756,19753,19808,19807,19806,19805,19804,19802,19800&#8243;][\/vc_tta_section][vc_tta_section title=&#8221;Kinder&#8221; tab_id=&#8221;1660245289426-8bf0edb9-aadf&#8221;][vc_masonry_media_grid grid_id=&#8221;vc_gid:1731434356925-e994418e-8e5d-5&#8243; include=&#8221;19738,19739,19741,19743,19744,19721,19801,19800,19770,19799,19798,19761&#8243;][\/vc_tta_section][vc_tta_section title=&#8221;Primaria&#8221; tab_id=&#8221;1660321024600-36395b75-fc5d&#8221;][vc_masonry_media_grid grid_id=&#8221;vc_gid:1731434356926-59b05ede-88df-10&#8243; include=&#8221;19745,19747,19748,19749,19750,19751,19804,19803,19802,19795&#8243;][\/vc_tta_section][vc_tta_section title=&#8221;Secundaria&#8221; tab_id=&#8221;1660321426319-1f62e620-4f28&#8243;][vc_masonry_media_grid grid_id=&#8221;vc_gid:1731434356927-53bc4f99-0a0d-4&#8243; include=&#8221;19670,19752,19753,19754,19755,19756,19805,19806,19807,19808&#8243;][\/vc_tta_section][\/vc_tta_tabs][\/vc_column][\/vc_row][vc_row][vc_column][vc_empty_space height=&#8221;52px&#8221;][vc_custom_heading text=&#8221;Nuestras instalaciones&#8221; font_container=&#8221;tag:h1|text_align:center|color:%23002ca8&#8243; use_theme_fonts=&#8221;yes&#8221; css=&#8221;&#8221;][vc_empty_space height=&#8221;20px&#8221;][vc_custom_heading text=&#8221;Nos complace mostrarte parte de nuestra Escuela. \u00a1Concerta una cita para&nbsp;&hellip;\" \/>\n<meta property=\"og:url\" content=\"https:\/\/edron.edu.mx\/es\/instalaciones-admisiones\/\" \/>\n<meta property=\"og:site_name\" content=\"The Edron Academy (El Colegio Brit\u00e1nico, A.C.)\" \/>\n<meta property=\"article:publisher\" content=\"https:\/\/www.facebook.com\/TheEdronAcademy\/\" \/>\n<meta property=\"article:modified_time\" content=\"2024-11-12T18:10:22+00:00\" \/>\n<meta name=\"twitter:card\" content=\"summary_large_image\" \/>\n<meta name=\"twitter:site\" content=\"@TheEdronAcademy\" \/>\n<meta name=\"twitter:label1\" content=\"Tiempo de lectura\" \/>\n\t<meta name=\"twitter:data1\" content=\"26 minutos\" \/>\n<script type=\"application\/ld+json\" class=\"yoast-schema-graph\">{\"@context\":\"https:\\\/\\\/schema.org\",\"@graph\":[{\"@type\":\"WebPage\",\"@id\":\"https:\\\/\\\/edron.edu.mx\\\/es\\\/instalaciones-admisiones\\\/\",\"url\":\"https:\\\/\\\/edron.edu.mx\\\/es\\\/instalaciones-admisiones\\\/\",\"name\":\"Instalaciones - The Edron Academy (El Colegio Brit\u00e1nico, A.C.)\",\"isPartOf\":{\"@id\":\"https:\\\/\\\/edron.edu.mx\\\/es\\\/#website\"},\"datePublished\":\"2022-10-08T21:39:13+00:00\",\"dateModified\":\"2024-11-12T18:10:22+00:00\",\"breadcrumb\":{\"@id\":\"https:\\\/\\\/edron.edu.mx\\\/es\\\/instalaciones-admisiones\\\/#breadcrumb\"},\"inLanguage\":\"es\",\"potentialAction\":[{\"@type\":\"ReadAction\",\"target\":[\"https:\\\/\\\/edron.edu.mx\\\/es\\\/instalaciones-admisiones\\\/\"]}]},{\"@type\":\"BreadcrumbList\",\"@id\":\"https:\\\/\\\/edron.edu.mx\\\/es\\\/instalaciones-admisiones\\\/#breadcrumb\",\"itemListElement\":[{\"@type\":\"ListItem\",\"position\":1,\"name\":\"Home\",\"item\":\"https:\\\/\\\/edron.edu.mx\\\/es\\\/\"},{\"@type\":\"ListItem\",\"position\":2,\"name\":\"Instalaciones\"}]},{\"@type\":\"WebSite\",\"@id\":\"https:\\\/\\\/edron.edu.mx\\\/es\\\/#website\",\"url\":\"https:\\\/\\\/edron.edu.mx\\\/es\\\/\",\"name\":\"The Edron Academy (El Colegio Brit\u00e1nico, A.C.)\",\"description\":\"\",\"publisher\":{\"@id\":\"https:\\\/\\\/edron.edu.mx\\\/es\\\/#organization\"},\"potentialAction\":[{\"@type\":\"SearchAction\",\"target\":{\"@type\":\"EntryPoint\",\"urlTemplate\":\"https:\\\/\\\/edron.edu.mx\\\/es\\\/?s={search_term_string}\"},\"query-input\":{\"@type\":\"PropertyValueSpecification\",\"valueRequired\":true,\"valueName\":\"search_term_string\"}}],\"inLanguage\":\"es\"},{\"@type\":\"Organization\",\"@id\":\"https:\\\/\\\/edron.edu.mx\\\/es\\\/#organization\",\"name\":\"The Edron Academy (El Colegio Brit\u00e1nico, A.C.)\",\"url\":\"https:\\\/\\\/edron.edu.mx\\\/es\\\/\",\"logo\":{\"@type\":\"ImageObject\",\"inLanguage\":\"es\",\"@id\":\"https:\\\/\\\/edron.edu.mx\\\/es\\\/#\\\/schema\\\/logo\\\/image\\\/\",\"url\":\"https:\\\/\\\/i0.wp.com\\\/edron.edu.mx\\\/wp-content\\\/uploads\\\/2024\\\/10\\\/The-Edron-Academy.png?fit=418%2C168&ssl=1\",\"contentUrl\":\"https:\\\/\\\/i0.wp.com\\\/edron.edu.mx\\\/wp-content\\\/uploads\\\/2024\\\/10\\\/The-Edron-Academy.png?fit=418%2C168&ssl=1\",\"width\":418,\"height\":168,\"caption\":\"The Edron Academy (El Colegio Brit\u00e1nico, A.C.)\"},\"image\":{\"@id\":\"https:\\\/\\\/edron.edu.mx\\\/es\\\/#\\\/schema\\\/logo\\\/image\\\/\"},\"sameAs\":[\"https:\\\/\\\/www.facebook.com\\\/TheEdronAcademy\\\/\",\"https:\\\/\\\/x.com\\\/TheEdronAcademy\",\"https:\\\/\\\/www.instagram.com\\\/theedronacademy\\\/?hl=es\",\"https:\\\/\\\/www.youtube.com\\\/channel\\\/UCt_qlcLg2lJFtcTy0Vx7LxA\"]}]}<\/script>\n<!-- \/ Yoast SEO plugin. -->","yoast_head_json":{"title":"Instalaciones - The Edron Academy (El Colegio Brit\u00e1nico, A.C.)","robots":{"index":"index","follow":"follow","max-snippet":"max-snippet:-1","max-image-preview":"max-image-preview:large","max-video-preview":"max-video-preview:-1"},"canonical":"https:\/\/edron.edu.mx\/es\/instalaciones-admisiones\/","og_locale":"es_ES","og_type":"article","og_title":"Instalaciones - The Edron Academy (El Colegio Brit\u00e1nico, A.C.)","og_description":"[vc_row disable_element=&#8221;yes&#8221;][vc_column][vc_empty_space height=&#8221;52px&#8221;][vc_tta_tabs style=&#8221;flat&#8221; color=&#8221;white&#8221; spacing=&#8221;2&#8243; gap=&#8221;20&#8243; alignment=&#8221;center&#8221; active_section=&#8221;1&#8243; no_fill_content_area=&#8221;true&#8221; el_class=&#8221;wh-custom-tabs&#8221;][vc_tta_section title=&#8221;Todas&#8221; tab_id=&#8221;1660245289410-fd5a8bae-995d&#8221;][vc_masonry_media_grid grid_id=&#8221;vc_gid:1731434356920-40db3692-1e7b-9&#8243; include=&#8221;19662,19668,19669,19670,19671,19672,19666,19667,19665,19673,19664,19734,19735,19736,19737,19750,19751,19749,19748,19745,19738,19743,19798,19799,19744,19741,19752,19756,19753,19808,19807,19806,19805,19804,19802,19800&#8243;][\/vc_tta_section][vc_tta_section title=&#8221;Kinder&#8221; tab_id=&#8221;1660245289426-8bf0edb9-aadf&#8221;][vc_masonry_media_grid grid_id=&#8221;vc_gid:1731434356925-e994418e-8e5d-5&#8243; include=&#8221;19738,19739,19741,19743,19744,19721,19801,19800,19770,19799,19798,19761&#8243;][\/vc_tta_section][vc_tta_section title=&#8221;Primaria&#8221; tab_id=&#8221;1660321024600-36395b75-fc5d&#8221;][vc_masonry_media_grid grid_id=&#8221;vc_gid:1731434356926-59b05ede-88df-10&#8243; include=&#8221;19745,19747,19748,19749,19750,19751,19804,19803,19802,19795&#8243;][\/vc_tta_section][vc_tta_section title=&#8221;Secundaria&#8221; tab_id=&#8221;1660321426319-1f62e620-4f28&#8243;][vc_masonry_media_grid grid_id=&#8221;vc_gid:1731434356927-53bc4f99-0a0d-4&#8243; include=&#8221;19670,19752,19753,19754,19755,19756,19805,19806,19807,19808&#8243;][\/vc_tta_section][\/vc_tta_tabs][\/vc_column][\/vc_row][vc_row][vc_column][vc_empty_space height=&#8221;52px&#8221;][vc_custom_heading text=&#8221;Nuestras instalaciones&#8221; font_container=&#8221;tag:h1|text_align:center|color:%23002ca8&#8243; use_theme_fonts=&#8221;yes&#8221; css=&#8221;&#8221;][vc_empty_space height=&#8221;20px&#8221;][vc_custom_heading text=&#8221;Nos complace mostrarte parte de nuestra Escuela. \u00a1Concerta una cita para&nbsp;&hellip;","og_url":"https:\/\/edron.edu.mx\/es\/instalaciones-admisiones\/","og_site_name":"The Edron Academy (El Colegio Brit\u00e1nico, A.C.)","article_publisher":"https:\/\/www.facebook.com\/TheEdronAcademy\/","article_modified_time":"2024-11-12T18:10:22+00:00","twitter_card":"summary_large_image","twitter_site":"@TheEdronAcademy","twitter_misc":{"Tiempo de lectura":"26 minutos"},"schema":{"@context":"https:\/\/schema.org","@graph":[{"@type":"WebPage","@id":"https:\/\/edron.edu.mx\/es\/instalaciones-admisiones\/","url":"https:\/\/edron.edu.mx\/es\/instalaciones-admisiones\/","name":"Instalaciones - The Edron Academy (El Colegio Brit\u00e1nico, A.C.)","isPartOf":{"@id":"https:\/\/edron.edu.mx\/es\/#website"},"datePublished":"2022-10-08T21:39:13+00:00","dateModified":"2024-11-12T18:10:22+00:00","breadcrumb":{"@id":"https:\/\/edron.edu.mx\/es\/instalaciones-admisiones\/#breadcrumb"},"inLanguage":"es","potentialAction":[{"@type":"ReadAction","target":["https:\/\/edron.edu.mx\/es\/instalaciones-admisiones\/"]}]},{"@type":"BreadcrumbList","@id":"https:\/\/edron.edu.mx\/es\/instalaciones-admisiones\/#breadcrumb","itemListElement":[{"@type":"ListItem","position":1,"name":"Home","item":"https:\/\/edron.edu.mx\/es\/"},{"@type":"ListItem","position":2,"name":"Instalaciones"}]},{"@type":"WebSite","@id":"https:\/\/edron.edu.mx\/es\/#website","url":"https:\/\/edron.edu.mx\/es\/","name":"The Edron Academy (El Colegio Brit\u00e1nico, A.C.)","description":"","publisher":{"@id":"https:\/\/edron.edu.mx\/es\/#organization"},"potentialAction":[{"@type":"SearchAction","target":{"@type":"EntryPoint","urlTemplate":"https:\/\/edron.edu.mx\/es\/?s={search_term_string}"},"query-input":{"@type":"PropertyValueSpecification","valueRequired":true,"valueName":"search_term_string"}}],"inLanguage":"es"},{"@type":"Organization","@id":"https:\/\/edron.edu.mx\/es\/#organization","name":"The Edron Academy (El Colegio Brit\u00e1nico, A.C.)","url":"https:\/\/edron.edu.mx\/es\/","logo":{"@type":"ImageObject","inLanguage":"es","@id":"https:\/\/edron.edu.mx\/es\/#\/schema\/logo\/image\/","url":"https:\/\/i0.wp.com\/edron.edu.mx\/wp-content\/uploads\/2024\/10\/The-Edron-Academy.png?fit=418%2C168&ssl=1","contentUrl":"https:\/\/i0.wp.com\/edron.edu.mx\/wp-content\/uploads\/2024\/10\/The-Edron-Academy.png?fit=418%2C168&ssl=1","width":418,"height":168,"caption":"The Edron Academy (El Colegio Brit\u00e1nico, A.C.)"},"image":{"@id":"https:\/\/edron.edu.mx\/es\/#\/schema\/logo\/image\/"},"sameAs":["https:\/\/www.facebook.com\/TheEdronAcademy\/","https:\/\/x.com\/TheEdronAcademy","https:\/\/www.instagram.com\/theedronacademy\/?hl=es","https:\/\/www.youtube.com\/channel\/UCt_qlcLg2lJFtcTy0Vx7LxA"]}]}},"jetpack_sharing_enabled":true,"_links":{"self":[{"href":"https:\/\/edron.edu.mx\/es\/wp-json\/wp\/v2\/pages\/20470","targetHints":{"allow":["GET"]}}],"collection":[{"href":"https:\/\/edron.edu.mx\/es\/wp-json\/wp\/v2\/pages"}],"about":[{"href":"https:\/\/edron.edu.mx\/es\/wp-json\/wp\/v2\/types\/page"}],"author":[{"embeddable":true,"href":"https:\/\/edron.edu.mx\/es\/wp-json\/wp\/v2\/users\/3"}],"replies":[{"embeddable":true,"href":"https:\/\/edron.edu.mx\/es\/wp-json\/wp\/v2\/comments?post=20470"}],"version-history":[{"count":5,"href":"https:\/\/edron.edu.mx\/es\/wp-json\/wp\/v2\/pages\/20470\/revisions"}],"predecessor-version":[{"id":22378,"href":"https:\/\/edron.edu.mx\/es\/wp-json\/wp\/v2\/pages\/20470\/revisions\/22378"}],"wp:attachment":[{"href":"https:\/\/edron.edu.mx\/es\/wp-json\/wp\/v2\/media?parent=20470"}],"curies":[{"name":"wp","href":"https:\/\/api.w.org\/{rel}","templated":true}]}}