{"id":20561,"date":"2018-04-30T09:23:39","date_gmt":"2018-04-30T09:23:39","guid":{"rendered":"https:\/\/edron.edu.mx\/edron-kinder\/pre-nursery\/"},"modified":"2024-08-20T00:39:53","modified_gmt":"2024-08-20T00:39:53","slug":"pre-nursery","status":"publish","type":"page","link":"https:\/\/edron.edu.mx\/es\/edron-kinder\/pre-nursery\/","title":{"rendered":"Pre Nursery"},"content":{"rendered":"<div class=\"wpb-content-wrapper\"><p>[vc_row full_width=&#8221;stretch_row&#8221; css=&#8221;.vc_custom_1529069661603{margin-bottom: 0px !important;padding-bottom: 0px !important;background-color: #ffffff !important;}&#8221;][vc_column css=&#8221;.vc_custom_1529069723255{margin-bottom: 0px !important;padding-top: 0px !important;}&#8221;][vc_custom_heading text=&#8221;Pre Nursery&#8221; font_container=&#8221;tag:h1|text_align:center|color:%23002ca8&#8243; use_theme_fonts=&#8221;yes&#8221; css=&#8221;.vc_custom_1670861853513{margin-bottom: 20px !important;padding-bottom: 0px !important;}&#8221;][vc_empty_space height=&#8221;30px&#8221;][vc_custom_heading text=&#8221;Nuestro objetivo en Pre Nursery es construir un entorno de afecto y de comprensi\u00f3n donde los peque\u00f1os comiencen a trabajar en su transici\u00f3n desde el hogar al mundo escolar. Para conseguir esta meta, trabajamos estrechamente con los padres de familia.&#8221; font_container=&#8221;tag:p|text_align:left|color:%23595667&#8243; use_theme_fonts=&#8221;yes&#8221; css=&#8221;.vc_custom_1670861984614{margin-bottom: 20px !important;padding-bottom: 0px !important;}&#8221;][vc_custom_heading text=&#8221;El programa presta especial atenci\u00f3n a la creaci\u00f3n de una atm\u00f3sfera de respeto, donde cada alumno se sienta valorado y aceptado. Promovemos las habilidades sociales y emocionales de cada ni\u00f1o, adem\u00e1s de brindar oportunidades para animarles en su desarrollo f\u00edsico, cognitivo y creativo.&#8221; font_container=&#8221;tag:p|text_align:left|color:%23595667&#8243; use_theme_fonts=&#8221;yes&#8221; css=&#8221;.vc_custom_1670862029263{margin-bottom: 20px !important;padding-bottom: 0px !important;}&#8221;][vc_empty_space height=&#8221;20px&#8221;][vc_custom_heading text=&#8221;Centro Educativo para los M\u00e1s Peque\u00f1os&#8221; font_container=&#8221;tag:h2|text_align:left|color:%23002ca8&#8243; use_theme_fonts=&#8221;yes&#8221; css=&#8221;.vc_custom_1670864282909{margin-bottom: 20px !important;padding-bottom: 0px !important;}&#8221;][vc_empty_space height=&#8221;20px&#8221;][vc_custom_heading text=&#8221;Tenemos la fortuna de contar con hermosas instalaciones para nuestros peque\u00f1itos de Pre Nursery, especialmente dise\u00f1adas y construidas para ni\u00f1os desde que son capaces de caminar hasta los 3 a\u00f1os de edad. El \u00e9nfasis en los primeros a\u00f1os es en el aprendizaje activo a trav\u00e9s del juego, lo que les permite desarrollarse y alcanzar su potencial trabajando en su propio nivel y ritmo. Nuestro objetivo es crear una atm\u00f3sfera en la que se anime a los ni\u00f1os a ser curiosos y auto-motivados, se desarrolle la confianza en s\u00ed mismos y en su trabajo, logrando reconocer y sentirse orgullosos de su trabajo y sus logros. Nuestro centro educativo est\u00e1 dise\u00f1ado para proporcionar una inducci\u00f3n alegre y feliz a la vida escolar, en el que los alumnos desarrollen amor por aprender.&#8221; font_container=&#8221;tag:p|text_align:left|color:%23595667&#8243; use_theme_fonts=&#8221;yes&#8221; css=&#8221;.vc_custom_1670864334840{margin-bottom: 20px !important;padding-bottom: 0px !important;}&#8221;][vc_empty_space height=&#8221;30px&#8221;][\/vc_column][\/vc_row][vc_row gap=&#8221;25&#8243; equal_height=&#8221;yes&#8221; css=&#8221;.vc_custom_1670865331783{margin-bottom: 50px !important;}&#8221;][vc_column width=&#8221;1\/3&#8243; css=&#8221;.vc_custom_1670864671307{margin-bottom: 0px !important;padding-top: 50px !important;padding-right: 45px !important;padding-bottom: 35px !important;padding-left: 45px !important;background: #f8f8f8 url(https:\/\/edron.edu.mx\/wp-content\/uploads\/2022\/08\/collage_KINDER.jpg?id=1192) !important;}&#8221; el_class=&#8221;radius-right icon-box&#8221;][vc_empty_space height=&#8221;250px&#8221;][\/vc_column][vc_column width=&#8221;1\/3&#8243; css=&#8221;.vc_custom_1670864776028{margin-bottom: 0px !important;padding-top: 50px !important;padding-right: 45px !important;padding-bottom: 35px !important;padding-left: 45px !important;background: #f8f8f8 url(https:\/\/edron.edu.mx\/wp-content\/uploads\/2022\/08\/PDY-8553.jpg?id=995) !important;}&#8221; el_class=&#8221;radius-right icon-box&#8221;][vc_empty_space height=&#8221;250px&#8221;][\/vc_column][vc_column width=&#8221;1\/3&#8243; css=&#8221;.vc_custom_1670865385182{margin-bottom: 0px !important;padding-left: 80px !important;background-color: #f8d557 !important;}&#8221; el_class=&#8221;radius-right icon-box&#8221;]\n\t\t\t\t\t<div class=\"wh-theme-icon icon-quotation-rotate scp_theme_icon-fdd4652f43b5ae55dae0c280a42fc8c4\">\n\t\t\t\t<i class=\"icon-edtwo-quotes\"><\/i>\n\t\t\t<\/div>\n\t\t\t\t[vc_custom_heading text=&#8221;Un ambiente de respeto en donde cada ni\u00f1o se siente aceptado y valorado.&#8221; font_container=&#8221;tag:h2|font_size:32px|text_align:left|color:%23ffffff|line_height:38px&#8221; use_theme_fonts=&#8221;yes&#8221; css=&#8221;.vc_custom_1670865051972{margin-top: 65px !important;margin-left: -30px !important;padding-bottom: 45px !important;}&#8221;][\/vc_column][\/vc_row][vc_row][vc_column][vc_empty_space height=&#8221;45px&#8221;][vc_separator][vc_empty_space][\/vc_column][\/vc_row]<\/p>\n<\/div>","protected":false},"excerpt":{"rendered":"<p>[vc_row full_width=&#8221;stretch_row&#8221; css=&#8221;.vc_custom_1529069661603{margin-bottom: 0px !important;padding-bottom: 0px !important;background-color: #ffffff !important;}&#8221;][vc_column css=&#8221;.vc_custom_1529069723255{margin-bottom: 0px !important;padding-top: 0px !important;}&#8221;][vc_custom_heading text=&#8221;Pre Nursery&#8221; font_container=&#8221;tag:h1|text_align:center|color:%23002ca8&#8243; use_theme_fonts=&#8221;yes&#8221; css=&#8221;.vc_custom_1670861853513{margin-bottom: 20px !important;padding-bottom: 0px !important;}&#8221;][vc_empty_space height=&#8221;30px&#8221;][vc_custom_heading text=&#8221;Nuestro objetivo en Pre Nursery es construir un entorno de afecto y de comprensi\u00f3n donde los peque\u00f1os comiencen a trabajar en&nbsp;<a href=\"https:\/\/edron.edu.mx\/es\/edron-kinder\/pre-nursery\/\">&hellip;<\/a><\/p>\n","protected":false},"author":3,"featured_media":0,"parent":19932,"menu_order":0,"comment_status":"closed","ping_status":"closed","template":"template-fullwidth.php","meta":{"nf_dc_page":"","footnotes":""},"class_list":["post-20561","page","type-page","status-publish","hentry","odd"],"yoast_head":"<!-- This site is optimized with the Yoast SEO plugin v27.4 - https:\/\/yoast.com\/product\/yoast-seo-wordpress\/ -->\n<title>Pre Nursery - The Edron Academy (El Colegio Brit\u00e1nico, A.C.)<\/title>\n<meta name=\"robots\" content=\"index, follow, max-snippet:-1, max-image-preview:large, max-video-preview:-1\" \/>\n<link rel=\"canonical\" href=\"https:\/\/edron.edu.mx\/es\/edron-kinder\/pre-nursery\/\" \/>\n<meta property=\"og:locale\" content=\"es_ES\" \/>\n<meta property=\"og:type\" content=\"article\" \/>\n<meta property=\"og:title\" content=\"Pre Nursery - The Edron Academy (El Colegio Brit\u00e1nico, A.C.)\" \/>\n<meta property=\"og:description\" content=\"[vc_row full_width=&#8221;stretch_row&#8221; css=&#8221;.vc_custom_1529069661603{margin-bottom: 0px !important;padding-bottom: 0px !important;background-color: #ffffff !important;}&#8221;][vc_column css=&#8221;.vc_custom_1529069723255{margin-bottom: 0px !important;padding-top: 0px !important;}&#8221;][vc_custom_heading text=&#8221;Pre Nursery&#8221; font_container=&#8221;tag:h1|text_align:center|color:%23002ca8&#8243; use_theme_fonts=&#8221;yes&#8221; css=&#8221;.vc_custom_1670861853513{margin-bottom: 20px !important;padding-bottom: 0px !important;}&#8221;][vc_empty_space height=&#8221;30px&#8221;][vc_custom_heading text=&#8221;Nuestro objetivo en Pre Nursery es construir un entorno de afecto y de comprensi\u00f3n donde los peque\u00f1os comiencen a trabajar en&nbsp;&hellip;\" \/>\n<meta property=\"og:url\" content=\"https:\/\/edron.edu.mx\/es\/edron-kinder\/pre-nursery\/\" \/>\n<meta property=\"og:site_name\" content=\"The Edron Academy (El Colegio Brit\u00e1nico, A.C.)\" \/>\n<meta property=\"article:publisher\" content=\"https:\/\/www.facebook.com\/TheEdronAcademy\/\" \/>\n<meta property=\"article:modified_time\" content=\"2024-08-20T00:39:53+00:00\" \/>\n<meta name=\"twitter:card\" content=\"summary_large_image\" \/>\n<meta name=\"twitter:site\" content=\"@TheEdronAcademy\" \/>\n<meta name=\"twitter:label1\" content=\"Tiempo de lectura\" \/>\n\t<meta name=\"twitter:data1\" content=\"2 minutos\" \/>\n<script type=\"application\/ld+json\" class=\"yoast-schema-graph\">{\"@context\":\"https:\\\/\\\/schema.org\",\"@graph\":[{\"@type\":\"WebPage\",\"@id\":\"https:\\\/\\\/edron.edu.mx\\\/es\\\/edron-kinder\\\/pre-nursery\\\/\",\"url\":\"https:\\\/\\\/edron.edu.mx\\\/es\\\/edron-kinder\\\/pre-nursery\\\/\",\"name\":\"Pre Nursery - The Edron Academy (El Colegio Brit\u00e1nico, A.C.)\",\"isPartOf\":{\"@id\":\"https:\\\/\\\/edron.edu.mx\\\/es\\\/#website\"},\"datePublished\":\"2018-04-30T09:23:39+00:00\",\"dateModified\":\"2024-08-20T00:39:53+00:00\",\"breadcrumb\":{\"@id\":\"https:\\\/\\\/edron.edu.mx\\\/es\\\/edron-kinder\\\/pre-nursery\\\/#breadcrumb\"},\"inLanguage\":\"es\",\"potentialAction\":[{\"@type\":\"ReadAction\",\"target\":[\"https:\\\/\\\/edron.edu.mx\\\/es\\\/edron-kinder\\\/pre-nursery\\\/\"]}]},{\"@type\":\"BreadcrumbList\",\"@id\":\"https:\\\/\\\/edron.edu.mx\\\/es\\\/edron-kinder\\\/pre-nursery\\\/#breadcrumb\",\"itemListElement\":[{\"@type\":\"ListItem\",\"position\":1,\"name\":\"Home\",\"item\":\"https:\\\/\\\/edron.edu.mx\\\/es\\\/\"},{\"@type\":\"ListItem\",\"position\":2,\"name\":\"Kinder Edron\",\"item\":\"https:\\\/\\\/edron.edu.mx\\\/es\\\/edron-kinder\\\/\"},{\"@type\":\"ListItem\",\"position\":3,\"name\":\"Pre Nursery\"}]},{\"@type\":\"WebSite\",\"@id\":\"https:\\\/\\\/edron.edu.mx\\\/es\\\/#website\",\"url\":\"https:\\\/\\\/edron.edu.mx\\\/es\\\/\",\"name\":\"The Edron Academy (El Colegio Brit\u00e1nico, A.C.)\",\"description\":\"\",\"publisher\":{\"@id\":\"https:\\\/\\\/edron.edu.mx\\\/es\\\/#organization\"},\"potentialAction\":[{\"@type\":\"SearchAction\",\"target\":{\"@type\":\"EntryPoint\",\"urlTemplate\":\"https:\\\/\\\/edron.edu.mx\\\/es\\\/?s={search_term_string}\"},\"query-input\":{\"@type\":\"PropertyValueSpecification\",\"valueRequired\":true,\"valueName\":\"search_term_string\"}}],\"inLanguage\":\"es\"},{\"@type\":\"Organization\",\"@id\":\"https:\\\/\\\/edron.edu.mx\\\/es\\\/#organization\",\"name\":\"The Edron Academy (El Colegio Brit\u00e1nico, A.C.)\",\"url\":\"https:\\\/\\\/edron.edu.mx\\\/es\\\/\",\"logo\":{\"@type\":\"ImageObject\",\"inLanguage\":\"es\",\"@id\":\"https:\\\/\\\/edron.edu.mx\\\/es\\\/#\\\/schema\\\/logo\\\/image\\\/\",\"url\":\"https:\\\/\\\/i0.wp.com\\\/edron.edu.mx\\\/wp-content\\\/uploads\\\/2024\\\/10\\\/The-Edron-Academy.png?fit=418%2C168&ssl=1\",\"contentUrl\":\"https:\\\/\\\/i0.wp.com\\\/edron.edu.mx\\\/wp-content\\\/uploads\\\/2024\\\/10\\\/The-Edron-Academy.png?fit=418%2C168&ssl=1\",\"width\":418,\"height\":168,\"caption\":\"The Edron Academy (El Colegio Brit\u00e1nico, A.C.)\"},\"image\":{\"@id\":\"https:\\\/\\\/edron.edu.mx\\\/es\\\/#\\\/schema\\\/logo\\\/image\\\/\"},\"sameAs\":[\"https:\\\/\\\/www.facebook.com\\\/TheEdronAcademy\\\/\",\"https:\\\/\\\/x.com\\\/TheEdronAcademy\",\"https:\\\/\\\/www.instagram.com\\\/theedronacademy\\\/?hl=es\",\"https:\\\/\\\/www.youtube.com\\\/channel\\\/UCt_qlcLg2lJFtcTy0Vx7LxA\"]}]}<\/script>\n<!-- \/ Yoast SEO plugin. -->","yoast_head_json":{"title":"Pre Nursery - The Edron Academy (El Colegio Brit\u00e1nico, A.C.)","robots":{"index":"index","follow":"follow","max-snippet":"max-snippet:-1","max-image-preview":"max-image-preview:large","max-video-preview":"max-video-preview:-1"},"canonical":"https:\/\/edron.edu.mx\/es\/edron-kinder\/pre-nursery\/","og_locale":"es_ES","og_type":"article","og_title":"Pre Nursery - The Edron Academy (El Colegio Brit\u00e1nico, A.C.)","og_description":"[vc_row full_width=&#8221;stretch_row&#8221; css=&#8221;.vc_custom_1529069661603{margin-bottom: 0px !important;padding-bottom: 0px !important;background-color: #ffffff !important;}&#8221;][vc_column css=&#8221;.vc_custom_1529069723255{margin-bottom: 0px !important;padding-top: 0px !important;}&#8221;][vc_custom_heading text=&#8221;Pre Nursery&#8221; font_container=&#8221;tag:h1|text_align:center|color:%23002ca8&#8243; use_theme_fonts=&#8221;yes&#8221; css=&#8221;.vc_custom_1670861853513{margin-bottom: 20px !important;padding-bottom: 0px !important;}&#8221;][vc_empty_space height=&#8221;30px&#8221;][vc_custom_heading text=&#8221;Nuestro objetivo en Pre Nursery es construir un entorno de afecto y de comprensi\u00f3n donde los peque\u00f1os comiencen a trabajar en&nbsp;&hellip;","og_url":"https:\/\/edron.edu.mx\/es\/edron-kinder\/pre-nursery\/","og_site_name":"The Edron Academy (El Colegio Brit\u00e1nico, A.C.)","article_publisher":"https:\/\/www.facebook.com\/TheEdronAcademy\/","article_modified_time":"2024-08-20T00:39:53+00:00","twitter_card":"summary_large_image","twitter_site":"@TheEdronAcademy","twitter_misc":{"Tiempo de lectura":"2 minutos"},"schema":{"@context":"https:\/\/schema.org","@graph":[{"@type":"WebPage","@id":"https:\/\/edron.edu.mx\/es\/edron-kinder\/pre-nursery\/","url":"https:\/\/edron.edu.mx\/es\/edron-kinder\/pre-nursery\/","name":"Pre Nursery - The Edron Academy (El Colegio Brit\u00e1nico, A.C.)","isPartOf":{"@id":"https:\/\/edron.edu.mx\/es\/#website"},"datePublished":"2018-04-30T09:23:39+00:00","dateModified":"2024-08-20T00:39:53+00:00","breadcrumb":{"@id":"https:\/\/edron.edu.mx\/es\/edron-kinder\/pre-nursery\/#breadcrumb"},"inLanguage":"es","potentialAction":[{"@type":"ReadAction","target":["https:\/\/edron.edu.mx\/es\/edron-kinder\/pre-nursery\/"]}]},{"@type":"BreadcrumbList","@id":"https:\/\/edron.edu.mx\/es\/edron-kinder\/pre-nursery\/#breadcrumb","itemListElement":[{"@type":"ListItem","position":1,"name":"Home","item":"https:\/\/edron.edu.mx\/es\/"},{"@type":"ListItem","position":2,"name":"Kinder Edron","item":"https:\/\/edron.edu.mx\/es\/edron-kinder\/"},{"@type":"ListItem","position":3,"name":"Pre Nursery"}]},{"@type":"WebSite","@id":"https:\/\/edron.edu.mx\/es\/#website","url":"https:\/\/edron.edu.mx\/es\/","name":"The Edron Academy (El Colegio Brit\u00e1nico, A.C.)","description":"","publisher":{"@id":"https:\/\/edron.edu.mx\/es\/#organization"},"potentialAction":[{"@type":"SearchAction","target":{"@type":"EntryPoint","urlTemplate":"https:\/\/edron.edu.mx\/es\/?s={search_term_string}"},"query-input":{"@type":"PropertyValueSpecification","valueRequired":true,"valueName":"search_term_string"}}],"inLanguage":"es"},{"@type":"Organization","@id":"https:\/\/edron.edu.mx\/es\/#organization","name":"The Edron Academy (El Colegio Brit\u00e1nico, A.C.)","url":"https:\/\/edron.edu.mx\/es\/","logo":{"@type":"ImageObject","inLanguage":"es","@id":"https:\/\/edron.edu.mx\/es\/#\/schema\/logo\/image\/","url":"https:\/\/i0.wp.com\/edron.edu.mx\/wp-content\/uploads\/2024\/10\/The-Edron-Academy.png?fit=418%2C168&ssl=1","contentUrl":"https:\/\/i0.wp.com\/edron.edu.mx\/wp-content\/uploads\/2024\/10\/The-Edron-Academy.png?fit=418%2C168&ssl=1","width":418,"height":168,"caption":"The Edron Academy (El Colegio Brit\u00e1nico, A.C.)"},"image":{"@id":"https:\/\/edron.edu.mx\/es\/#\/schema\/logo\/image\/"},"sameAs":["https:\/\/www.facebook.com\/TheEdronAcademy\/","https:\/\/x.com\/TheEdronAcademy","https:\/\/www.instagram.com\/theedronacademy\/?hl=es","https:\/\/www.youtube.com\/channel\/UCt_qlcLg2lJFtcTy0Vx7LxA"]}]}},"jetpack_sharing_enabled":true,"_links":{"self":[{"href":"https:\/\/edron.edu.mx\/es\/wp-json\/wp\/v2\/pages\/20561","targetHints":{"allow":["GET"]}}],"collection":[{"href":"https:\/\/edron.edu.mx\/es\/wp-json\/wp\/v2\/pages"}],"about":[{"href":"https:\/\/edron.edu.mx\/es\/wp-json\/wp\/v2\/types\/page"}],"author":[{"embeddable":true,"href":"https:\/\/edron.edu.mx\/es\/wp-json\/wp\/v2\/users\/3"}],"replies":[{"embeddable":true,"href":"https:\/\/edron.edu.mx\/es\/wp-json\/wp\/v2\/comments?post=20561"}],"version-history":[{"count":2,"href":"https:\/\/edron.edu.mx\/es\/wp-json\/wp\/v2\/pages\/20561\/revisions"}],"predecessor-version":[{"id":21978,"href":"https:\/\/edron.edu.mx\/es\/wp-json\/wp\/v2\/pages\/20561\/revisions\/21978"}],"up":[{"embeddable":true,"href":"https:\/\/edron.edu.mx\/es\/wp-json\/wp\/v2\/pages\/19932"}],"wp:attachment":[{"href":"https:\/\/edron.edu.mx\/es\/wp-json\/wp\/v2\/media?parent=20561"}],"curies":[{"name":"wp","href":"https:\/\/api.w.org\/{rel}","templated":true}]}}