{"id":20563,"date":"2022-12-12T21:40:08","date_gmt":"2022-12-12T21:40:08","guid":{"rendered":"https:\/\/edron.edu.mx\/edron-kinder\/reception-kinder-2\/"},"modified":"2024-08-20T00:42:08","modified_gmt":"2024-08-20T00:42:08","slug":"reception-kinder-2","status":"publish","type":"page","link":"https:\/\/edron.edu.mx\/es\/edron-kinder\/reception-kinder-2\/","title":{"rendered":"Reception (Kinder 2)"},"content":{"rendered":"<div class=\"wpb-content-wrapper\"><p>[vc_row full_width=&#8221;stretch_row&#8221; css=&#8221;.vc_custom_1529069661603{margin-bottom: 0px !important;padding-bottom: 0px !important;background-color: #ffffff !important;}&#8221;][vc_column css=&#8221;.vc_custom_1529069723255{margin-bottom: 0px !important;padding-top: 0px !important;}&#8221;][vc_custom_heading text=&#8221;Reception (Kinder 2)&#8221; font_container=&#8221;tag:h1|text_align:center|color:%23002ca8&#8243; use_theme_fonts=&#8221;yes&#8221; css=&#8221;.vc_custom_1670879784319{margin-bottom: 20px !important;padding-bottom: 0px !important;}&#8221;][vc_empty_space height=&#8221;30px&#8221;][vc_custom_heading text=&#8221;En Reception (K\u00ednder 2), los ni\u00f1os viven en un ambiente positivo e interactivo para convertirse en aprendices \u00a1activos y felices! Los peque\u00f1os disfrutan de d\u00edas llenos de emocionantes actividades en distintas \u00e1reas de desarrollo, todo en un entorno cuidadosamente preparado y en idioma ingl\u00e9s.&#8221; font_container=&#8221;tag:p|text_align:left|color:%23595667&#8243; use_theme_fonts=&#8221;yes&#8221; css=&#8221;.vc_custom_1670879829437{margin-bottom: 20px !important;padding-bottom: 0px !important;}&#8221;][vc_custom_heading text=&#8221;Reception (K\u00cdnder 2) forma parte del programa de base educativa (Foundation Stage of Education) en este grado se contin\u00faa ofreciendo un entorno que permite a nuestros ni\u00f1os alcanzar su mayor potencial, respetando su propio ritmo. En los tres salones en este grado se promueve la actitud positiva y se construye sobre los que los ni\u00f1os ya conocen y entienden. Nuestro objetivo es equipar a nuestros estudiantes con las actitudes, habilidades y conocimientos que les permitan progresar a la siguiente etapa educativa, siendo estudiantes confiados y auto-motivados. Nos aseguramos. que el aprendizaje siga siendo divertido y se adapte a las necesidades e intereses de los ni\u00f1os.&#8221; font_container=&#8221;tag:p|text_align:left|color:%23595667&#8243; use_theme_fonts=&#8221;yes&#8221; css=&#8221;.vc_custom_1670879862800{margin-bottom: 20px !important;padding-bottom: 0px !important;}&#8221;][vc_empty_space height=&#8221;20px&#8221;][\/vc_column][\/vc_row][vc_row gap=&#8221;25&#8243; equal_height=&#8221;yes&#8221; disable_element=&#8221;yes&#8221; css=&#8221;.vc_custom_1658071531846{margin-bottom: 50px !important;}&#8221;][vc_column width=&#8221;1\/4&#8243; css=&#8221;.vc_custom_1657936940619{margin-bottom: 0px !important;padding-top: 50px !important;padding-right: 45px !important;padding-bottom: 35px !important;padding-left: 45px !important;background-color: #f8f8f8 !important;}&#8221; el_class=&#8221;radius-right icon-box&#8221;]\n\t\t\t\t\t<div class=\"wh-theme-icon  scp_theme_icon-febbaf43a364750f87782709ebfdd7dc\">\n\t\t\t\t<i class=\"icon-edheart\"><\/i>\n\t\t\t<\/div>\n\t\t\t\t[vc_empty_space height=&#8221;30px&#8221;][vc_custom_heading text=&#8221;RESPECT&#8221; font_container=&#8221;tag:h5|font_size:23px|text_align:left|color:%233c384f&#8221; use_theme_fonts=&#8221;yes&#8221; css=&#8221;.vc_custom_1657936785297{margin-top: -8px !important;margin-bottom: 20px !important;}&#8221;][vc_custom_heading text=&#8221;Accept and appreciate yourself and all members of the community just the way they are, regardless of differences. It means treating others in the same considerate way you would like to be treated yourself. Looking after your environment is also fundamentally about respect.&#8221; font_container=&#8221;tag:p|text_align:left|line_height:27px&#8221; use_theme_fonts=&#8221;yes&#8221; css=&#8221;.vc_custom_1657936836089{margin-top: -6px !important;padding-top: 0px !important;}&#8221;][\/vc_column][vc_column width=&#8221;1\/4&#8243; css=&#8221;.vc_custom_1657937131297{margin-bottom: 0px !important;padding-top: 50px !important;padding-right: 45px !important;padding-bottom: 35px !important;padding-left: 45px !important;background-color: #f8f8f8 !important;}&#8221; el_class=&#8221;radius-right icon-box&#8221;]\n\t\t\t\t\t<div class=\"wh-theme-icon  scp_theme_icon-7499c6a41f47e2c9d451309cedce6df5\">\n\t\t\t\t<i class=\"icon-edsun\"><\/i>\n\t\t\t<\/div>\n\t\t\t\t[vc_empty_space height=&#8221;30px&#8221;][vc_custom_heading text=&#8221;POSITIVE ATTITUDE&#8221; font_container=&#8221;tag:h5|font_size:23px|text_align:left|color:%233c384f&#8221; use_theme_fonts=&#8221;yes&#8221; css=&#8221;.vc_custom_1657937092222{margin-top: -8px !important;margin-bottom: 20px !important;}&#8221;][vc_custom_heading text=&#8221;Learn to handle each situation you encounter and be open to change. Maintain an optimistic outlook by being, enthusiastic and hopeful. Take advantage of each opportunity and try to be better each day.&#8221; font_container=&#8221;tag:p|text_align:left|line_height:27px&#8221; use_theme_fonts=&#8221;yes&#8221; css=&#8221;.vc_custom_1657937114146{margin-top: -6px !important;padding-top: 0px !important;}&#8221;][\/vc_column][vc_column width=&#8221;1\/4&#8243; css=&#8221;.vc_custom_1529070055440{margin-bottom: 0px !important;padding-bottom: 35px !important;padding-left: 45px !important;background-color: #f8f8f8 !important;}&#8221; el_class=&#8221;radius-right icon-box&#8221;]\n\t\t\t\t\t<div class=\"wh-theme-icon  scp_theme_icon-a9fd1fc882f3677220e935cce7411b26\">\n\t\t\t\t<i class=\"icon-edic_thumb_up\"><\/i>\n\t\t\t<\/div>\n\t\t\t\t[vc_empty_space height=&#8221;30px&#8221;][vc_custom_heading text=&#8221;HONESTY&#8221; font_container=&#8221;tag:h5|font_size:23px|text_align:left|color:%233c384f&#8221; use_theme_fonts=&#8221;yes&#8221; css=&#8221;.vc_custom_1657937677943{margin-top: -8px !important;margin-bottom: 20px !important;}&#8221;][vc_custom_heading text=&#8221;Always be true in what you say and do. Recognise your mistakes and learn from them.&#8221; font_container=&#8221;tag:p|text_align:left|line_height:27px&#8221; use_theme_fonts=&#8221;yes&#8221; css=&#8221;.vc_custom_1657937702966{margin-top: -6px !important;padding-top: 0px !important;}&#8221;][\/vc_column][vc_column width=&#8221;1\/4&#8243; css=&#8221;.vc_custom_1529070061561{margin-bottom: 0px !important;padding-bottom: 35px !important;padding-left: 45px !important;background-color: #f8f8f8 !important;}&#8221; el_class=&#8221;radius-right icon-box&#8221;]\n\t\t\t\t\t<div class=\"wh-theme-icon  scp_theme_icon-4ab495d5f1c1374a284e6bfa990ab635\">\n\t\t\t\t<i class=\"icon-edic_verified_user\"><\/i>\n\t\t\t<\/div>\n\t\t\t\t[vc_empty_space height=&#8221;30px&#8221;][vc_custom_heading text=&#8221;TRUST&#8221; font_container=&#8221;tag:h5|font_size:23px|text_align:left|color:%233c384f&#8221; use_theme_fonts=&#8221;yes&#8221; css=&#8221;.vc_custom_1657937776167{margin-top: -8px !important;margin-bottom: 20px !important;}&#8221;][vc_custom_heading text=&#8221;Help to create and maintain a positive environment where you and others can feel motivated to develop and are not afraid to make mistakes.&#8221; font_container=&#8221;tag:p|text_align:left|line_height:27px&#8221; use_theme_fonts=&#8221;yes&#8221; css=&#8221;.vc_custom_1657937795358{margin-top: -6px !important;padding-top: 0px !important;}&#8221;][\/vc_column][\/vc_row][vc_row gap=&#8221;25&#8243; equal_height=&#8221;yes&#8221; disable_element=&#8221;yes&#8221; css=&#8221;.vc_custom_1658071716095{margin-top: 25px !important;padding-right: 10px !important;padding-left: 10px !important;}&#8221;][vc_column width=&#8221;1\/3&#8243; css=&#8221;.vc_custom_1658024119659{margin-bottom: 0px !important;padding-bottom: 52px !important;padding-left: 45px !important;background-color: #0288d6 !important;}&#8221; el_class=&#8221;radius-right&#8221;][vc_single_image image=&#8221;601&#8243; img_size=&#8221;full&#8221;][vc_custom_heading text=&#8221;RESPECT&#8221; font_container=&#8221;tag:h5|font_size:23px|text_align:left|color:%23fffeff|line_height:30px&#8221; use_theme_fonts=&#8221;yes&#8221; css=&#8221;.vc_custom_1658019626236{margin-top: 11px !important;margin-bottom: 22px !important;}&#8221;][vc_custom_heading text=&#8221;Accept and appreciate yourself and all members of the community just the way they are, regardless of differences. It means treating others in the same considerate way you would like to be treated yourself. Looking after your environment is also fundamentally about respect.&#8221; font_container=&#8221;tag:p|text_align:left|color:%23fffeff|line_height:26px&#8221; use_theme_fonts=&#8221;yes&#8221; css=&#8221;.vc_custom_1658019669380{margin-top: -6px !important;margin-bottom: 17px !important;padding-top: 0px !important;}&#8221;][\/vc_column][vc_column width=&#8221;1\/3&#8243; css=&#8221;.vc_custom_1529070206514{margin-bottom: 0px !important;padding-bottom: 52px !important;padding-left: 45px !important;background-color: #f8f8f8 !important;}&#8221; el_class=&#8221;radius-right icon-box&#8221;][vc_single_image image=&#8221;600&#8243; img_size=&#8221;full&#8221;][vc_custom_heading text=&#8221;POSITIVE ATTITUDE&#8221; font_container=&#8221;tag:h5|font_size:23px|text_align:left|color:%234b485d|line_height:30px&#8221; use_theme_fonts=&#8221;yes&#8221; css=&#8221;.vc_custom_1658019703514{margin-top: 11px !important;margin-bottom: 22px !important;}&#8221;][vc_custom_heading text=&#8221;Learn to handle each situation you encounter and be open to change. Maintain an optimistic outlook by being, enthusiastic and hopeful. Take advantage of each opportunity and try to be better each day.&#8221; font_container=&#8221;tag:p|text_align:left|line_height:26px&#8221; use_theme_fonts=&#8221;yes&#8221; css=&#8221;.vc_custom_1658019715853{margin-top: -6px !important;padding-top: 0px !important;}&#8221;][\/vc_column][vc_column width=&#8221;1\/3&#8243; css=&#8221;.vc_custom_1529070216547{margin-bottom: 0px !important;padding-bottom: 52px !important;padding-left: 45px !important;background-color: #f8f8f8 !important;}&#8221; el_class=&#8221;radius-right icon-box&#8221;][vc_single_image image=&#8221;603&#8243; img_size=&#8221;full&#8221;][vc_custom_heading text=&#8221;HONESTY&#8221; font_container=&#8221;tag:h5|font_size:23px|text_align:left|color:%234b485d|line_height:30px&#8221; use_theme_fonts=&#8221;yes&#8221; css=&#8221;.vc_custom_1658019750592{margin-top: 11px !important;margin-bottom: 22px !important;}&#8221;][vc_custom_heading text=&#8221;Always be true in what you say and do. Recognise your mistakes and learn from them.&#8221; font_container=&#8221;tag:p|text_align:left|line_height:26px&#8221; use_theme_fonts=&#8221;yes&#8221; css=&#8221;.vc_custom_1658019761541{margin-top: -6px !important;padding-top: 0px !important;}&#8221;][\/vc_column][\/vc_row][vc_row gap=&#8221;25&#8243; equal_height=&#8221;yes&#8221; css=&#8221;.vc_custom_1670865331783{margin-bottom: 50px !important;}&#8221;][vc_column width=&#8221;1\/3&#8243; css=&#8221;.vc_custom_1670880377681{margin-bottom: 0px !important;padding-top: 50px !important;padding-right: 45px !important;padding-bottom: 35px !important;padding-left: 45px !important;background: #f8f8f8 url(https:\/\/edron.edu.mx\/wp-content\/uploads\/2022\/08\/GRX_3704-1.jpg?id=1169) !important;}&#8221; el_class=&#8221;radius-right icon-box&#8221;][vc_empty_space height=&#8221;250px&#8221;][\/vc_column][vc_column width=&#8221;1\/3&#8243; css=&#8221;.vc_custom_1670880808603{margin-bottom: 0px !important;padding-top: 50px !important;padding-right: 45px !important;padding-bottom: 35px !important;padding-left: 45px !important;background-color: #008ed6 !important;}&#8221; el_class=&#8221;radius-right icon-box&#8221;][vc_empty_space height=&#8221;25px&#8221;][vc_custom_heading text=&#8221;Reception (K\u00ednder 2) se basa, a grandes rasgos, en poder adaptar y jugar con el curr\u00edculum para cubrir las siete \u00e1reas de aprendizaje. \u00c9stas se dividen en tres \u00c1reas Primarias:&#8221; font_container=&#8221;tag:h4|text_align:left|color:%23ffffff&#8221; use_theme_fonts=&#8221;yes&#8221;][vc_custom_heading text=&#8221;\u25cf Personal, Social and Emocional \u25cf Comunicaci\u00f3n y Lenguaje \u25cf Desarrollo F\u00edsico&#8221; font_container=&#8221;tag:h6|text_align:left|color:%23ffffff&#8221; use_theme_fonts=&#8221;yes&#8221; css=&#8221;.vc_custom_1670880636902{margin-left: 30px !important;}&#8221;][\/vc_column][vc_column width=&#8221;1\/3&#8243; css=&#8221;.vc_custom_1670880869014{margin-bottom: 0px !important;padding-left: 80px !important;background-color: #2acc4d !important;}&#8221; el_class=&#8221;radius-right icon-box&#8221;][vc_empty_space height=&#8221;25px&#8221;][vc_custom_heading text=&#8221;Y en cuatro \u00c1reas Espec\u00edficas:&#8221; font_container=&#8221;tag:h4|text_align:left|color:%23ffffff&#8221; use_theme_fonts=&#8221;yes&#8221;][vc_custom_heading text=&#8221;\u25cf Literatura \u25cf Matem\u00e1ticas \u25cf Comprensi\u00f3n del Mundo \u25cf Expresi\u00f3n Art\u00edstica y Dise\u00f1o&#8221; font_container=&#8221;tag:h6|text_align:left|color:%23ffffff&#8221; use_theme_fonts=&#8221;yes&#8221; css=&#8221;.vc_custom_1670880747833{margin-left: 30px !important;}&#8221;][\/vc_column][\/vc_row][vc_row][vc_column][vc_custom_heading text=&#8221;Los ni\u00f1os tienen una variedad de experiencias de aprendizaje para desarrollar su conocimiento y comprensi\u00f3n de las siete \u00e1reas de aprendizaje, incluyendo el trabajo con toda la clase, trabajo en grupos peque\u00f1os, y el aprendizaje individualizado. Los intereses actuales de los peque\u00f1os se observan, registran y se relacionan con los objetivos de aprendizaje de Reception (Kinder 2).&#8221; font_container=&#8221;tag:p|text_align:left|color:%23595667&#8243; use_theme_fonts=&#8221;yes&#8221;][vc_empty_space height=&#8221;25px&#8221;][vc_separator][vc_empty_space][\/vc_column][\/vc_row][vc_row full_width=&#8221;stretch_row&#8221; gap=&#8221;35&#8243; css=&#8221;.vc_custom_1670881029636{margin-top: 30px !important;padding-top: 44px !important;padding-bottom: 40px !important;background-color: #f8f8f8 !important;}&#8221;][vc_column width=&#8221;1\/2&#8243;][vc_single_image image=&#8221;983&#8243; img_size=&#8221;510&#215;365&#8243;][\/vc_column][vc_column width=&#8221;1\/2&#8243; css=&#8221;.vc_custom_1526555490996{margin-top: -6px !important;}&#8221;][vc_empty_space height=&#8221;40px&#8221;][vc_custom_heading text=&#8221;Literatura y Fon\u00e9tica&#8221; font_container=&#8221;tag:h2|font_size:29px|text_align:center|color:%23002ca8|line_height:33px&#8221; use_theme_fonts=&#8221;yes&#8221; css=&#8221;.vc_custom_1670881101116{margin-bottom: 20px !important;}&#8221;][vc_custom_heading text=&#8221;Desde Reception (K\u00ednder 2) se les ense\u00f1a a nuestros alumnos a leer, utilizando un enfoque fon\u00e9tico. Los talleres para padres, se llevan a cabo durante todo el a\u00f1o escolar, para presentar nuestra aproximaci\u00f3n a la ense\u00f1anza de la lectura y tambi\u00e9n para que los padres puedan ayudar a sus hijos en esta \u00e1rea clave. M\u00e1s adelante en el curso, los ni\u00f1os podr\u00e1n llevar a casa libros de acuerdo a su nivel, dentro de nuestro programa de lectura, para desarrollar estrategias de lectura y de comprensi\u00f3n.&#8221; font_container=&#8221;tag:h3|font_size:18px|text_align:justify|color:%236d6d6d|line_height:26px&#8221; use_theme_fonts=&#8221;yes&#8221; css=&#8221;.vc_custom_1670881302533{margin-bottom: 13px !important;}&#8221;][\/vc_column][\/vc_row][vc_row disable_element=&#8221;yes&#8221;][vc_column][vc_empty_space][vc_separator][vc_empty_space][\/vc_column][\/vc_row]<\/p>\n<\/div>","protected":false},"excerpt":{"rendered":"<p>[vc_row full_width=&#8221;stretch_row&#8221; css=&#8221;.vc_custom_1529069661603{margin-bottom: 0px !important;padding-bottom: 0px !important;background-color: #ffffff !important;}&#8221;][vc_column css=&#8221;.vc_custom_1529069723255{margin-bottom: 0px !important;padding-top: 0px !important;}&#8221;][vc_custom_heading text=&#8221;Reception (Kinder 2)&#8221; font_container=&#8221;tag:h1|text_align:center|color:%23002ca8&#8243; use_theme_fonts=&#8221;yes&#8221; css=&#8221;.vc_custom_1670879784319{margin-bottom: 20px !important;padding-bottom: 0px !important;}&#8221;][vc_empty_space height=&#8221;30px&#8221;][vc_custom_heading text=&#8221;En Reception (K\u00ednder 2), los ni\u00f1os viven en un ambiente positivo e interactivo para convertirse en aprendices \u00a1activos y felices!&nbsp;<a href=\"https:\/\/edron.edu.mx\/es\/edron-kinder\/reception-kinder-2\/\">&hellip;<\/a><\/p>\n","protected":false},"author":3,"featured_media":0,"parent":19932,"menu_order":0,"comment_status":"closed","ping_status":"closed","template":"template-fullwidth.php","meta":{"nf_dc_page":"","footnotes":""},"class_list":["post-20563","page","type-page","status-publish","hentry","odd"],"yoast_head":"<!-- This site is optimized with the Yoast SEO plugin v27.4 - https:\/\/yoast.com\/product\/yoast-seo-wordpress\/ -->\n<title>Reception (Kinder 2) - The Edron Academy (El Colegio Brit\u00e1nico, A.C.)<\/title>\n<meta name=\"robots\" content=\"index, follow, max-snippet:-1, max-image-preview:large, max-video-preview:-1\" \/>\n<link rel=\"canonical\" href=\"https:\/\/edron.edu.mx\/es\/edron-kinder\/reception-kinder-2\/\" \/>\n<meta property=\"og:locale\" content=\"es_ES\" \/>\n<meta property=\"og:type\" content=\"article\" \/>\n<meta property=\"og:title\" content=\"Reception (Kinder 2) - The Edron Academy (El Colegio Brit\u00e1nico, A.C.)\" \/>\n<meta property=\"og:description\" content=\"[vc_row full_width=&#8221;stretch_row&#8221; css=&#8221;.vc_custom_1529069661603{margin-bottom: 0px !important;padding-bottom: 0px !important;background-color: #ffffff !important;}&#8221;][vc_column css=&#8221;.vc_custom_1529069723255{margin-bottom: 0px !important;padding-top: 0px !important;}&#8221;][vc_custom_heading text=&#8221;Reception (Kinder 2)&#8221; font_container=&#8221;tag:h1|text_align:center|color:%23002ca8&#8243; use_theme_fonts=&#8221;yes&#8221; css=&#8221;.vc_custom_1670879784319{margin-bottom: 20px !important;padding-bottom: 0px !important;}&#8221;][vc_empty_space height=&#8221;30px&#8221;][vc_custom_heading text=&#8221;En Reception (K\u00ednder 2), los ni\u00f1os viven en un ambiente positivo e interactivo para convertirse en aprendices \u00a1activos y felices!&nbsp;&hellip;\" \/>\n<meta property=\"og:url\" content=\"https:\/\/edron.edu.mx\/es\/edron-kinder\/reception-kinder-2\/\" \/>\n<meta property=\"og:site_name\" content=\"The Edron Academy (El Colegio Brit\u00e1nico, A.C.)\" \/>\n<meta property=\"article:publisher\" content=\"https:\/\/www.facebook.com\/TheEdronAcademy\/\" \/>\n<meta property=\"article:modified_time\" content=\"2024-08-20T00:42:08+00:00\" \/>\n<meta name=\"twitter:card\" content=\"summary_large_image\" \/>\n<meta name=\"twitter:site\" content=\"@TheEdronAcademy\" \/>\n<meta name=\"twitter:label1\" content=\"Tiempo de lectura\" \/>\n\t<meta name=\"twitter:data1\" content=\"5 minutos\" \/>\n<script type=\"application\/ld+json\" class=\"yoast-schema-graph\">{\"@context\":\"https:\\\/\\\/schema.org\",\"@graph\":[{\"@type\":\"WebPage\",\"@id\":\"https:\\\/\\\/edron.edu.mx\\\/es\\\/edron-kinder\\\/reception-kinder-2\\\/\",\"url\":\"https:\\\/\\\/edron.edu.mx\\\/es\\\/edron-kinder\\\/reception-kinder-2\\\/\",\"name\":\"Reception (Kinder 2) - The Edron Academy (El Colegio Brit\u00e1nico, A.C.)\",\"isPartOf\":{\"@id\":\"https:\\\/\\\/edron.edu.mx\\\/es\\\/#website\"},\"datePublished\":\"2022-12-12T21:40:08+00:00\",\"dateModified\":\"2024-08-20T00:42:08+00:00\",\"breadcrumb\":{\"@id\":\"https:\\\/\\\/edron.edu.mx\\\/es\\\/edron-kinder\\\/reception-kinder-2\\\/#breadcrumb\"},\"inLanguage\":\"es\",\"potentialAction\":[{\"@type\":\"ReadAction\",\"target\":[\"https:\\\/\\\/edron.edu.mx\\\/es\\\/edron-kinder\\\/reception-kinder-2\\\/\"]}]},{\"@type\":\"BreadcrumbList\",\"@id\":\"https:\\\/\\\/edron.edu.mx\\\/es\\\/edron-kinder\\\/reception-kinder-2\\\/#breadcrumb\",\"itemListElement\":[{\"@type\":\"ListItem\",\"position\":1,\"name\":\"Home\",\"item\":\"https:\\\/\\\/edron.edu.mx\\\/es\\\/\"},{\"@type\":\"ListItem\",\"position\":2,\"name\":\"Kinder Edron\",\"item\":\"https:\\\/\\\/edron.edu.mx\\\/es\\\/edron-kinder\\\/\"},{\"@type\":\"ListItem\",\"position\":3,\"name\":\"Reception (Kinder 2)\"}]},{\"@type\":\"WebSite\",\"@id\":\"https:\\\/\\\/edron.edu.mx\\\/es\\\/#website\",\"url\":\"https:\\\/\\\/edron.edu.mx\\\/es\\\/\",\"name\":\"The Edron Academy (El Colegio Brit\u00e1nico, A.C.)\",\"description\":\"\",\"publisher\":{\"@id\":\"https:\\\/\\\/edron.edu.mx\\\/es\\\/#organization\"},\"potentialAction\":[{\"@type\":\"SearchAction\",\"target\":{\"@type\":\"EntryPoint\",\"urlTemplate\":\"https:\\\/\\\/edron.edu.mx\\\/es\\\/?s={search_term_string}\"},\"query-input\":{\"@type\":\"PropertyValueSpecification\",\"valueRequired\":true,\"valueName\":\"search_term_string\"}}],\"inLanguage\":\"es\"},{\"@type\":\"Organization\",\"@id\":\"https:\\\/\\\/edron.edu.mx\\\/es\\\/#organization\",\"name\":\"The Edron Academy (El Colegio Brit\u00e1nico, A.C.)\",\"url\":\"https:\\\/\\\/edron.edu.mx\\\/es\\\/\",\"logo\":{\"@type\":\"ImageObject\",\"inLanguage\":\"es\",\"@id\":\"https:\\\/\\\/edron.edu.mx\\\/es\\\/#\\\/schema\\\/logo\\\/image\\\/\",\"url\":\"https:\\\/\\\/i0.wp.com\\\/edron.edu.mx\\\/wp-content\\\/uploads\\\/2024\\\/10\\\/The-Edron-Academy.png?fit=418%2C168&ssl=1\",\"contentUrl\":\"https:\\\/\\\/i0.wp.com\\\/edron.edu.mx\\\/wp-content\\\/uploads\\\/2024\\\/10\\\/The-Edron-Academy.png?fit=418%2C168&ssl=1\",\"width\":418,\"height\":168,\"caption\":\"The Edron Academy (El Colegio Brit\u00e1nico, A.C.)\"},\"image\":{\"@id\":\"https:\\\/\\\/edron.edu.mx\\\/es\\\/#\\\/schema\\\/logo\\\/image\\\/\"},\"sameAs\":[\"https:\\\/\\\/www.facebook.com\\\/TheEdronAcademy\\\/\",\"https:\\\/\\\/x.com\\\/TheEdronAcademy\",\"https:\\\/\\\/www.instagram.com\\\/theedronacademy\\\/?hl=es\",\"https:\\\/\\\/www.youtube.com\\\/channel\\\/UCt_qlcLg2lJFtcTy0Vx7LxA\"]}]}<\/script>\n<!-- \/ Yoast SEO plugin. -->","yoast_head_json":{"title":"Reception (Kinder 2) - The Edron Academy (El Colegio Brit\u00e1nico, A.C.)","robots":{"index":"index","follow":"follow","max-snippet":"max-snippet:-1","max-image-preview":"max-image-preview:large","max-video-preview":"max-video-preview:-1"},"canonical":"https:\/\/edron.edu.mx\/es\/edron-kinder\/reception-kinder-2\/","og_locale":"es_ES","og_type":"article","og_title":"Reception (Kinder 2) - The Edron Academy (El Colegio Brit\u00e1nico, A.C.)","og_description":"[vc_row full_width=&#8221;stretch_row&#8221; css=&#8221;.vc_custom_1529069661603{margin-bottom: 0px !important;padding-bottom: 0px !important;background-color: #ffffff !important;}&#8221;][vc_column css=&#8221;.vc_custom_1529069723255{margin-bottom: 0px !important;padding-top: 0px !important;}&#8221;][vc_custom_heading text=&#8221;Reception (Kinder 2)&#8221; font_container=&#8221;tag:h1|text_align:center|color:%23002ca8&#8243; use_theme_fonts=&#8221;yes&#8221; css=&#8221;.vc_custom_1670879784319{margin-bottom: 20px !important;padding-bottom: 0px !important;}&#8221;][vc_empty_space height=&#8221;30px&#8221;][vc_custom_heading text=&#8221;En Reception (K\u00ednder 2), los ni\u00f1os viven en un ambiente positivo e interactivo para convertirse en aprendices \u00a1activos y felices!&nbsp;&hellip;","og_url":"https:\/\/edron.edu.mx\/es\/edron-kinder\/reception-kinder-2\/","og_site_name":"The Edron Academy (El Colegio Brit\u00e1nico, A.C.)","article_publisher":"https:\/\/www.facebook.com\/TheEdronAcademy\/","article_modified_time":"2024-08-20T00:42:08+00:00","twitter_card":"summary_large_image","twitter_site":"@TheEdronAcademy","twitter_misc":{"Tiempo de lectura":"5 minutos"},"schema":{"@context":"https:\/\/schema.org","@graph":[{"@type":"WebPage","@id":"https:\/\/edron.edu.mx\/es\/edron-kinder\/reception-kinder-2\/","url":"https:\/\/edron.edu.mx\/es\/edron-kinder\/reception-kinder-2\/","name":"Reception (Kinder 2) - The Edron Academy (El Colegio Brit\u00e1nico, A.C.)","isPartOf":{"@id":"https:\/\/edron.edu.mx\/es\/#website"},"datePublished":"2022-12-12T21:40:08+00:00","dateModified":"2024-08-20T00:42:08+00:00","breadcrumb":{"@id":"https:\/\/edron.edu.mx\/es\/edron-kinder\/reception-kinder-2\/#breadcrumb"},"inLanguage":"es","potentialAction":[{"@type":"ReadAction","target":["https:\/\/edron.edu.mx\/es\/edron-kinder\/reception-kinder-2\/"]}]},{"@type":"BreadcrumbList","@id":"https:\/\/edron.edu.mx\/es\/edron-kinder\/reception-kinder-2\/#breadcrumb","itemListElement":[{"@type":"ListItem","position":1,"name":"Home","item":"https:\/\/edron.edu.mx\/es\/"},{"@type":"ListItem","position":2,"name":"Kinder Edron","item":"https:\/\/edron.edu.mx\/es\/edron-kinder\/"},{"@type":"ListItem","position":3,"name":"Reception (Kinder 2)"}]},{"@type":"WebSite","@id":"https:\/\/edron.edu.mx\/es\/#website","url":"https:\/\/edron.edu.mx\/es\/","name":"The Edron Academy (El Colegio Brit\u00e1nico, A.C.)","description":"","publisher":{"@id":"https:\/\/edron.edu.mx\/es\/#organization"},"potentialAction":[{"@type":"SearchAction","target":{"@type":"EntryPoint","urlTemplate":"https:\/\/edron.edu.mx\/es\/?s={search_term_string}"},"query-input":{"@type":"PropertyValueSpecification","valueRequired":true,"valueName":"search_term_string"}}],"inLanguage":"es"},{"@type":"Organization","@id":"https:\/\/edron.edu.mx\/es\/#organization","name":"The Edron Academy (El Colegio Brit\u00e1nico, A.C.)","url":"https:\/\/edron.edu.mx\/es\/","logo":{"@type":"ImageObject","inLanguage":"es","@id":"https:\/\/edron.edu.mx\/es\/#\/schema\/logo\/image\/","url":"https:\/\/i0.wp.com\/edron.edu.mx\/wp-content\/uploads\/2024\/10\/The-Edron-Academy.png?fit=418%2C168&ssl=1","contentUrl":"https:\/\/i0.wp.com\/edron.edu.mx\/wp-content\/uploads\/2024\/10\/The-Edron-Academy.png?fit=418%2C168&ssl=1","width":418,"height":168,"caption":"The Edron Academy (El Colegio Brit\u00e1nico, A.C.)"},"image":{"@id":"https:\/\/edron.edu.mx\/es\/#\/schema\/logo\/image\/"},"sameAs":["https:\/\/www.facebook.com\/TheEdronAcademy\/","https:\/\/x.com\/TheEdronAcademy","https:\/\/www.instagram.com\/theedronacademy\/?hl=es","https:\/\/www.youtube.com\/channel\/UCt_qlcLg2lJFtcTy0Vx7LxA"]}]}},"jetpack_sharing_enabled":true,"_links":{"self":[{"href":"https:\/\/edron.edu.mx\/es\/wp-json\/wp\/v2\/pages\/20563","targetHints":{"allow":["GET"]}}],"collection":[{"href":"https:\/\/edron.edu.mx\/es\/wp-json\/wp\/v2\/pages"}],"about":[{"href":"https:\/\/edron.edu.mx\/es\/wp-json\/wp\/v2\/types\/page"}],"author":[{"embeddable":true,"href":"https:\/\/edron.edu.mx\/es\/wp-json\/wp\/v2\/users\/3"}],"replies":[{"embeddable":true,"href":"https:\/\/edron.edu.mx\/es\/wp-json\/wp\/v2\/comments?post=20563"}],"version-history":[{"count":1,"href":"https:\/\/edron.edu.mx\/es\/wp-json\/wp\/v2\/pages\/20563\/revisions"}],"predecessor-version":[{"id":20564,"href":"https:\/\/edron.edu.mx\/es\/wp-json\/wp\/v2\/pages\/20563\/revisions\/20564"}],"up":[{"embeddable":true,"href":"https:\/\/edron.edu.mx\/es\/wp-json\/wp\/v2\/pages\/19932"}],"wp:attachment":[{"href":"https:\/\/edron.edu.mx\/es\/wp-json\/wp\/v2\/media?parent=20563"}],"curies":[{"name":"wp","href":"https:\/\/api.w.org\/{rel}","templated":true}]}}