{"id":21895,"date":"2024-08-08T01:56:55","date_gmt":"2024-08-08T01:56:55","guid":{"rendered":"https:\/\/edron.edu.mx\/biblioteca-edron\/"},"modified":"2024-08-19T20:48:59","modified_gmt":"2024-08-19T20:48:59","slug":"biblioteca-edron","status":"publish","type":"page","link":"https:\/\/edron.edu.mx\/es\/biblioteca-edron\/","title":{"rendered":"Biblioteca Edron"},"content":{"rendered":"<div class=\"wpb-content-wrapper\"><p>[vc_row][vc_column css=&#8221;.vc_custom_1490017810346{margin-bottom: 0px !important;}&#8221;][vc_custom_heading text=&#8221;En la Biblioteca Edron, los libros son s\u00f3lo el principio, \u00a1tu imaginaci\u00f3n lo es todo!&#8221; font_container=&#8221;tag:h3|text_align:center&#8221; use_theme_fonts=&#8221;yes&#8221; css=&#8221;.vc_custom_1723083587718{margin-top: 0px !important;margin-bottom: 20px !important;}&#8221;][vc_empty_space][\/vc_column][\/vc_row][vc_row][vc_column width=&#8221;1\/6&#8243; css=&#8221;.vc_custom_1490017810346{margin-bottom: 0px !important;}&#8221;][\/vc_column][vc_column width=&#8221;2\/3&#8243;][vc_video link=&#8221;https:\/\/youtu.be\/_W3brcUu7dI?si=B6GCneXKy4L9Oti0&#8243; align=&#8221;center&#8221;][vc_empty_space][\/vc_column][vc_column width=&#8221;1\/6&#8243;][\/vc_column][\/vc_row][vc_row css=&#8221;.vc_custom_1723084572783{margin-right: 25px !important;margin-bottom: 15px !important;margin-left: 30px !important;}&#8221;][vc_column width=&#8221;1\/2&#8243; css=&#8221;.vc_custom_1723084615667{padding-top: 20px !important;padding-right: 30px !important;}&#8221;][vc_custom_heading text=&#8221;Historia&#8221; font_container=&#8221;tag:h4|text_align:left&#8221; use_theme_fonts=&#8221;yes&#8221; css=&#8221;.vc_custom_1723081399264{margin-top: 0px !important;margin-bottom: 20px !important;}&#8221;][vc_column_text css=&#8221;.vc_custom_1724089011546{padding-left: 15px !important;}&#8221;]<\/p>\n<p style=\"text-align: justify;\">La Biblioteca Edron alberga una colecci\u00f3n de m\u00e1s de 20.000 libros en ingl\u00e9s y en espa\u00f1ol, en sus bibliotecas de Kinder, Primaria y Secundaria. Tambi\u00e9n proporciona suscripciones a bases de datos en l\u00ednea, peri\u00f3dicos y revistas, y ofrece el uso de material y equipos audiovisuales, y ordenadores con acceso a Intranet e Internet.<\/p>\n<p class=\"p1\"><div class='yrm-content yrm-content-2 yrm-content-hide  ' id='yrm-WPxXh' data-id='2' data-show-status='false' data-after-action='' style=\"visibility: hidden;height: 0;\">\n\t\t\t<div id='yrm-inner-content-yrm-WPxXh' class='yrm-inner-content-wrapper yrm-cntent-2'><\/p>\n<p style=\"text-align: justify;\">Todo el material se actualiza regularmente para apoyar el plan de estudios acad\u00e9mico y atender las necesidades recreativas de sus usuarios. La biblioteca de Kinder est\u00e1 situada en el recinto de Kinder, mientras que las bibliotecas de Secundaria y Bachillerato se encuentran en el edificio principal de la escuela, divididas por una puerta de cristal.<\/p>\n<p style=\"text-align: justify;\">La Biblioteca cuenta con dos profesores-bibliotecarios (uno en Kinder y otro en la escuela principal), un auxiliar de biblioteca y un t\u00e9cnico de biblioteca, que est\u00e1n disponibles en todo momento para ayudar a los alumnos. La Biblioteca est\u00e1 abierta de lunes a viernes, de 7.30 a 14.40 h.<\/p>\n<p class=\"p1\"><\/div>\n\t\t<\/div><div class='yrm-btn-wrapper yrm-inline-wrapper yrm-btn-wrapper-2  yrm-more-button-wrapper '><span title='' data-less-title='' data-more-title=''  class='yrm-toggle-expand  yrm-toggle-expand-2' data-rel='yrm-WPxXh' data-more='Read more' data-less='Read less' style='border: none; width: 100%;'><span class=\"yrm-button-text-2 yrm-button-text-span\">Read more<\/span><\/span><\/div>\n<p>[\/vc_column_text][\/vc_column][vc_column width=&#8221;1\/2&#8243;][vc_single_image image=&#8221;21492&#8243; img_size=&#8221;full&#8221; alignment=&#8221;center&#8221; css_animation=&#8221;fadeIn&#8221;][\/vc_column][\/vc_row][vc_row][vc_column width=&#8221;1\/2&#8243;][vc_custom_heading text=&#8221;Filosof\u00eda y misi\u00f3n&#8221; font_container=&#8221;tag:h4|text_align:left&#8221; use_theme_fonts=&#8221;yes&#8221; css=&#8221;.vc_custom_1723083571321{margin-top: 0px !important;margin-bottom: 20px !important;}&#8221;][vc_column_text css=&#8221;.vc_custom_1724090248065{padding-left: 15px !important;}&#8221;]<\/p>\n<p class=\"zfr3Q CDt4Ke \" dir=\"ltr\" style=\"text-align: justify;\"><span class=\"C9DxTc \">La <\/span><span class=\"C9DxTc \">Filosof\u00eda de la biblioteca<\/span><span class=\"C9DxTc \"> de The Edron Academy se desarrolla a partir de la filosof\u00eda general de la escuela. Los principios suscritos por la escuela conforman el programa y los servicios de nuestra Biblioteca. <\/span><\/p>\n<p class=\"p1\"><div class='yrm-content yrm-content-2 yrm-content-hide  ' id='yrm-YneAw' data-id='2' data-show-status='false' data-after-action='' style=\"visibility: hidden;height: 0;\">\n\t\t\t<div id='yrm-inner-content-yrm-YneAw' class='yrm-inner-content-wrapper yrm-cntent-2'><\/p>\n<p class=\"zfr3Q CDt4Ke \" dir=\"ltr\" style=\"text-align: justify;\"><span class=\"C9DxTc \">La Biblioteca Edron es un entorno educativo y cultural en el que las personas est\u00e1n expuestas a ideas mediante el uso de recursos impresos y no impresos en muchos diferentes formatos. La Biblioteca fomenta el desarrollo de habilidades de aprendizaje permanente y el amor por la lectura en sus alumnos. Tambi\u00e9n proporciona a los profesores materiales did\u00e1cticos y recursos profesionales. <\/span><\/p>\n<p class=\"zfr3Q CDt4Ke \" dir=\"ltr\" style=\"text-align: justify;\"><span class=\"C9DxTc \">El programa y los servicios evolucionan directamente a partir de los requisitos del programa educativo del Edron. La Biblioteca ofrece una serie de recursos para apoyar y mejorar esos requisitos, as\u00ed como para proporcionar su propio programa de ense\u00f1anza de la apreciaci\u00f3n literaria y las habilidades informativas.<\/span><\/p>\n<p class=\"p1\"><\/div>\n\t\t<\/div><div class='yrm-btn-wrapper yrm-inline-wrapper yrm-btn-wrapper-2  yrm-more-button-wrapper '><span title='' data-less-title='' data-more-title=''  class='yrm-toggle-expand  yrm-toggle-expand-2' data-rel='yrm-YneAw' data-more='Read more' data-less='Read less' style='border: none; width: 100%;'><span class=\"yrm-button-text-2 yrm-button-text-span\">Read more<\/span><\/span><\/div>\n<p>[\/vc_column_text][\/vc_column][vc_column width=&#8221;1\/2&#8243;][vc_single_image image=&#8221;21947&#8243; img_size=&#8221;large&#8221; alignment=&#8221;center&#8221;][\/vc_column][\/vc_row][vc_row][vc_column][vc_empty_space height=&#8221;92px&#8221;][vc_btn title=&#8221;Plataforma de la Biblioteca Edron&#8221; color=&#8221;primary&#8221; size=&#8221;lg&#8221; align=&#8221;center&#8221; link=&#8221;url:https%3A%2F%2Fedron.follettdestiny.com%2Fcommon%2Fwelcome.jsp%3Fcontext%3Dsaas804_8501150|target:_blank&#8221;][\/vc_column][\/vc_row][vc_column width=&#8221;1\/2&#8243; css=&#8221;.vc_custom_1490170268641{margin-bottom: 0px !important;}&#8221;][vc_empty_space height=&#8221;72px&#8221;][\/vc_column][vc_column width=&#8221;1\/2&#8243; css=&#8221;.vc_custom_1490170268641{margin-bottom: 0px !important;}&#8221;][\/vc_column]<\/p>\n<\/div>","protected":false},"excerpt":{"rendered":"<p>[vc_row][vc_column css=&#8221;.vc_custom_1490017810346{margin-bottom: 0px !important;}&#8221;][vc_custom_heading text=&#8221;En la Biblioteca Edron, los libros son s\u00f3lo el principio, \u00a1tu imaginaci\u00f3n lo es todo!&#8221; font_container=&#8221;tag:h3|text_align:center&#8221; use_theme_fonts=&#8221;yes&#8221; css=&#8221;.vc_custom_1723083587718{margin-top: 0px !important;margin-bottom: 20px !important;}&#8221;][vc_empty_space][\/vc_column][\/vc_row][vc_row][vc_column width=&#8221;1\/6&#8243; css=&#8221;.vc_custom_1490017810346{margin-bottom: 0px !important;}&#8221;][\/vc_column][vc_column width=&#8221;2\/3&#8243;][vc_video link=&#8221;https:\/\/youtu.be\/_W3brcUu7dI?si=B6GCneXKy4L9Oti0&#8243; align=&#8221;center&#8221;][vc_empty_space][\/vc_column][vc_column width=&#8221;1\/6&#8243;][\/vc_column][\/vc_row][vc_row css=&#8221;.vc_custom_1723084572783{margin-right: 25px !important;margin-bottom: 15px !important;margin-left: 30px !important;}&#8221;][vc_column width=&#8221;1\/2&#8243; css=&#8221;.vc_custom_1723084615667{padding-top: 20px !important;padding-right:&nbsp;<a href=\"https:\/\/edron.edu.mx\/es\/biblioteca-edron\/\">&hellip;<\/a><\/p>\n","protected":false},"author":3,"featured_media":0,"parent":21541,"menu_order":7,"comment_status":"closed","ping_status":"closed","template":"template-sidebar-right-childpages.php","meta":{"nf_dc_page":"","footnotes":""},"class_list":["post-21895","page","type-page","status-publish","hentry","odd"],"yoast_head":"<!-- This site is optimized with the Yoast SEO plugin v27.4 - https:\/\/yoast.com\/product\/yoast-seo-wordpress\/ -->\n<title>Biblioteca Edron - The Edron Academy (El Colegio Brit\u00e1nico, A.C.)<\/title>\n<meta name=\"robots\" content=\"index, follow, max-snippet:-1, max-image-preview:large, max-video-preview:-1\" \/>\n<link rel=\"canonical\" href=\"https:\/\/edron.edu.mx\/es\/biblioteca-edron\/\" \/>\n<meta property=\"og:locale\" content=\"es_ES\" \/>\n<meta property=\"og:type\" content=\"article\" \/>\n<meta property=\"og:title\" content=\"Biblioteca Edron - The Edron Academy (El Colegio Brit\u00e1nico, A.C.)\" \/>\n<meta property=\"og:description\" content=\"[vc_row][vc_column css=&#8221;.vc_custom_1490017810346{margin-bottom: 0px !important;}&#8221;][vc_custom_heading text=&#8221;En la Biblioteca Edron, los libros son s\u00f3lo el principio, \u00a1tu imaginaci\u00f3n lo es todo!&#8221; font_container=&#8221;tag:h3|text_align:center&#8221; use_theme_fonts=&#8221;yes&#8221; css=&#8221;.vc_custom_1723083587718{margin-top: 0px !important;margin-bottom: 20px !important;}&#8221;][vc_empty_space][\/vc_column][\/vc_row][vc_row][vc_column width=&#8221;1\/6&#8243; css=&#8221;.vc_custom_1490017810346{margin-bottom: 0px !important;}&#8221;][\/vc_column][vc_column width=&#8221;2\/3&#8243;][vc_video link=&#8221;https:\/\/youtu.be\/_W3brcUu7dI?si=B6GCneXKy4L9Oti0&#8243; align=&#8221;center&#8221;][vc_empty_space][\/vc_column][vc_column width=&#8221;1\/6&#8243;][\/vc_column][\/vc_row][vc_row css=&#8221;.vc_custom_1723084572783{margin-right: 25px !important;margin-bottom: 15px !important;margin-left: 30px !important;}&#8221;][vc_column width=&#8221;1\/2&#8243; css=&#8221;.vc_custom_1723084615667{padding-top: 20px !important;padding-right:&nbsp;&hellip;\" \/>\n<meta property=\"og:url\" content=\"https:\/\/edron.edu.mx\/es\/biblioteca-edron\/\" \/>\n<meta property=\"og:site_name\" content=\"The Edron Academy (El Colegio Brit\u00e1nico, A.C.)\" \/>\n<meta property=\"article:publisher\" content=\"https:\/\/www.facebook.com\/TheEdronAcademy\/\" \/>\n<meta property=\"article:modified_time\" content=\"2024-08-19T20:48:59+00:00\" \/>\n<meta name=\"twitter:card\" content=\"summary_large_image\" \/>\n<meta name=\"twitter:site\" content=\"@TheEdronAcademy\" \/>\n<meta name=\"twitter:label1\" content=\"Tiempo de lectura\" \/>\n\t<meta name=\"twitter:data1\" content=\"2 minutos\" \/>\n<script type=\"application\/ld+json\" class=\"yoast-schema-graph\">{\"@context\":\"https:\\\/\\\/schema.org\",\"@graph\":[{\"@type\":\"WebPage\",\"@id\":\"https:\\\/\\\/edron.edu.mx\\\/es\\\/biblioteca-edron\\\/\",\"url\":\"https:\\\/\\\/edron.edu.mx\\\/es\\\/biblioteca-edron\\\/\",\"name\":\"Biblioteca Edron - The Edron Academy (El Colegio Brit\u00e1nico, A.C.)\",\"isPartOf\":{\"@id\":\"https:\\\/\\\/edron.edu.mx\\\/es\\\/#website\"},\"datePublished\":\"2024-08-08T01:56:55+00:00\",\"dateModified\":\"2024-08-19T20:48:59+00:00\",\"breadcrumb\":{\"@id\":\"https:\\\/\\\/edron.edu.mx\\\/es\\\/biblioteca-edron\\\/#breadcrumb\"},\"inLanguage\":\"es\",\"potentialAction\":[{\"@type\":\"ReadAction\",\"target\":[\"https:\\\/\\\/edron.edu.mx\\\/es\\\/biblioteca-edron\\\/\"]}]},{\"@type\":\"BreadcrumbList\",\"@id\":\"https:\\\/\\\/edron.edu.mx\\\/es\\\/biblioteca-edron\\\/#breadcrumb\",\"itemListElement\":[{\"@type\":\"ListItem\",\"position\":1,\"name\":\"Home\",\"item\":\"https:\\\/\\\/edron.edu.mx\\\/es\\\/\"},{\"@type\":\"ListItem\",\"position\":2,\"name\":\"Comunidad\",\"item\":\"https:\\\/\\\/edron.edu.mx\\\/es\\\/?page_id=21541\"},{\"@type\":\"ListItem\",\"position\":3,\"name\":\"Biblioteca Edron\"}]},{\"@type\":\"WebSite\",\"@id\":\"https:\\\/\\\/edron.edu.mx\\\/es\\\/#website\",\"url\":\"https:\\\/\\\/edron.edu.mx\\\/es\\\/\",\"name\":\"The Edron Academy (El Colegio Brit\u00e1nico, A.C.)\",\"description\":\"\",\"publisher\":{\"@id\":\"https:\\\/\\\/edron.edu.mx\\\/es\\\/#organization\"},\"potentialAction\":[{\"@type\":\"SearchAction\",\"target\":{\"@type\":\"EntryPoint\",\"urlTemplate\":\"https:\\\/\\\/edron.edu.mx\\\/es\\\/?s={search_term_string}\"},\"query-input\":{\"@type\":\"PropertyValueSpecification\",\"valueRequired\":true,\"valueName\":\"search_term_string\"}}],\"inLanguage\":\"es\"},{\"@type\":\"Organization\",\"@id\":\"https:\\\/\\\/edron.edu.mx\\\/es\\\/#organization\",\"name\":\"The Edron Academy (El Colegio Brit\u00e1nico, A.C.)\",\"url\":\"https:\\\/\\\/edron.edu.mx\\\/es\\\/\",\"logo\":{\"@type\":\"ImageObject\",\"inLanguage\":\"es\",\"@id\":\"https:\\\/\\\/edron.edu.mx\\\/es\\\/#\\\/schema\\\/logo\\\/image\\\/\",\"url\":\"https:\\\/\\\/i0.wp.com\\\/edron.edu.mx\\\/wp-content\\\/uploads\\\/2024\\\/10\\\/The-Edron-Academy.png?fit=418%2C168&ssl=1\",\"contentUrl\":\"https:\\\/\\\/i0.wp.com\\\/edron.edu.mx\\\/wp-content\\\/uploads\\\/2024\\\/10\\\/The-Edron-Academy.png?fit=418%2C168&ssl=1\",\"width\":418,\"height\":168,\"caption\":\"The Edron Academy (El Colegio Brit\u00e1nico, A.C.)\"},\"image\":{\"@id\":\"https:\\\/\\\/edron.edu.mx\\\/es\\\/#\\\/schema\\\/logo\\\/image\\\/\"},\"sameAs\":[\"https:\\\/\\\/www.facebook.com\\\/TheEdronAcademy\\\/\",\"https:\\\/\\\/x.com\\\/TheEdronAcademy\",\"https:\\\/\\\/www.instagram.com\\\/theedronacademy\\\/?hl=es\",\"https:\\\/\\\/www.youtube.com\\\/channel\\\/UCt_qlcLg2lJFtcTy0Vx7LxA\"]}]}<\/script>\n<!-- \/ Yoast SEO plugin. -->","yoast_head_json":{"title":"Biblioteca Edron - The Edron Academy (El Colegio Brit\u00e1nico, A.C.)","robots":{"index":"index","follow":"follow","max-snippet":"max-snippet:-1","max-image-preview":"max-image-preview:large","max-video-preview":"max-video-preview:-1"},"canonical":"https:\/\/edron.edu.mx\/es\/biblioteca-edron\/","og_locale":"es_ES","og_type":"article","og_title":"Biblioteca Edron - The Edron Academy (El Colegio Brit\u00e1nico, A.C.)","og_description":"[vc_row][vc_column css=&#8221;.vc_custom_1490017810346{margin-bottom: 0px !important;}&#8221;][vc_custom_heading text=&#8221;En la Biblioteca Edron, los libros son s\u00f3lo el principio, \u00a1tu imaginaci\u00f3n lo es todo!&#8221; font_container=&#8221;tag:h3|text_align:center&#8221; use_theme_fonts=&#8221;yes&#8221; css=&#8221;.vc_custom_1723083587718{margin-top: 0px !important;margin-bottom: 20px !important;}&#8221;][vc_empty_space][\/vc_column][\/vc_row][vc_row][vc_column width=&#8221;1\/6&#8243; css=&#8221;.vc_custom_1490017810346{margin-bottom: 0px !important;}&#8221;][\/vc_column][vc_column width=&#8221;2\/3&#8243;][vc_video link=&#8221;https:\/\/youtu.be\/_W3brcUu7dI?si=B6GCneXKy4L9Oti0&#8243; align=&#8221;center&#8221;][vc_empty_space][\/vc_column][vc_column width=&#8221;1\/6&#8243;][\/vc_column][\/vc_row][vc_row css=&#8221;.vc_custom_1723084572783{margin-right: 25px !important;margin-bottom: 15px !important;margin-left: 30px !important;}&#8221;][vc_column width=&#8221;1\/2&#8243; css=&#8221;.vc_custom_1723084615667{padding-top: 20px !important;padding-right:&nbsp;&hellip;","og_url":"https:\/\/edron.edu.mx\/es\/biblioteca-edron\/","og_site_name":"The Edron Academy (El Colegio Brit\u00e1nico, A.C.)","article_publisher":"https:\/\/www.facebook.com\/TheEdronAcademy\/","article_modified_time":"2024-08-19T20:48:59+00:00","twitter_card":"summary_large_image","twitter_site":"@TheEdronAcademy","twitter_misc":{"Tiempo de lectura":"2 minutos"},"schema":{"@context":"https:\/\/schema.org","@graph":[{"@type":"WebPage","@id":"https:\/\/edron.edu.mx\/es\/biblioteca-edron\/","url":"https:\/\/edron.edu.mx\/es\/biblioteca-edron\/","name":"Biblioteca Edron - The Edron Academy (El Colegio Brit\u00e1nico, A.C.)","isPartOf":{"@id":"https:\/\/edron.edu.mx\/es\/#website"},"datePublished":"2024-08-08T01:56:55+00:00","dateModified":"2024-08-19T20:48:59+00:00","breadcrumb":{"@id":"https:\/\/edron.edu.mx\/es\/biblioteca-edron\/#breadcrumb"},"inLanguage":"es","potentialAction":[{"@type":"ReadAction","target":["https:\/\/edron.edu.mx\/es\/biblioteca-edron\/"]}]},{"@type":"BreadcrumbList","@id":"https:\/\/edron.edu.mx\/es\/biblioteca-edron\/#breadcrumb","itemListElement":[{"@type":"ListItem","position":1,"name":"Home","item":"https:\/\/edron.edu.mx\/es\/"},{"@type":"ListItem","position":2,"name":"Comunidad","item":"https:\/\/edron.edu.mx\/es\/?page_id=21541"},{"@type":"ListItem","position":3,"name":"Biblioteca Edron"}]},{"@type":"WebSite","@id":"https:\/\/edron.edu.mx\/es\/#website","url":"https:\/\/edron.edu.mx\/es\/","name":"The Edron Academy (El Colegio Brit\u00e1nico, A.C.)","description":"","publisher":{"@id":"https:\/\/edron.edu.mx\/es\/#organization"},"potentialAction":[{"@type":"SearchAction","target":{"@type":"EntryPoint","urlTemplate":"https:\/\/edron.edu.mx\/es\/?s={search_term_string}"},"query-input":{"@type":"PropertyValueSpecification","valueRequired":true,"valueName":"search_term_string"}}],"inLanguage":"es"},{"@type":"Organization","@id":"https:\/\/edron.edu.mx\/es\/#organization","name":"The Edron Academy (El Colegio Brit\u00e1nico, A.C.)","url":"https:\/\/edron.edu.mx\/es\/","logo":{"@type":"ImageObject","inLanguage":"es","@id":"https:\/\/edron.edu.mx\/es\/#\/schema\/logo\/image\/","url":"https:\/\/i0.wp.com\/edron.edu.mx\/wp-content\/uploads\/2024\/10\/The-Edron-Academy.png?fit=418%2C168&ssl=1","contentUrl":"https:\/\/i0.wp.com\/edron.edu.mx\/wp-content\/uploads\/2024\/10\/The-Edron-Academy.png?fit=418%2C168&ssl=1","width":418,"height":168,"caption":"The Edron Academy (El Colegio Brit\u00e1nico, A.C.)"},"image":{"@id":"https:\/\/edron.edu.mx\/es\/#\/schema\/logo\/image\/"},"sameAs":["https:\/\/www.facebook.com\/TheEdronAcademy\/","https:\/\/x.com\/TheEdronAcademy","https:\/\/www.instagram.com\/theedronacademy\/?hl=es","https:\/\/www.youtube.com\/channel\/UCt_qlcLg2lJFtcTy0Vx7LxA"]}]}},"jetpack_sharing_enabled":true,"_links":{"self":[{"href":"https:\/\/edron.edu.mx\/es\/wp-json\/wp\/v2\/pages\/21895","targetHints":{"allow":["GET"]}}],"collection":[{"href":"https:\/\/edron.edu.mx\/es\/wp-json\/wp\/v2\/pages"}],"about":[{"href":"https:\/\/edron.edu.mx\/es\/wp-json\/wp\/v2\/types\/page"}],"author":[{"embeddable":true,"href":"https:\/\/edron.edu.mx\/es\/wp-json\/wp\/v2\/users\/3"}],"replies":[{"embeddable":true,"href":"https:\/\/edron.edu.mx\/es\/wp-json\/wp\/v2\/comments?post=21895"}],"version-history":[{"count":1,"href":"https:\/\/edron.edu.mx\/es\/wp-json\/wp\/v2\/pages\/21895\/revisions"}],"predecessor-version":[{"id":21951,"href":"https:\/\/edron.edu.mx\/es\/wp-json\/wp\/v2\/pages\/21895\/revisions\/21951"}],"up":[{"embeddable":true,"href":"https:\/\/edron.edu.mx\/es\/wp-json\/wp\/v2\/pages\/21541"}],"wp:attachment":[{"href":"https:\/\/edron.edu.mx\/es\/wp-json\/wp\/v2\/media?parent=21895"}],"curies":[{"name":"wp","href":"https:\/\/api.w.org\/{rel}","templated":true}]}}