{"id":21896,"date":"2024-08-07T21:48:06","date_gmt":"2024-08-07T21:48:06","guid":{"rendered":"https:\/\/edron.edu.mx\/edron\/"},"modified":"2024-08-20T03:42:22","modified_gmt":"2024-08-20T03:42:22","slug":"edron","status":"publish","type":"page","link":"https:\/\/edron.edu.mx\/es\/edron\/","title":{"rendered":"Edron +"},"content":{"rendered":"<div class=\"wpb-content-wrapper\"><p>[vc_row css=&#8221;.vc_custom_1487250199380{margin-bottom: 35px !important;}&#8221;][vc_column css=&#8221;.vc_custom_1490018662966{margin-bottom: 0px !important;}&#8221;][vc_custom_heading text=&#8221;Actividades de Edron Plus&#8221; font_container=&#8221;tag:h1|text_align:center|color:%23002ca8&#8243; use_theme_fonts=&#8221;yes&#8221; css=&#8221;.vc_custom_1723060871873{margin-top: 0px !important;margin-bottom: 20px !important;}&#8221;][vc_custom_heading text=&#8221;Aprender m\u00e1s all\u00e1 del aula&#8221; font_container=&#8221;tag:h4|text_align:center|color:%230a0a0a&#8221; use_theme_fonts=&#8221;yes&#8221;][vc_empty_space][\/vc_column][\/vc_row][vc_row][vc_column width=&#8221;1\/2&#8243; css=&#8221;.vc_custom_1459847629856{margin-bottom: 0px !important;}&#8221;][vc_custom_heading text=&#8221;Programa de actividades extracurriculares&#8221; font_container=&#8221;tag:h4|text_align:left&#8221; use_theme_fonts=&#8221;yes&#8221; link=&#8221;url:%23||&#8221; css=&#8221;.vc_custom_1723066076660{margin-top: 0px !important;}&#8221;][vc_column_text css=&#8221;.vc_custom_1723061682653{padding-right: 20px !important;}&#8221;]<\/p>\n<p style=\"text-align: justify;\"><span class=\"KB0Tx C9DxTc \">Entre la escuela y el tiempo libre, ofrecemos actividades extraescolares. Nuestras clases y programas permiten a los ni\u00f1os y adolescentes perseguir un inter\u00e9s especial que est\u00e1 fuera del t\u00edpico curr\u00edculo educativo, incluyendo <\/span><span class=\"KB0Tx C9DxTc \">deportes, artes, clubes de intereses especiales y tecnolog\u00eda<\/span><span class=\"KB0Tx C9DxTc \">.<\/span><\/p>\n<p>[\/vc_column_text][\/vc_column][vc_column width=&#8221;1\/2&#8243;][vc_single_image image=&#8221;21089&#8243; img_size=&#8221;full&#8221; css_animation=&#8221;fadeIn&#8221;][\/vc_column][\/vc_row][vc_row][vc_column width=&#8221;1\/2&#8243; css=&#8221;.vc_custom_1459847672941{margin-bottom: 0px !important;}&#8221;][vc_column_text css=&#8221;.vc_custom_1723061740337{padding-right: 20px !important;}&#8221;]<\/p>\n<p class=\"zfr3Q CDt4Ke \" dir=\"ltr\" style=\"text-align: justify;\"><span class=\"jgG6ef C9DxTc \">Hemos creado un programa de actividades extraescolares dirigido a alumnos de Prenursery, Nursery, Reception, Year 1, Primaria y Secundaria.<\/span><\/p>\n<p class=\"zfr3Q CDt4Ke \" dir=\"ltr\" style=\"text-align: justify;\"><span class=\"jgG6ef C9DxTc \">Nuestro programa de actividades extraescolares ofrece una amplia variedad de opciones teniendo en cuenta la edad y las capacidades de los alumnos. De este modo, tienen la oportunidad de seguir aprendiendo mientras se divierten con sus compa\u00f1eros despu\u00e9s de clase. <\/span><\/p>\n<p>[\/vc_column_text][\/vc_column][vc_column width=&#8221;1\/2&#8243; css=&#8221;.vc_custom_1490170360438{margin-bottom: 0px !important;}&#8221;][vc_single_image image=&#8221;21090&#8243; img_size=&#8221;full&#8221; css_animation=&#8221;fadeIn&#8221;][\/vc_column][\/vc_row][vc_row css=&#8221;.vc_custom_1459427754259{padding-top: 20px !important;}&#8221;][vc_column width=&#8221;1\/2&#8243; css=&#8221;.vc_custom_1490170363831{margin-bottom: 0px !important;}&#8221;][vc_custom_heading text=&#8221;Programa de horario extendido para kinder.&#8221; font_container=&#8221;tag:h3|text_align:left&#8221; use_theme_fonts=&#8221;yes&#8221; link=&#8221;url:%23||&#8221; css=&#8221;.vc_custom_1723075628762{margin-top: 0px !important;}&#8221;][vc_empty_space height=&#8221;40px&#8221;][vc_single_image image=&#8221;21095&#8243; img_size=&#8221;medium&#8221;][\/vc_column][vc_column width=&#8221;1\/2&#8243;][vc_empty_space height=&#8221;60px&#8221;][vc_custom_heading text=&#8221;Kiddie club cuenta con una variedad de actividades que complementan el aprendizaje de los ni\u00f1os. Creamos un entorno enriquecedor y afectuoso en el que nuestros peque\u00f1os pueden explorar y aprender con confianza.&#8221; font_container=&#8221;tag:p|text_align:justify|line_height:25px&#8221; use_theme_fonts=&#8221;yes&#8221; css=&#8221;.vc_custom_1723066962655{margin-top: -6px !important;padding-top: 0px !important;}&#8221;][\/vc_column][\/vc_row][vc_row][vc_column][vc_empty_space][vc_custom_heading text=&#8221;Calendario&#8221; font_container=&#8221;tag:h3|text_align:center|color:%23002ca8&#8243; use_theme_fonts=&#8221;yes&#8221;][vc_empty_space height=&#8221;15px&#8221;][\/vc_column][\/vc_row][vc_row css=&#8221;.vc_custom_1459427754259{padding-top: 20px !important;}&#8221;][vc_column width=&#8221;1\/3&#8243; css=&#8221;.vc_custom_1490170363831{margin-bottom: 0px !important;}&#8221;]<div class=\"align-center\"><a href=\"https:\/\/edron.edu.mx\/edron-plus\/edronplus-kinder\/\" class=\"wh-button  scp_theme_button-da1dfe0d6713371a1b0f4b7d27f9cd03\" title=\"Edron + Kinder\">Edron+ Kinder<\/a><\/div>[\/vc_column][vc_column width=&#8221;1\/3&#8243;]<div class=\"align-center\"><a href=\"https:\/\/edron.edu.mx\/edron-plus\/edronplus-primary\/\" class=\"wh-button  scp_theme_button-4c3ced92ccf5d27234b77fde87915af4\" title=\"Edron + Primary\">Edron+ Primaria<\/a><\/div>[\/vc_column][vc_column width=&#8221;1\/3&#8243;]<div class=\"align-center\"><a href=\"https:\/\/edron.edu.mx\/edron-plus\/edronplus-secondary\/\" class=\"wh-button  scp_theme_button-5eec655b820004b45c56cf9396cdfcda\" title=\"Edron + Secondary\">Edron+ Secundaria<\/a><\/div>[\/vc_column][\/vc_row][vc_row][vc_column][vc_empty_space height=&#8221;70px&#8221;][vc_custom_heading text=&#8221;Para el formulario de admisi\u00f3n, el formulario para darse de baja, el informe de ausencia o el ticket de asistencia tendr\u00e1s que iniciar sesi\u00f3n con tu cuenta de Edron Gmail de padre o estudiante.&#8221; font_container=&#8221;tag:h6|text_align:justify|line_height:25px&#8221; use_theme_fonts=&#8221;yes&#8221; css=&#8221;.vc_custom_1723068315074{margin-top: -6px !important;padding-top: 0px !important;}&#8221;][vc_btn title=&#8221;Iniciar sesi\u00f3n&#8221; color=&#8221;warning&#8221; size=&#8221;lg&#8221; align=&#8221;center&#8221; link=&#8221;url:https%3A%2F%2Fsites.google.com%2Fedron.edu.mx%2Fedronplus24%2Fedron&#8221;][\/vc_column][\/vc_row][vc_row disable_element=&#8221;yes&#8221; css=&#8221;.vc_custom_1723067246998{margin-bottom: 35px !important;}&#8221;][vc_column width=&#8221;1\/3&#8243;]\n\t\t\t\t\t<div class=\"wh-theme-icon vc_custom_1486996662509  scp_theme_icon-96580b9a64dbb12137a2cd0035cc6501\">\n\t\t\t\t<i class=\"icon-edbook1\"><\/i>\n\t\t\t<\/div>\n\t\t\t\t[vc_custom_heading text=&#8221;Plan and details&#8221; font_container=&#8221;tag:h5|text_align:left|color:%23000000&#8243; use_theme_fonts=&#8221;yes&#8221; css=&#8221;.vc_custom_1487772686306{margin-bottom: 10px !important;padding-left: 75px !important;}&#8221;][vc_custom_heading text=&#8221;Outdoor learning and tending to our school garden is a big part of our day.&#8221; font_container=&#8221;tag:p|text_align:left|color:%23aeafaf&#8221; use_theme_fonts=&#8221;yes&#8221; css=&#8221;.vc_custom_1487772701472{padding-left: 75px !important;}&#8221;][\/vc_column][vc_column width=&#8221;1\/3&#8243;]\n\t\t\t\t\t<div class=\"wh-theme-icon vc_custom_1486996674798  scp_theme_icon-5ff5c6087ce7024c68caf8bf43f2361b\">\n\t\t\t\t<i class=\"icon-edtime\"><\/i>\n\t\t\t<\/div>\n\t\t\t\t[vc_custom_heading text=&#8221;Plan and details&#8221; font_container=&#8221;tag:h5|text_align:left|color:%23000000&#8243; use_theme_fonts=&#8221;yes&#8221; css=&#8221;.vc_custom_1487772686306{margin-bottom: 10px !important;padding-left: 75px !important;}&#8221;][vc_custom_heading text=&#8221;Outdoor learning and tending to our school garden is a big part of our day.&#8221; font_container=&#8221;tag:p|text_align:left|color:%23aeafaf&#8221; use_theme_fonts=&#8221;yes&#8221; css=&#8221;.vc_custom_1487772701472{padding-left: 75px !important;}&#8221;][\/vc_column][vc_column width=&#8221;1\/3&#8243; css=&#8221;.vc_custom_1491471615057{margin-bottom: 0px !important;}&#8221;]\n\t\t\t\t\t<div class=\"wh-theme-icon vc_custom_1486996681901  scp_theme_icon-a714c2ff84d3975c4a06704c5de0b214\">\n\t\t\t\t<i class=\"icon-edflask\"><\/i>\n\t\t\t<\/div>\n\t\t\t\t[vc_custom_heading text=&#8221;Plan and details&#8221; font_container=&#8221;tag:h5|text_align:left|color:%23000000&#8243; use_theme_fonts=&#8221;yes&#8221; css=&#8221;.vc_custom_1487772686306{margin-bottom: 10px !important;padding-left: 75px !important;}&#8221;][vc_custom_heading text=&#8221;Outdoor learning and tending to our school garden is a big part of our day.&#8221; font_container=&#8221;tag:p|text_align:left|color:%23aeafaf&#8221; use_theme_fonts=&#8221;yes&#8221; css=&#8221;.vc_custom_1487772701472{padding-left: 75px !important;}&#8221;][\/vc_column][\/vc_row][vc_row css=&#8221;.vc_custom_1459427754259{padding-top: 20px !important;}&#8221;][vc_column css=&#8221;.vc_custom_1490170363831{margin-bottom: 0px !important;}&#8221;][vc_separator border_width=&#8221;4&#8243;][\/vc_column][\/vc_row]<\/p>\n<\/div>","protected":false},"excerpt":{"rendered":"<p>[vc_row css=&#8221;.vc_custom_1487250199380{margin-bottom: 35px !important;}&#8221;][vc_column css=&#8221;.vc_custom_1490018662966{margin-bottom: 0px !important;}&#8221;][vc_custom_heading text=&#8221;Actividades de Edron Plus&#8221; font_container=&#8221;tag:h1|text_align:center|color:%23002ca8&#8243; use_theme_fonts=&#8221;yes&#8221; css=&#8221;.vc_custom_1723060871873{margin-top: 0px !important;margin-bottom: 20px !important;}&#8221;][vc_custom_heading text=&#8221;Aprender m\u00e1s all\u00e1 del aula&#8221; font_container=&#8221;tag:h4|text_align:center|color:%230a0a0a&#8221; use_theme_fonts=&#8221;yes&#8221;][vc_empty_space][\/vc_column][\/vc_row][vc_row][vc_column width=&#8221;1\/2&#8243; css=&#8221;.vc_custom_1459847629856{margin-bottom: 0px !important;}&#8221;][vc_custom_heading text=&#8221;Programa de actividades extracurriculares&#8221; font_container=&#8221;tag:h4|text_align:left&#8221; use_theme_fonts=&#8221;yes&#8221; link=&#8221;url:%23||&#8221; css=&#8221;.vc_custom_1723066076660{margin-top: 0px !important;}&#8221;][vc_column_text css=&#8221;.vc_custom_1723061682653{padding-right: 20px !important;}&#8221;] Entre la escuela&nbsp;<a href=\"https:\/\/edron.edu.mx\/es\/edron\/\">&hellip;<\/a><\/p>\n","protected":false},"author":3,"featured_media":0,"parent":0,"menu_order":1,"comment_status":"closed","ping_status":"closed","template":"template-sidebar-right-childpages.php","meta":{"nf_dc_page":"","footnotes":""},"class_list":["post-21896","page","type-page","status-publish","hentry","odd"],"yoast_head":"<!-- This site is optimized with the Yoast SEO plugin v27.4 - https:\/\/yoast.com\/product\/yoast-seo-wordpress\/ -->\n<title>Edron + - The Edron Academy (El Colegio Brit\u00e1nico, A.C.)<\/title>\n<meta name=\"robots\" content=\"index, follow, max-snippet:-1, max-image-preview:large, max-video-preview:-1\" \/>\n<link rel=\"canonical\" href=\"https:\/\/edron.edu.mx\/es\/edron\/\" \/>\n<meta property=\"og:locale\" content=\"es_ES\" \/>\n<meta property=\"og:type\" content=\"article\" \/>\n<meta property=\"og:title\" content=\"Edron + - The Edron Academy (El Colegio Brit\u00e1nico, A.C.)\" \/>\n<meta property=\"og:description\" content=\"[vc_row css=&#8221;.vc_custom_1487250199380{margin-bottom: 35px !important;}&#8221;][vc_column css=&#8221;.vc_custom_1490018662966{margin-bottom: 0px !important;}&#8221;][vc_custom_heading text=&#8221;Actividades de Edron Plus&#8221; font_container=&#8221;tag:h1|text_align:center|color:%23002ca8&#8243; use_theme_fonts=&#8221;yes&#8221; css=&#8221;.vc_custom_1723060871873{margin-top: 0px !important;margin-bottom: 20px !important;}&#8221;][vc_custom_heading text=&#8221;Aprender m\u00e1s all\u00e1 del aula&#8221; font_container=&#8221;tag:h4|text_align:center|color:%230a0a0a&#8221; use_theme_fonts=&#8221;yes&#8221;][vc_empty_space][\/vc_column][\/vc_row][vc_row][vc_column width=&#8221;1\/2&#8243; css=&#8221;.vc_custom_1459847629856{margin-bottom: 0px !important;}&#8221;][vc_custom_heading text=&#8221;Programa de actividades extracurriculares&#8221; font_container=&#8221;tag:h4|text_align:left&#8221; use_theme_fonts=&#8221;yes&#8221; link=&#8221;url:%23||&#8221; css=&#8221;.vc_custom_1723066076660{margin-top: 0px !important;}&#8221;][vc_column_text css=&#8221;.vc_custom_1723061682653{padding-right: 20px !important;}&#8221;] Entre la escuela&nbsp;&hellip;\" \/>\n<meta property=\"og:url\" content=\"https:\/\/edron.edu.mx\/es\/edron\/\" \/>\n<meta property=\"og:site_name\" content=\"The Edron Academy (El Colegio Brit\u00e1nico, A.C.)\" \/>\n<meta property=\"article:publisher\" content=\"https:\/\/www.facebook.com\/TheEdronAcademy\/\" \/>\n<meta property=\"article:modified_time\" content=\"2024-08-20T03:42:22+00:00\" \/>\n<meta name=\"twitter:card\" content=\"summary_large_image\" \/>\n<meta name=\"twitter:site\" content=\"@TheEdronAcademy\" \/>\n<meta name=\"twitter:label1\" content=\"Tiempo de lectura\" \/>\n\t<meta name=\"twitter:data1\" content=\"3 minutos\" \/>\n<script type=\"application\/ld+json\" class=\"yoast-schema-graph\">{\"@context\":\"https:\\\/\\\/schema.org\",\"@graph\":[{\"@type\":\"WebPage\",\"@id\":\"https:\\\/\\\/edron.edu.mx\\\/es\\\/edron\\\/\",\"url\":\"https:\\\/\\\/edron.edu.mx\\\/es\\\/edron\\\/\",\"name\":\"Edron + - The Edron Academy (El Colegio Brit\u00e1nico, A.C.)\",\"isPartOf\":{\"@id\":\"https:\\\/\\\/edron.edu.mx\\\/es\\\/#website\"},\"datePublished\":\"2024-08-07T21:48:06+00:00\",\"dateModified\":\"2024-08-20T03:42:22+00:00\",\"breadcrumb\":{\"@id\":\"https:\\\/\\\/edron.edu.mx\\\/es\\\/edron\\\/#breadcrumb\"},\"inLanguage\":\"es\",\"potentialAction\":[{\"@type\":\"ReadAction\",\"target\":[\"https:\\\/\\\/edron.edu.mx\\\/es\\\/edron\\\/\"]}]},{\"@type\":\"BreadcrumbList\",\"@id\":\"https:\\\/\\\/edron.edu.mx\\\/es\\\/edron\\\/#breadcrumb\",\"itemListElement\":[{\"@type\":\"ListItem\",\"position\":1,\"name\":\"Home\",\"item\":\"https:\\\/\\\/edron.edu.mx\\\/es\\\/\"},{\"@type\":\"ListItem\",\"position\":2,\"name\":\"Edron +\"}]},{\"@type\":\"WebSite\",\"@id\":\"https:\\\/\\\/edron.edu.mx\\\/es\\\/#website\",\"url\":\"https:\\\/\\\/edron.edu.mx\\\/es\\\/\",\"name\":\"The Edron Academy (El Colegio Brit\u00e1nico, A.C.)\",\"description\":\"\",\"publisher\":{\"@id\":\"https:\\\/\\\/edron.edu.mx\\\/es\\\/#organization\"},\"potentialAction\":[{\"@type\":\"SearchAction\",\"target\":{\"@type\":\"EntryPoint\",\"urlTemplate\":\"https:\\\/\\\/edron.edu.mx\\\/es\\\/?s={search_term_string}\"},\"query-input\":{\"@type\":\"PropertyValueSpecification\",\"valueRequired\":true,\"valueName\":\"search_term_string\"}}],\"inLanguage\":\"es\"},{\"@type\":\"Organization\",\"@id\":\"https:\\\/\\\/edron.edu.mx\\\/es\\\/#organization\",\"name\":\"The Edron Academy (El Colegio Brit\u00e1nico, A.C.)\",\"url\":\"https:\\\/\\\/edron.edu.mx\\\/es\\\/\",\"logo\":{\"@type\":\"ImageObject\",\"inLanguage\":\"es\",\"@id\":\"https:\\\/\\\/edron.edu.mx\\\/es\\\/#\\\/schema\\\/logo\\\/image\\\/\",\"url\":\"https:\\\/\\\/i0.wp.com\\\/edron.edu.mx\\\/wp-content\\\/uploads\\\/2024\\\/10\\\/The-Edron-Academy.png?fit=418%2C168&ssl=1\",\"contentUrl\":\"https:\\\/\\\/i0.wp.com\\\/edron.edu.mx\\\/wp-content\\\/uploads\\\/2024\\\/10\\\/The-Edron-Academy.png?fit=418%2C168&ssl=1\",\"width\":418,\"height\":168,\"caption\":\"The Edron Academy (El Colegio Brit\u00e1nico, A.C.)\"},\"image\":{\"@id\":\"https:\\\/\\\/edron.edu.mx\\\/es\\\/#\\\/schema\\\/logo\\\/image\\\/\"},\"sameAs\":[\"https:\\\/\\\/www.facebook.com\\\/TheEdronAcademy\\\/\",\"https:\\\/\\\/x.com\\\/TheEdronAcademy\",\"https:\\\/\\\/www.instagram.com\\\/theedronacademy\\\/?hl=es\",\"https:\\\/\\\/www.youtube.com\\\/channel\\\/UCt_qlcLg2lJFtcTy0Vx7LxA\"]}]}<\/script>\n<!-- \/ Yoast SEO plugin. -->","yoast_head_json":{"title":"Edron + - The Edron Academy (El Colegio Brit\u00e1nico, A.C.)","robots":{"index":"index","follow":"follow","max-snippet":"max-snippet:-1","max-image-preview":"max-image-preview:large","max-video-preview":"max-video-preview:-1"},"canonical":"https:\/\/edron.edu.mx\/es\/edron\/","og_locale":"es_ES","og_type":"article","og_title":"Edron + - The Edron Academy (El Colegio Brit\u00e1nico, A.C.)","og_description":"[vc_row css=&#8221;.vc_custom_1487250199380{margin-bottom: 35px !important;}&#8221;][vc_column css=&#8221;.vc_custom_1490018662966{margin-bottom: 0px !important;}&#8221;][vc_custom_heading text=&#8221;Actividades de Edron Plus&#8221; font_container=&#8221;tag:h1|text_align:center|color:%23002ca8&#8243; use_theme_fonts=&#8221;yes&#8221; css=&#8221;.vc_custom_1723060871873{margin-top: 0px !important;margin-bottom: 20px !important;}&#8221;][vc_custom_heading text=&#8221;Aprender m\u00e1s all\u00e1 del aula&#8221; font_container=&#8221;tag:h4|text_align:center|color:%230a0a0a&#8221; use_theme_fonts=&#8221;yes&#8221;][vc_empty_space][\/vc_column][\/vc_row][vc_row][vc_column width=&#8221;1\/2&#8243; css=&#8221;.vc_custom_1459847629856{margin-bottom: 0px !important;}&#8221;][vc_custom_heading text=&#8221;Programa de actividades extracurriculares&#8221; font_container=&#8221;tag:h4|text_align:left&#8221; use_theme_fonts=&#8221;yes&#8221; link=&#8221;url:%23||&#8221; css=&#8221;.vc_custom_1723066076660{margin-top: 0px !important;}&#8221;][vc_column_text css=&#8221;.vc_custom_1723061682653{padding-right: 20px !important;}&#8221;] Entre la escuela&nbsp;&hellip;","og_url":"https:\/\/edron.edu.mx\/es\/edron\/","og_site_name":"The Edron Academy (El Colegio Brit\u00e1nico, A.C.)","article_publisher":"https:\/\/www.facebook.com\/TheEdronAcademy\/","article_modified_time":"2024-08-20T03:42:22+00:00","twitter_card":"summary_large_image","twitter_site":"@TheEdronAcademy","twitter_misc":{"Tiempo de lectura":"3 minutos"},"schema":{"@context":"https:\/\/schema.org","@graph":[{"@type":"WebPage","@id":"https:\/\/edron.edu.mx\/es\/edron\/","url":"https:\/\/edron.edu.mx\/es\/edron\/","name":"Edron + - The Edron Academy (El Colegio Brit\u00e1nico, A.C.)","isPartOf":{"@id":"https:\/\/edron.edu.mx\/es\/#website"},"datePublished":"2024-08-07T21:48:06+00:00","dateModified":"2024-08-20T03:42:22+00:00","breadcrumb":{"@id":"https:\/\/edron.edu.mx\/es\/edron\/#breadcrumb"},"inLanguage":"es","potentialAction":[{"@type":"ReadAction","target":["https:\/\/edron.edu.mx\/es\/edron\/"]}]},{"@type":"BreadcrumbList","@id":"https:\/\/edron.edu.mx\/es\/edron\/#breadcrumb","itemListElement":[{"@type":"ListItem","position":1,"name":"Home","item":"https:\/\/edron.edu.mx\/es\/"},{"@type":"ListItem","position":2,"name":"Edron +"}]},{"@type":"WebSite","@id":"https:\/\/edron.edu.mx\/es\/#website","url":"https:\/\/edron.edu.mx\/es\/","name":"The Edron Academy (El Colegio Brit\u00e1nico, A.C.)","description":"","publisher":{"@id":"https:\/\/edron.edu.mx\/es\/#organization"},"potentialAction":[{"@type":"SearchAction","target":{"@type":"EntryPoint","urlTemplate":"https:\/\/edron.edu.mx\/es\/?s={search_term_string}"},"query-input":{"@type":"PropertyValueSpecification","valueRequired":true,"valueName":"search_term_string"}}],"inLanguage":"es"},{"@type":"Organization","@id":"https:\/\/edron.edu.mx\/es\/#organization","name":"The Edron Academy (El Colegio Brit\u00e1nico, A.C.)","url":"https:\/\/edron.edu.mx\/es\/","logo":{"@type":"ImageObject","inLanguage":"es","@id":"https:\/\/edron.edu.mx\/es\/#\/schema\/logo\/image\/","url":"https:\/\/i0.wp.com\/edron.edu.mx\/wp-content\/uploads\/2024\/10\/The-Edron-Academy.png?fit=418%2C168&ssl=1","contentUrl":"https:\/\/i0.wp.com\/edron.edu.mx\/wp-content\/uploads\/2024\/10\/The-Edron-Academy.png?fit=418%2C168&ssl=1","width":418,"height":168,"caption":"The Edron Academy (El Colegio Brit\u00e1nico, A.C.)"},"image":{"@id":"https:\/\/edron.edu.mx\/es\/#\/schema\/logo\/image\/"},"sameAs":["https:\/\/www.facebook.com\/TheEdronAcademy\/","https:\/\/x.com\/TheEdronAcademy","https:\/\/www.instagram.com\/theedronacademy\/?hl=es","https:\/\/www.youtube.com\/channel\/UCt_qlcLg2lJFtcTy0Vx7LxA"]}]}},"jetpack_sharing_enabled":true,"_links":{"self":[{"href":"https:\/\/edron.edu.mx\/es\/wp-json\/wp\/v2\/pages\/21896","targetHints":{"allow":["GET"]}}],"collection":[{"href":"https:\/\/edron.edu.mx\/es\/wp-json\/wp\/v2\/pages"}],"about":[{"href":"https:\/\/edron.edu.mx\/es\/wp-json\/wp\/v2\/types\/page"}],"author":[{"embeddable":true,"href":"https:\/\/edron.edu.mx\/es\/wp-json\/wp\/v2\/users\/3"}],"replies":[{"embeddable":true,"href":"https:\/\/edron.edu.mx\/es\/wp-json\/wp\/v2\/comments?post=21896"}],"version-history":[{"count":3,"href":"https:\/\/edron.edu.mx\/es\/wp-json\/wp\/v2\/pages\/21896\/revisions"}],"predecessor-version":[{"id":21955,"href":"https:\/\/edron.edu.mx\/es\/wp-json\/wp\/v2\/pages\/21896\/revisions\/21955"}],"wp:attachment":[{"href":"https:\/\/edron.edu.mx\/es\/wp-json\/wp\/v2\/media?parent=21896"}],"curies":[{"name":"wp","href":"https:\/\/api.w.org\/{rel}","templated":true}]}}